{"id":1313,"date":"2025-05-23T10:04:06","date_gmt":"2025-05-23T10:04:06","guid":{"rendered":"https:\/\/baltixsport.com\/kupsiste-poliitika\/"},"modified":"2025-06-04T10:33:29","modified_gmt":"2025-06-04T10:33:29","slug":"kupsiste-poliitika","status":"publish","type":"page","link":"https:\/\/baltixsport.com\/et\/kupsiste-poliitika\/","title":{"rendered":"K\u00fcpsiste poliitika"},"content":{"rendered":"\t\t<div data-elementor-type=\"wp-page\" data-elementor-id=\"1313\" class=\"elementor elementor-1313 elementor-802\" data-elementor-post-type=\"page\">\n\t\t\t\t<div class=\"elementor-element elementor-element-38b705ac e-flex e-con-boxed e-con e-parent\" data-id=\"38b705ac\" data-element_type=\"container\" data-e-type=\"container\">\n\t\t\t\t\t<div class=\"e-con-inner\">\n\t\t<div class=\"elementor-element elementor-element-62a11ead e-flex e-con-boxed e-con e-child\" data-id=\"62a11ead\" data-element_type=\"container\" data-e-type=\"container\" data-settings=\"{&quot;background_background&quot;:&quot;classic&quot;}\">\n\t\t\t\t\t<div class=\"e-con-inner\">\n\t\t\t\t<div class=\"elementor-element elementor-element-1ef24307 elementor-widget elementor-widget-heading\" data-id=\"1ef24307\" data-element_type=\"widget\" data-e-type=\"widget\" data-widget_type=\"heading.default\">\n\t\t\t\t<div class=\"elementor-widget-container\">\n\t\t\t\t\t<h2 class=\"elementor-heading-title elementor-size-default\">K\u00fcpsiste poliitika<\/h2>\t\t\t\t<\/div>\n\t\t\t\t<\/div>\n\t\t\t\t\t<\/div>\n\t\t\t\t<\/div>\n\t\t<div class=\"elementor-element elementor-element-6c1c33e0 e-con-full e-flex e-con e-child\" data-id=\"6c1c33e0\" data-element_type=\"container\" data-e-type=\"container\">\n\t\t\t\t<div class=\"elementor-element elementor-element-49fe45c4 elementor-widget elementor-widget-text-editor\" data-id=\"49fe45c4\" data-element_type=\"widget\" data-e-type=\"widget\" data-widget_type=\"text-editor.default\">\n\t\t\t\t<div class=\"elementor-widget-container\">\n\t\t\t\t\t\t\t\t\t<p>Viimati uuendatud: mai 23, 2025<\/p>\t\t\t\t\t\t\t\t<\/div>\n\t\t\t\t<\/div>\n\t\t\t\t<div class=\"elementor-element elementor-element-2528d31f elementor-widget elementor-widget-text-editor\" data-id=\"2528d31f\" data-element_type=\"widget\" data-e-type=\"widget\" data-widget_type=\"text-editor.default\">\n\t\t\t\t<div class=\"elementor-widget-container\">\n\t\t\t\t\t\t\t\t\t<p>See k\u00fcpsiste poliitika selgitab, mis on k\u00fcpsised ja kuidas me neid kasutame. Sa peaksid seda poliitikat lugema, et m\u00f5ista, milliseid k\u00fcpsiseid me kasutame, millist teavet me k\u00fcpsiste abil kogume ja kuidas seda teavet kasutatakse. <\/p><p>Me ei salvesta kasutatavatesse k\u00fcpsistesse tundlikke isikuandmeid, nagu postiaadressid v\u00f5i paroolid. Teavet selle kohta, kuidas me isikuandmeid k\u00e4sitleme, leiate meie privaatsuspoliitikast. <\/p>\t\t\t\t\t\t\t\t<\/div>\n\t\t\t\t<\/div>\n\t\t\t\t<div class=\"elementor-element elementor-element-5e0b021e elementor-widget elementor-widget-heading\" data-id=\"5e0b021e\" data-element_type=\"widget\" data-e-type=\"widget\" data-widget_type=\"heading.default\">\n\t\t\t\t<div class=\"elementor-widget-container\">\n\t\t\t\t\t<h2 class=\"elementor-heading-title elementor-size-default\">T\u00f5lgendamine ja m\u00f5isted<\/h2>\t\t\t\t<\/div>\n\t\t\t\t<\/div>\n\t\t\t\t<div class=\"elementor-element elementor-element-139c3e3f elementor-widget elementor-widget-text-editor\" data-id=\"139c3e3f\" data-element_type=\"widget\" data-e-type=\"widget\" data-widget_type=\"text-editor.default\">\n\t\t\t\t<div class=\"elementor-widget-container\">\n\t\t\t\t\t\t\t\t\t<p>T\u00f5lgendus:<\/p>\t\t\t\t\t\t\t\t<\/div>\n\t\t\t\t<\/div>\n\t\t\t\t<div class=\"elementor-element elementor-element-53a4273 elementor-widget elementor-widget-text-editor\" data-id=\"53a4273\" data-element_type=\"widget\" data-e-type=\"widget\" data-widget_type=\"text-editor.default\">\n\t\t\t\t<div class=\"elementor-widget-container\">\n\t\t\t\t\t\t\t\t\t<p>Suurt\u00e4htedega kirjutatud m\u00f5istete t\u00e4hendus on m\u00e4\u00e4ratletud allpool.<\/p>\t\t\t\t\t\t\t\t<\/div>\n\t\t\t\t<\/div>\n\t\t\t\t<div class=\"elementor-element elementor-element-3f70053d elementor-widget elementor-widget-text-editor\" data-id=\"3f70053d\" data-element_type=\"widget\" data-e-type=\"widget\" data-widget_type=\"text-editor.default\">\n\t\t\t\t<div class=\"elementor-widget-container\">\n\t\t\t\t\t\t\t\t\t<p>M\u00e4\u00e4ratlused:<\/p>\t\t\t\t\t\t\t\t<\/div>\n\t\t\t\t<\/div>\n\t\t\t\t<div class=\"elementor-element elementor-element-4248f068 elementor-widget elementor-widget-text-editor\" data-id=\"4248f068\" data-element_type=\"widget\" data-e-type=\"widget\" data-widget_type=\"text-editor.default\">\n\t\t\t\t<div class=\"elementor-widget-container\">\n\t\t\t\t\t\t\t\t\t<ul><li aria-level=\"1\">Ettev\u00f5te (\u201eMeie\u201c, \u201eMe\u201c v\u00f5i \u201eMeie\u201c): BaltixSport, Kap\u0173 g. 50 Vilkavi\u0161kis, 70121 Vilkavi\u0161kio r. sav., Leedu.<\/li><li aria-level=\"1\">K\u00fcpsised: V\u00e4ikesed failid, mille veebileht paigutab teie seadmesse.<\/li><li aria-level=\"1\">Veebileht: BaltixSport, k\u00e4ttesaadav aadressil www.baltixsport.com<\/li><li aria-level=\"1\">Teie: Veebilehte kasutav isik v\u00f5i tema esindaja.<\/li><\/ul>\t\t\t\t\t\t\t\t<\/div>\n\t\t\t\t<\/div>\n\t\t\t\t<\/div>\n\t\t\t\t<div class=\"elementor-element elementor-element-31df0c43 elementor-widget elementor-widget-heading\" data-id=\"31df0c43\" data-element_type=\"widget\" data-e-type=\"widget\" data-widget_type=\"heading.default\">\n\t\t\t\t<div class=\"elementor-widget-container\">\n\t\t\t\t\t<h2 class=\"elementor-heading-title elementor-size-default\">K\u00fcpsiste kasutamine<\/h2>\t\t\t\t<\/div>\n\t\t\t\t<\/div>\n\t\t\t\t<div class=\"elementor-element elementor-element-1232e499 elementor-widget elementor-widget-text-editor\" data-id=\"1232e499\" data-element_type=\"widget\" data-e-type=\"widget\" data-widget_type=\"text-editor.default\">\n\t\t\t\t<div class=\"elementor-widget-container\">\n\t\t\t\t\t\t\t\t\t<p>Me kasutame k\u00fcpsiseid, et:<\/p>\t\t\t\t\t\t\t\t<\/div>\n\t\t\t\t<\/div>\n\t\t\t\t<div class=\"elementor-element elementor-element-4a20a55f elementor-widget elementor-widget-text-editor\" data-id=\"4a20a55f\" data-element_type=\"widget\" data-e-type=\"widget\" data-widget_type=\"text-editor.default\">\n\t\t\t\t<div class=\"elementor-widget-container\">\n\t\t\t\t\t\t\t\t\t<ul><li aria-level=\"1\">Anda oluline saidi funktsionaalsus<\/li><li aria-level=\"1\">M\u00e4letage kasutaja eelistusi<\/li><li aria-level=\"1\">Anal\u00fc\u00fcsida saidi liiklust ja kasutajate k\u00e4itumist (anal\u00fc\u00fctiliste vahendite abil).<\/li><li aria-level=\"1\">pakkuda sihip\u00e4rast reklaami (reklaamiplatvormide kaudu)<\/li><\/ul>\t\t\t\t\t\t\t\t<\/div>\n\t\t\t\t<\/div>\n\t\t\t\t<div class=\"elementor-element elementor-element-5a2d828e elementor-widget elementor-widget-text-editor\" data-id=\"5a2d828e\" data-element_type=\"widget\" data-e-type=\"widget\" data-widget_type=\"text-editor.default\">\n\t\t\t\t<div class=\"elementor-widget-container\">\n\t\t\t\t\t\t\t\t\t<p>Me ei luba konto loomist. K\u00f5ik kogutud andmed on m\u00f5eldud suhtlemiseks v\u00f5i teenuste osutamiseks. <\/p><p><strong>Kasutusandmed &#8211;<\/strong> h\u00f5lmavad brauseri t\u00fc\u00fcpi, k\u00fclastatud lehek\u00fclgi, IP-aadressi ja ajatemplite andmeid.<\/p><p><strong>J\u00e4litustehnoloogiad ja k\u00fcpsised &#8211;<\/strong> kasutame k\u00fcpsiseid ja sarnaseid tehnoloogiaid funktsionaalsuse, anal\u00fc\u00fcsi ja kasutajakogemuse parandamise eesm\u00e4rgil. Saate k\u00fcpsiste kasutamisest keelduda brauseri seadete kaudu. <\/p>\t\t\t\t\t\t\t\t<\/div>\n\t\t\t\t<\/div>\n\t\t\t\t<div class=\"elementor-element elementor-element-f21df88 elementor-widget elementor-widget-text-editor\" data-id=\"f21df88\" data-element_type=\"widget\" data-e-type=\"widget\" data-widget_type=\"text-editor.default\">\n\t\t\t\t<div class=\"elementor-widget-container\">\n\t\t\t\t\t\t\t\t\t<p>Meie kasutatavate k\u00fcpsiste t\u00fc\u00fcbid<\/p>\t\t\t\t\t\t\t\t<\/div>\n\t\t\t\t<\/div>\n\t\t\t\t<div class=\"elementor-element elementor-element-3dbb96a7 elementor-widget elementor-widget-text-editor\" data-id=\"3dbb96a7\" data-element_type=\"widget\" data-e-type=\"widget\" data-widget_type=\"text-editor.default\">\n\t\t\t\t<div class=\"elementor-widget-container\">\n\t\t\t\t\t\t\t\t\t<ol><li aria-level=\"1\"><b>Vajalikud k\u00fcpsised<\/b><ul><li aria-level=\"1\">T\u00fc\u00fcp: K\u00fcpsised: Seansik\u00fcpsised<\/li><li aria-level=\"1\">Eesm\u00e4rk: v\u00f5imaldada p\u00f5hifunktsioone, nagu turvalisus ja v\u00f5rguhaldus. Neid ei saa keelata. <\/li><\/ul><\/li><li aria-level=\"1\"><b>Funktsionaalsed k\u00fcpsised<\/b><ul><li aria-level=\"1\">T\u00fc\u00fcp: K\u00fcpsised: P\u00fcsivad k\u00fcpsised<\/li><li aria-level=\"1\">Eesm\u00e4rk: M\u00e4letada kasutaja seadeid, n\u00e4iteks keele-eelistusi.<\/li><\/ul><\/li><li aria-level=\"1\"><b>Anal\u00fc\u00fctikak\u00fcpsised<\/b><ul><li aria-level=\"1\">T\u00fc\u00fcp: K\u00fcpsised: P\u00fcsivad k\u00fcpsised<\/li><li aria-level=\"1\">Eesm\u00e4rk: Koguda koondandmeid veebisaidi kasutamise ja toimimise kohta. Kasutame selliseid teenuseid nagu Google Analytics. <\/li><\/ul><\/li><li aria-level=\"1\"><b>Reklaamik\u00fcpsised<\/b><ul><li aria-level=\"1\">T\u00fc\u00fcp: K\u00fcpsised: P\u00fcsivad k\u00fcpsised<\/li><li aria-level=\"1\">Eesm\u00e4rk: pakkuda isikup\u00e4rastatud reklaami, mis p\u00f5hineb sirvimisk\u00e4itumisel. V\u00f5ime kasutada selliseid platvorme nagu Facebooki reklaamid, Google Ads v\u00f5i teisi. <\/li><\/ul><\/li><\/ol>\t\t\t\t\t\t\t\t<\/div>\n\t\t\t\t<\/div>\n\t\t\t\t<div class=\"elementor-element elementor-element-f67cd3c elementor-widget elementor-widget-text-editor\" data-id=\"f67cd3c\" data-element_type=\"widget\" data-e-type=\"widget\" data-widget_type=\"text-editor.default\">\n\t\t\t\t<div class=\"elementor-widget-container\">\n\t\t\t\t\t\t\t\t\t<p>N\u00f5usolek ja kontroll<\/p>\t\t\t\t\t\t\t\t<\/div>\n\t\t\t\t<\/div>\n\t\t\t\t<div class=\"elementor-element elementor-element-1fece4cf elementor-widget elementor-widget-text-editor\" data-id=\"1fece4cf\" data-element_type=\"widget\" data-e-type=\"widget\" data-widget_type=\"text-editor.default\">\n\t\t\t\t<div class=\"elementor-widget-container\">\n\t\t\t\t\t\t\t\t\t<p>Meie veebisait kuvab esimesel k\u00fclastusel k\u00fcpsiste b\u00e4nneri, mis v\u00f5imaldab teil k\u00fcpsiste eelistusi aktsepteerida v\u00f5i kohandada. Saate igal ajal n\u00f5usoleku tagasi v\u00f5tta v\u00f5i seadeid kohandada, kasutades k\u00fcpsiste haldamise t\u00f6\u00f6riista jaluses. <\/p><p><strong>Brauseri seaded &#8211;<\/strong> K\u00fcpsiseid saab hallata ka brauseri seadete kaudu:<\/p><ul><li style=\"list-style-type: none;\"><ul><li aria-level=\"1\">Chrome: https:\/\/support.google.com\/accounts\/answer\/32050<\/li><li aria-level=\"1\">Firefox: https:\/\/support.mozilla.org\/en-US\/kb\/delete-cookies-remove-info-websites-stored<\/li><li aria-level=\"1\">Safari: https:\/\/support.apple.com\/guide\/safari\/manage-cookies-and-website-data-sfri11471\/mac<\/li><\/ul><\/li><\/ul><ul><li style=\"list-style-type: none;\"><ul><li aria-level=\"1\">Microsoft Edge: https:\/\/support.microsoft.com\/help\/4468242\/microsoft-edge-browsing-data-and-privacy<\/li><\/ul><\/li><\/ul>\t\t\t\t\t\t\t\t<\/div>\n\t\t\t\t<\/div>\n\t\t\t\t<div class=\"elementor-element elementor-element-60d8a5e elementor-widget elementor-widget-text-editor\" data-id=\"60d8a5e\" data-element_type=\"widget\" data-e-type=\"widget\" data-widget_type=\"text-editor.default\">\n\t\t\t\t<div class=\"elementor-widget-container\">\n\t\t\t\t\t\t\t\t\t<p>Lisateave<\/p>\t\t\t\t\t\t\t\t<\/div>\n\t\t\t\t<\/div>\n\t\t\t\t<div class=\"elementor-element elementor-element-8a00c72 elementor-widget elementor-widget-text-editor\" data-id=\"8a00c72\" data-element_type=\"widget\" data-e-type=\"widget\" data-widget_type=\"text-editor.default\">\n\t\t\t\t<div class=\"elementor-widget-container\">\n\t\t\t\t\t\t\t\t\t<p>Lisateavet k\u00fcpsiste kohta leiate aadressilt: https:\/\/www.allaboutcookies.org\/.<\/p>\t\t\t\t\t\t\t\t<\/div>\n\t\t\t\t<\/div>\n\t\t\t\t<div class=\"elementor-element elementor-element-38f5f23 elementor-widget elementor-widget-text-editor\" data-id=\"38f5f23\" data-element_type=\"widget\" data-e-type=\"widget\" data-widget_type=\"text-editor.default\">\n\t\t\t\t<div class=\"elementor-widget-container\">\n\t\t\t\t\t\t\t\t\t<p>V\u00f5tke meiega \u00fchendust<\/p>\t\t\t\t\t\t\t\t<\/div>\n\t\t\t\t<\/div>\n\t\t\t\t<div class=\"elementor-element elementor-element-4c2cd9f elementor-widget elementor-widget-text-editor\" data-id=\"4c2cd9f\" data-element_type=\"widget\" data-e-type=\"widget\" data-widget_type=\"text-editor.default\">\n\t\t\t\t<div class=\"elementor-widget-container\">\n\t\t\t\t\t\t\t\t\t<p>Kui teil on k\u00fcsimusi selle k\u00fcpsiste poliitika kohta, v\u00f5tke meiega \u00fchendust aadressil: becca@baltixsport.com.<\/p>\t\t\t\t\t\t\t\t<\/div>\n\t\t\t\t<\/div>\n\t\t\t\t\t<\/div>\n\t\t\t\t<\/div>\n\t\t\t\t<\/div>\n\t\t","protected":false},"excerpt":{"rendered":"<p>K\u00fcpsiste poliitika Viimati uuendatud: mai 23, 2025 See k\u00fcpsiste poliitika selgitab, mis on k\u00fcpsised ja kuidas me neid kasutame. Sa peaksid seda poliitikat lugema, et m\u00f5ista, milliseid k\u00fcpsiseid me kasutame, millist teavet me k\u00fcpsiste abil kogume ja kuidas seda teavet kasutatakse. Me ei salvesta kasutatavatesse k\u00fcpsistesse tundlikke isikuandmeid, nagu postiaadressid v\u00f5i paroolid. Teavet selle kohta, [&hellip;]<\/p>\n","protected":false},"author":2,"featured_media":0,"parent":0,"menu_order":0,"comment_status":"closed","ping_status":"closed","template":"elementor_header_footer","meta":{"footnotes":""},"class_list":["post-1313","page","type-page","status-publish","hentry"],"yoast_head":"<!-- This site is optimized with the Yoast SEO plugin v27.4 - https:\/\/yoast.com\/product\/yoast-seo-wordpress\/ -->\n<title>K\u00fcpsiste poliitika - BaltixSport<\/title>\n<meta name=\"robots\" content=\"index, follow, max-snippet:-1, max-image-preview:large, max-video-preview:-1\" \/>\n<link rel=\"canonical\" href=\"https:\/\/baltixsport.com\/et\/kupsiste-poliitika\/\" \/>\n<meta property=\"og:locale\" content=\"et_EE\" \/>\n<meta property=\"og:type\" content=\"article\" \/>\n<meta property=\"og:title\" content=\"K\u00fcpsiste poliitika - BaltixSport\" \/>\n<meta property=\"og:description\" content=\"K\u00fcpsiste poliitika Viimati uuendatud: mai 23, 2025 See k\u00fcpsiste poliitika selgitab, mis on k\u00fcpsised ja kuidas me neid kasutame. Sa peaksid seda poliitikat lugema, et m\u00f5ista, milliseid k\u00fcpsiseid me kasutame, millist teavet me k\u00fcpsiste abil kogume ja kuidas seda teavet kasutatakse. Me ei salvesta kasutatavatesse k\u00fcpsistesse tundlikke isikuandmeid, nagu postiaadressid v\u00f5i paroolid. Teavet selle kohta, [&hellip;]\" \/>\n<meta property=\"og:url\" content=\"https:\/\/baltixsport.com\/et\/kupsiste-poliitika\/\" \/>\n<meta property=\"og:site_name\" content=\"BaltixSport\" \/>\n<meta property=\"article:modified_time\" content=\"2025-06-04T10:33:29+00:00\" \/>\n<meta name=\"twitter:card\" content=\"summary_large_image\" \/>\n<meta name=\"twitter:label1\" content=\"Est. reading time\" \/>\n\t<meta name=\"twitter:data1\" content=\"2 minutit\" \/>\n<script type=\"application\/ld+json\" class=\"yoast-schema-graph\">{\"@context\":\"https:\\\/\\\/schema.org\",\"@graph\":[{\"@type\":\"WebPage\",\"@id\":\"https:\\\/\\\/baltixsport.com\\\/et\\\/kupsiste-poliitika\\\/\",\"url\":\"https:\\\/\\\/baltixsport.com\\\/et\\\/kupsiste-poliitika\\\/\",\"name\":\"K\u00fcpsiste poliitika - BaltixSport\",\"isPartOf\":{\"@id\":\"https:\\\/\\\/baltixsport.com\\\/et\\\/#website\"},\"datePublished\":\"2025-05-23T10:04:06+00:00\",\"dateModified\":\"2025-06-04T10:33:29+00:00\",\"breadcrumb\":{\"@id\":\"https:\\\/\\\/baltixsport.com\\\/et\\\/kupsiste-poliitika\\\/#breadcrumb\"},\"inLanguage\":\"et\",\"potentialAction\":[{\"@type\":\"ReadAction\",\"target\":[\"https:\\\/\\\/baltixsport.com\\\/et\\\/kupsiste-poliitika\\\/\"]}]},{\"@type\":\"BreadcrumbList\",\"@id\":\"https:\\\/\\\/baltixsport.com\\\/et\\\/kupsiste-poliitika\\\/#breadcrumb\",\"itemListElement\":[{\"@type\":\"ListItem\",\"position\":1,\"name\":\"Kodu\",\"item\":\"https:\\\/\\\/baltixsport.com\\\/et\\\/kodu\\\/\"},{\"@type\":\"ListItem\",\"position\":2,\"name\":\"K\u00fcpsiste poliitika\"}]},{\"@type\":\"WebSite\",\"@id\":\"https:\\\/\\\/baltixsport.com\\\/et\\\/#website\",\"url\":\"https:\\\/\\\/baltixsport.com\\\/et\\\/\",\"name\":\"BaltixSport\",\"description\":\"Balti riikide sportlaste \u00fchendamine USA spordistipendiumidega\",\"publisher\":{\"@id\":\"https:\\\/\\\/baltixsport.com\\\/et\\\/#organization\"},\"potentialAction\":[{\"@type\":\"SearchAction\",\"target\":{\"@type\":\"EntryPoint\",\"urlTemplate\":\"https:\\\/\\\/baltixsport.com\\\/et\\\/?s={search_term_string}\"},\"query-input\":{\"@type\":\"PropertyValueSpecification\",\"valueRequired\":true,\"valueName\":\"search_term_string\"}}],\"inLanguage\":\"et\"},{\"@type\":\"Organization\",\"@id\":\"https:\\\/\\\/baltixsport.com\\\/et\\\/#organization\",\"name\":\"BaltixSport\",\"url\":\"https:\\\/\\\/baltixsport.com\\\/et\\\/\",\"logo\":{\"@type\":\"ImageObject\",\"inLanguage\":\"et\",\"@id\":\"https:\\\/\\\/baltixsport.com\\\/et\\\/#\\\/schema\\\/logo\\\/image\\\/\",\"url\":\"https:\\\/\\\/baltixsport.com\\\/wp-content\\\/uploads\\\/2025\\\/03\\\/BXS-Logos-12-w.png\",\"contentUrl\":\"https:\\\/\\\/baltixsport.com\\\/wp-content\\\/uploads\\\/2025\\\/03\\\/BXS-Logos-12-w.png\",\"width\":3782,\"height\":835,\"caption\":\"BaltixSport\"},\"image\":{\"@id\":\"https:\\\/\\\/baltixsport.com\\\/et\\\/#\\\/schema\\\/logo\\\/image\\\/\"}}]}<\/script>\n<!-- \/ Yoast SEO plugin. -->","yoast_head_json":{"title":"K\u00fcpsiste poliitika - BaltixSport","robots":{"index":"index","follow":"follow","max-snippet":"max-snippet:-1","max-image-preview":"max-image-preview:large","max-video-preview":"max-video-preview:-1"},"canonical":"https:\/\/baltixsport.com\/et\/kupsiste-poliitika\/","og_locale":"et_EE","og_type":"article","og_title":"K\u00fcpsiste poliitika - BaltixSport","og_description":"K\u00fcpsiste poliitika Viimati uuendatud: mai 23, 2025 See k\u00fcpsiste poliitika selgitab, mis on k\u00fcpsised ja kuidas me neid kasutame. Sa peaksid seda poliitikat lugema, et m\u00f5ista, milliseid k\u00fcpsiseid me kasutame, millist teavet me k\u00fcpsiste abil kogume ja kuidas seda teavet kasutatakse. Me ei salvesta kasutatavatesse k\u00fcpsistesse tundlikke isikuandmeid, nagu postiaadressid v\u00f5i paroolid. Teavet selle kohta, [&hellip;]","og_url":"https:\/\/baltixsport.com\/et\/kupsiste-poliitika\/","og_site_name":"BaltixSport","article_modified_time":"2025-06-04T10:33:29+00:00","twitter_card":"summary_large_image","twitter_misc":{"Est. reading time":"2 minutit"},"schema":{"@context":"https:\/\/schema.org","@graph":[{"@type":"WebPage","@id":"https:\/\/baltixsport.com\/et\/kupsiste-poliitika\/","url":"https:\/\/baltixsport.com\/et\/kupsiste-poliitika\/","name":"K\u00fcpsiste poliitika - BaltixSport","isPartOf":{"@id":"https:\/\/baltixsport.com\/et\/#website"},"datePublished":"2025-05-23T10:04:06+00:00","dateModified":"2025-06-04T10:33:29+00:00","breadcrumb":{"@id":"https:\/\/baltixsport.com\/et\/kupsiste-poliitika\/#breadcrumb"},"inLanguage":"et","potentialAction":[{"@type":"ReadAction","target":["https:\/\/baltixsport.com\/et\/kupsiste-poliitika\/"]}]},{"@type":"BreadcrumbList","@id":"https:\/\/baltixsport.com\/et\/kupsiste-poliitika\/#breadcrumb","itemListElement":[{"@type":"ListItem","position":1,"name":"Kodu","item":"https:\/\/baltixsport.com\/et\/kodu\/"},{"@type":"ListItem","position":2,"name":"K\u00fcpsiste poliitika"}]},{"@type":"WebSite","@id":"https:\/\/baltixsport.com\/et\/#website","url":"https:\/\/baltixsport.com\/et\/","name":"BaltixSport","description":"Balti riikide sportlaste \u00fchendamine USA spordistipendiumidega","publisher":{"@id":"https:\/\/baltixsport.com\/et\/#organization"},"potentialAction":[{"@type":"SearchAction","target":{"@type":"EntryPoint","urlTemplate":"https:\/\/baltixsport.com\/et\/?s={search_term_string}"},"query-input":{"@type":"PropertyValueSpecification","valueRequired":true,"valueName":"search_term_string"}}],"inLanguage":"et"},{"@type":"Organization","@id":"https:\/\/baltixsport.com\/et\/#organization","name":"BaltixSport","url":"https:\/\/baltixsport.com\/et\/","logo":{"@type":"ImageObject","inLanguage":"et","@id":"https:\/\/baltixsport.com\/et\/#\/schema\/logo\/image\/","url":"https:\/\/baltixsport.com\/wp-content\/uploads\/2025\/03\/BXS-Logos-12-w.png","contentUrl":"https:\/\/baltixsport.com\/wp-content\/uploads\/2025\/03\/BXS-Logos-12-w.png","width":3782,"height":835,"caption":"BaltixSport"},"image":{"@id":"https:\/\/baltixsport.com\/et\/#\/schema\/logo\/image\/"}}]}},"_links":{"self":[{"href":"https:\/\/baltixsport.com\/et\/wp-json\/wp\/v2\/pages\/1313","targetHints":{"allow":["GET"]}}],"collection":[{"href":"https:\/\/baltixsport.com\/et\/wp-json\/wp\/v2\/pages"}],"about":[{"href":"https:\/\/baltixsport.com\/et\/wp-json\/wp\/v2\/types\/page"}],"author":[{"embeddable":true,"href":"https:\/\/baltixsport.com\/et\/wp-json\/wp\/v2\/users\/2"}],"replies":[{"embeddable":true,"href":"https:\/\/baltixsport.com\/et\/wp-json\/wp\/v2\/comments?post=1313"}],"version-history":[{"count":1,"href":"https:\/\/baltixsport.com\/et\/wp-json\/wp\/v2\/pages\/1313\/revisions"}],"predecessor-version":[{"id":1314,"href":"https:\/\/baltixsport.com\/et\/wp-json\/wp\/v2\/pages\/1313\/revisions\/1314"}],"wp:attachment":[{"href":"https:\/\/baltixsport.com\/et\/wp-json\/wp\/v2\/media?parent=1313"}],"curies":[{"name":"wp","href":"https:\/\/api.w.org\/{rel}","templated":true}]}}