{"id":1546,"date":"2025-05-13T09:50:04","date_gmt":"2025-05-13T09:50:04","guid":{"rendered":"https:\/\/baltixsport.com\/treenerite-jaoks\/"},"modified":"2025-06-06T12:18:08","modified_gmt":"2025-06-06T12:18:08","slug":"treenerite-jaoks","status":"publish","type":"page","link":"https:\/\/baltixsport.com\/et\/treenerite-jaoks\/","title":{"rendered":"Treenerite jaoks"},"content":{"rendered":"\t\t<div data-elementor-type=\"wp-page\" data-elementor-id=\"1546\" class=\"elementor elementor-1546 elementor-163\" data-elementor-post-type=\"page\">\n\t\t\t\t<div class=\"elementor-element elementor-element-52de4f7 e-flex e-con-boxed e-con e-parent\" data-id=\"52de4f7\" data-element_type=\"container\" data-e-type=\"container\" data-settings=\"{&quot;background_background&quot;:&quot;classic&quot;}\">\n\t\t\t\t\t<div class=\"e-con-inner\">\n\t\t\t\t<div class=\"elementor-element elementor-element-8ae55f5 elementor-widget elementor-widget-heading\" data-id=\"8ae55f5\" data-element_type=\"widget\" data-e-type=\"widget\" data-widget_type=\"heading.default\">\n\t\t\t\t<div class=\"elementor-widget-container\">\n\t\t\t\t\t<h2 class=\"elementor-heading-title elementor-size-default\">Ava Balti riikide...<\/h2>\t\t\t\t<\/div>\n\t\t\t\t<\/div>\n\t\t\t\t\t<\/div>\n\t\t\t\t<\/div>\n\t\t<div class=\"elementor-element elementor-element-ffb46fc e-flex e-con-boxed e-con e-parent\" data-id=\"ffb46fc\" data-element_type=\"container\" data-e-type=\"container\" data-settings=\"{&quot;background_background&quot;:&quot;gradient&quot;}\">\n\t\t\t\t\t<div class=\"e-con-inner\">\n\t\t\t\t<div class=\"elementor-element elementor-element-fd40a39 elementor-widget elementor-widget-heading\" data-id=\"fd40a39\" data-element_type=\"widget\" data-e-type=\"widget\" data-widget_type=\"heading.default\">\n\t\t\t\t<div class=\"elementor-widget-container\">\n\t\t\t\t\t<h2 class=\"elementor-heading-title elementor-size-default\">L\u00e4\u00e4nemere piirkond:<\/h2>\t\t\t\t<\/div>\n\t\t\t\t<\/div>\n\t\t\t\t<div class=\"elementor-element elementor-element-6235680 elementor-widget elementor-widget-heading\" data-id=\"6235680\" data-element_type=\"widget\" data-e-type=\"widget\" data-widget_type=\"heading.default\">\n\t\t\t\t<div class=\"elementor-widget-container\">\n\t\t\t\t\t<h2 class=\"elementor-heading-title elementor-size-default\"><span style=\"color:#CDDA32\">Rikkalikult sportlikke andeid<\/span>, kuid<br> v\u00e4rbajate poolt sageli<span style=\"color:#CDDA32\">t\u00e4helepanuta j\u00e4etud<\/span> <\/h2>\t\t\t\t<\/div>\n\t\t\t\t<\/div>\n\t\t<div class=\"elementor-element elementor-element-e3afbba e-con-full e-flex e-con e-child\" data-id=\"e3afbba\" data-element_type=\"container\" data-e-type=\"container\">\n\t\t\t\t<div class=\"elementor-element elementor-element-e75491a elementor-widget elementor-widget-video\" data-id=\"e75491a\" data-element_type=\"widget\" data-e-type=\"widget\" data-settings=\"{&quot;youtube_url&quot;:&quot;https:\\\/\\\/www.youtube.com\\\/watch?v=XHOmBV4js_E&quot;,&quot;video_type&quot;:&quot;youtube&quot;}\" data-widget_type=\"video.default\">\n\t\t\t\t<div class=\"elementor-widget-container\">\n\t\t\t\t\t\t\t<div class=\"elementor-wrapper elementor-open-inline\">\n\t\t\t<div class=\"elementor-video\"><\/div>\t\t<\/div>\n\t\t\t\t\t\t<\/div>\n\t\t\t\t<\/div>\n\t\t<div class=\"elementor-element elementor-element-ad59321 e-con-full e-flex e-con e-child\" data-id=\"ad59321\" data-element_type=\"container\" data-e-type=\"container\">\n\t\t\t\t<div class=\"elementor-element elementor-element-9187a5c elementor-widget elementor-widget-heading\" data-id=\"9187a5c\" data-element_type=\"widget\" data-e-type=\"widget\" data-widget_type=\"heading.default\">\n\t\t\t\t<div class=\"elementor-widget-container\">\n\t\t\t\t\t<h2 class=\"elementor-heading-title elementor-size-default\">\u201eSelle piirkonna inimesed lihtsalt lihvivad - neil on ebatavaline t\u00f6\u00f6eetika\u201c<\/h2>\t\t\t\t<\/div>\n\t\t\t\t<\/div>\n\t\t\t\t<div class=\"elementor-element elementor-element-58ffc87 elementor-widget elementor-widget-text-editor\" data-id=\"58ffc87\" data-element_type=\"widget\" data-e-type=\"widget\" data-widget_type=\"text-editor.default\">\n\t\t\t\t<div class=\"elementor-widget-container\">\n\t\t\t\t\t\t\t\t\t<p>Baltimaade sportlased kasvavad \u00fcles distsipliini, vastupidavuse ja s\u00fcgava n\u00e4ljaga edu saavutamiseks. Nad ei otsi otseteed &#8211; nad otsivad v\u00f5imalusi. Ja kui nad \u00fche saavad, siis nad ei raiska seda \u00e4ra.  <\/p><p>Kui te v\u00e4rbate sportlasi, kes on treenitavad, meeskonnat\u00f6\u00f6le orienteeritud ja j\u00e4releandmatult innukad, siis olete \u00f5iges kohas. BaltixSport \u00fchendab teid \u00f5pilastega, kes toovad kaasa enamat kui lihtsalt oskused &#8211; nad toovad kaasa s\u00fcdame, alandlikkuse ja valmisoleku teha v\u00e4ljakul rohkem t\u00f6\u00f6d kui k\u00f5ik teised. <\/p><p>Nutikas. K\u00f5va. T\u00e4nulik v\u00f5imaluse eest v\u00f5istelda. Just selliseid m\u00e4ngijaid me teile saadame.   <\/p>\t\t\t\t\t\t\t\t<\/div>\n\t\t\t\t<\/div>\n\t\t\t\t<\/div>\n\t\t\t\t<\/div>\n\t\t\t\t\t<\/div>\n\t\t\t\t<\/div>\n\t\t<div class=\"elementor-element elementor-element-4fb0c9d elementor-hidden-desktop elementor-hidden-tablet elementor-hidden-mobile e-flex e-con-boxed e-con e-parent\" data-id=\"4fb0c9d\" data-element_type=\"container\" data-e-type=\"container\" data-settings=\"{&quot;background_background&quot;:&quot;gradient&quot;}\">\n\t\t\t\t\t<div class=\"e-con-inner\">\n\t\t<div class=\"elementor-element elementor-element-5f8ef00 e-con-full e-flex e-con e-child\" data-id=\"5f8ef00\" data-element_type=\"container\" data-e-type=\"container\">\n\t\t\t\t<div class=\"elementor-element elementor-element-0ad56ee elementor-widget elementor-widget-heading\" data-id=\"0ad56ee\" data-element_type=\"widget\" data-e-type=\"widget\" data-widget_type=\"heading.default\">\n\t\t\t\t<div class=\"elementor-widget-container\">\n\t\t\t\t\t<h2 class=\"elementor-heading-title elementor-size-default\">Eelvaade Meie sportlased<\/h2>\t\t\t\t<\/div>\n\t\t\t\t<\/div>\n\t\t\t\t<div class=\"elementor-element elementor-element-e442716 elementor-widget elementor-widget-button\" data-id=\"e442716\" data-element_type=\"widget\" data-e-type=\"widget\" data-widget_type=\"button.default\">\n\t\t\t\t<div class=\"elementor-widget-container\">\n\t\t\t\t\t\t\t\t\t<div class=\"elementor-button-wrapper\">\n\t\t\t\t\t<a class=\"elementor-button elementor-button-link elementor-size-sm\" href=\"#\">\n\t\t\t\t\t\t<span class=\"elementor-button-content-wrapper\">\n\t\t\t\t\t\t\t\t\t<span class=\"elementor-button-text\">K\u00fcsige n\u00fc\u00fcd<\/span>\n\t\t\t\t\t<\/span>\n\t\t\t\t\t<\/a>\n\t\t\t\t<\/div>\n\t\t\t\t\t\t\t\t<\/div>\n\t\t\t\t<\/div>\n\t\t\t\t<\/div>\n\t\t\t\t\t<\/div>\n\t\t\t\t<\/div>\n\t\t<div class=\"elementor-element elementor-element-8535078 e-flex e-con-boxed e-con e-parent\" data-id=\"8535078\" data-element_type=\"container\" data-e-type=\"container\" data-settings=\"{&quot;background_background&quot;:&quot;classic&quot;}\">\n\t\t\t\t\t<div class=\"e-con-inner\">\n\t\t\t\t<div class=\"elementor-element elementor-element-ae7f889 elementor-widget elementor-widget-heading\" data-id=\"ae7f889\" data-element_type=\"widget\" data-e-type=\"widget\" data-widget_type=\"heading.default\">\n\t\t\t\t<div class=\"elementor-widget-container\">\n\t\t\t\t\t<h2 class=\"elementor-heading-title elementor-size-default\">Lisage oma nimekirja tipptalente<\/h2>\t\t\t\t<\/div>\n\t\t\t\t<\/div>\n\t\t\t\t<div class=\"elementor-element elementor-element-73e5bc9 elementor-widget elementor-widget-wpforms\" data-id=\"73e5bc9\" data-element_type=\"widget\" data-e-type=\"widget\" id=\"coach-form\" data-widget_type=\"wpforms.default\">\n\t\t\t\t<div class=\"elementor-widget-container\">\n\t\t\t\t\t<style id=\"wpforms-css-vars-elementor-widget-73e5bc9\">\n\t\t\t\t.elementor-widget-wpforms.elementor-element-73e5bc9 {\n\t\t\t\t--wpforms-field-border-radius: 1px;\n--wpforms-field-border-color: #000000;\n--wpforms-field-border-color-spare: #000000;\n--wpforms-button-border-radius: 2px;\n--wpforms-button-background-color: #000000;\n--wpforms-field-size-input-height: 43px;\n--wpforms-field-size-input-spacing: 15px;\n--wpforms-field-size-font-size: 16px;\n--wpforms-field-size-line-height: 19px;\n--wpforms-field-size-padding-h: 14px;\n--wpforms-field-size-checkbox-size: 16px;\n--wpforms-field-size-sublabel-spacing: 5px;\n--wpforms-field-size-icon-size: 1;\n--wpforms-label-size-font-size: 16px;\n--wpforms-label-size-line-height: 19px;\n--wpforms-label-size-sublabel-font-size: 14px;\n--wpforms-label-size-sublabel-line-height: 17px;\n--wpforms-button-size-font-size: 17px;\n--wpforms-button-size-height: 41px;\n--wpforms-button-size-padding-h: 15px;\n--wpforms-button-size-margin-top: 10px;\n\n\t\t\t}\n\t\t\t<\/style><div class=\"wpforms-container wpforms-container-full wpf-center-button wpforms-render-modern\" id=\"wpforms-140\"><form id=\"wpforms-form-140\" class=\"wpforms-validate wpforms-form wpforms-ajax-form\" data-formid=\"140\" method=\"post\" enctype=\"multipart\/form-data\" action=\"\/et\/wp-json\/wp\/v2\/pages\/1546\" data-token=\"54638cba0d96852b59146470837f94cd\" data-token-time=\"1777384647\"><noscript class=\"wpforms-error-noscript\">Please enable JavaScript in your browser to complete this form.<\/noscript><div class=\"wpforms-hidden\" id=\"wpforms-error-noscript\">Please enable JavaScript in your browser to complete this form.<\/div><div class=\"wpforms-field-container\"><div id=\"wpforms-140-field_1-container\" class=\"wpforms-field wpforms-field-name wpforms-one-half wpforms-first\" data-field-id=\"1\"><label class=\"wpforms-field-label\" for=\"wpforms-140-field_1\">T\u00e4ielik nimi <span class=\"wpforms-required-label\" aria-hidden=\"true\">*<\/span><\/label><input type=\"text\" id=\"wpforms-140-field_1\" class=\"wpforms-field-large wpforms-field-required\" name=\"wpforms[fields][1]\" aria-errormessage=\"wpforms-140-field_1-error\" required><\/div><div id=\"wpforms-140-field_2-container\" class=\"wpforms-field wpforms-field-text wpforms-one-half\" data-field-id=\"2\"><label class=\"wpforms-field-label\" for=\"wpforms-140-field_2\">Institutsiooni nimi <span class=\"wpforms-required-label\" aria-hidden=\"true\">*<\/span><\/label><input type=\"text\" id=\"wpforms-140-field_2\" class=\"wpforms-field-large wpforms-field-required\" name=\"wpforms[fields][2]\" aria-errormessage=\"wpforms-140-field_2-error\" required><\/div><div id=\"wpforms-140-field_5-container\" class=\"wpforms-field wpforms-field-text wpforms-one-half wpforms-first\" data-field-id=\"5\"><label class=\"wpforms-field-label\" for=\"wpforms-140-field_5\">Telefoninumber <span class=\"wpforms-required-label\" aria-hidden=\"true\">*<\/span><\/label><input type=\"text\" id=\"wpforms-140-field_5\" class=\"wpforms-field-large wpforms-field-required\" name=\"wpforms[fields][5]\" aria-errormessage=\"wpforms-140-field_5-error\" required><\/div><div id=\"wpforms-140-field_4-container\" class=\"wpforms-field wpforms-field-email wpforms-one-half\" data-field-id=\"4\"><label class=\"wpforms-field-label\" for=\"wpforms-140-field_4\">E-posti aadress <span class=\"wpforms-required-label\" aria-hidden=\"true\">*<\/span><\/label><input type=\"email\" id=\"wpforms-140-field_4\" class=\"wpforms-field-large wpforms-field-required\" name=\"wpforms[fields][4]\" spellcheck=\"false\" aria-errormessage=\"wpforms-140-field_4-error\" required><\/div><div id=\"wpforms-140-field_6-container\" class=\"wpforms-field wpforms-field-email wpforms-one-half wpforms-first\" data-field-id=\"6\"><label class=\"wpforms-field-label\" for=\"wpforms-140-field_6\">Linn <span class=\"wpforms-required-label\" aria-hidden=\"true\">*<\/span><\/label><input type=\"email\" id=\"wpforms-140-field_6\" class=\"wpforms-field-large wpforms-field-required\" name=\"wpforms[fields][6]\" spellcheck=\"false\" aria-errormessage=\"wpforms-140-field_6-error\" required><\/div><div id=\"wpforms-140-field_7-container\" class=\"wpforms-field wpforms-field-email wpforms-one-half\" data-field-id=\"7\"><label class=\"wpforms-field-label\" for=\"wpforms-140-field_7\">Riik <span class=\"wpforms-required-label\" aria-hidden=\"true\">*<\/span><\/label><input type=\"email\" id=\"wpforms-140-field_7\" class=\"wpforms-field-large wpforms-field-required\" name=\"wpforms[fields][7]\" spellcheck=\"false\" aria-errormessage=\"wpforms-140-field_7-error\" required><\/div><div id=\"wpforms-140-field_8-container\" class=\"wpforms-field wpforms-field-select wpforms-one-half wpforms-first wpforms-field-select-style-classic\" data-field-id=\"8\"><label class=\"wpforms-field-label\" for=\"wpforms-140-field_8\">M\u00e4ngu tase <span class=\"wpforms-required-label\" aria-hidden=\"true\">*<\/span><\/label><select id=\"wpforms-140-field_8\" class=\"wpforms-field-large wpforms-field-required\" name=\"wpforms[fields][8]\" required=\"required\"><option value=\"NCAA I divisjon\" >NCAA I divisjon<\/option><option value=\"NCAA II divisjon\" >NCAA II divisjon<\/option><option value=\"NCAA III divisjon\" >NCAA III divisjon<\/option><option value=\"NAIA\" >NAIA<\/option><option value=\"USCAA\" >USCAA<\/option><option value=\"NCCAA\" >NCCAA<\/option><option value=\"ACCA\" >ACCA<\/option><option value=\"NJCAA\" >NJCAA<\/option><option value=\"Muud\" >Muud<\/option><\/select><\/div><div id=\"wpforms-140-field_10-container\" class=\"wpforms-field wpforms-field-radio wpforms-one-half\" data-field-id=\"10\"><fieldset><legend class=\"wpforms-field-label\">V\u00e4rbamine <span class=\"wpforms-required-label\" aria-hidden=\"true\">*<\/span><\/legend><ul id=\"wpforms-140-field_10\" class=\"wpforms-field-required\"><li class=\"choice-2 depth-1\"><input type=\"radio\" id=\"wpforms-140-field_10_2\" name=\"wpforms[fields][10]\" value=\"Mees sportlased\" aria-errormessage=\"wpforms-140-field_10_2-error\" required ><label class=\"wpforms-field-label-inline\" for=\"wpforms-140-field_10_2\">Mees sportlased<\/label><\/li><li class=\"choice-3 depth-1\"><input type=\"radio\" id=\"wpforms-140-field_10_3\" name=\"wpforms[fields][10]\" value=\"Naissportlased\" aria-errormessage=\"wpforms-140-field_10_3-error\" required ><label class=\"wpforms-field-label-inline\" for=\"wpforms-140-field_10_3\">Naissportlased<\/label><\/li><\/ul><\/fieldset><\/div><div id=\"wpforms-140-field_11-container\" class=\"wpforms-field wpforms-field-textarea\" data-field-id=\"11\"><label class=\"wpforms-field-label\" for=\"wpforms-140-field_11\">S\u00f5num<\/label><textarea id=\"wpforms-140-field_11\" class=\"wpforms-field-medium\" name=\"wpforms[fields][11]\" aria-errormessage=\"wpforms-140-field_11-error\" ><\/textarea><\/div><\/div><!-- .wpforms-field-container --><div class=\"wpforms-submit-container\" ><input type=\"hidden\" name=\"wpforms[id]\" value=\"140\"><input type=\"hidden\" name=\"page_title\" value=\"\"><input type=\"hidden\" name=\"page_url\" value=\"https:\/\/baltixsport.com\/et\/wp-json\/wp\/v2\/pages\/1546\"><input type=\"hidden\" name=\"url_referer\" value=\"\"><button type=\"submit\" name=\"wpforms[submit]\" id=\"wpforms-submit-140\" class=\"wpforms-submit\" data-alt-text=\"Saatmine...\" data-submit-text=\"Esita\" aria-live=\"assertive\" value=\"wpforms-submit\">Esita<\/button><img decoding=\"async\" src=\"https:\/\/baltixsport.com\/wp-content\/plugins\/wpforms\/assets\/images\/submit-spin.svg\" class=\"wpforms-submit-spinner\" style=\"display: none;\" width=\"26\" height=\"26\" alt=\"Loading\"><\/div><\/form><\/div>  <!-- .wpforms-container -->\t\t\t\t<\/div>\n\t\t\t\t<\/div>\n\t\t\t\t\t<\/div>\n\t\t\t\t<\/div>\n\t\t\t\t<\/div>\n\t\t","protected":false},"excerpt":{"rendered":"<p>Ava Balti riikide&#8230; L\u00e4\u00e4nemere piirkond: Rikkalikult sportlikke andeid, kuid v\u00e4rbajate poolt sagelit\u00e4helepanuta j\u00e4etud \u201eSelle piirkonna inimesed lihtsalt lihvivad &#8211; neil on ebatavaline t\u00f6\u00f6eetika\u201c Baltimaade sportlased kasvavad \u00fcles distsipliini, vastupidavuse ja s\u00fcgava n\u00e4ljaga edu saavutamiseks. Nad ei otsi otseteed &#8211; nad otsivad v\u00f5imalusi. Ja kui nad \u00fche saavad, siis nad ei raiska seda \u00e4ra. Kui te [&hellip;]<\/p>\n","protected":false},"author":2,"featured_media":0,"parent":0,"menu_order":0,"comment_status":"closed","ping_status":"closed","template":"","meta":{"footnotes":""},"class_list":["post-1546","page","type-page","status-publish","hentry"],"yoast_head":"<!-- This site is optimized with the Yoast SEO plugin v27.4 - https:\/\/yoast.com\/product\/yoast-seo-wordpress\/ -->\n<title>Treenerite jaoks - BaltixSport<\/title>\n<meta name=\"robots\" content=\"index, follow, max-snippet:-1, max-image-preview:large, max-video-preview:-1\" \/>\n<link rel=\"canonical\" href=\"https:\/\/baltixsport.com\/et\/treenerite-jaoks\/\" \/>\n<meta property=\"og:locale\" content=\"et_EE\" \/>\n<meta property=\"og:type\" content=\"article\" \/>\n<meta property=\"og:title\" content=\"Treenerite jaoks - BaltixSport\" \/>\n<meta property=\"og:description\" content=\"Ava Balti riikide&#8230; L\u00e4\u00e4nemere piirkond: Rikkalikult sportlikke andeid, kuid v\u00e4rbajate poolt sagelit\u00e4helepanuta j\u00e4etud \u201eSelle piirkonna inimesed lihtsalt lihvivad &#8211; neil on ebatavaline t\u00f6\u00f6eetika\u201c Baltimaade sportlased kasvavad \u00fcles distsipliini, vastupidavuse ja s\u00fcgava n\u00e4ljaga edu saavutamiseks. Nad ei otsi otseteed &#8211; nad otsivad v\u00f5imalusi. Ja kui nad \u00fche saavad, siis nad ei raiska seda \u00e4ra. Kui te [&hellip;]\" \/>\n<meta property=\"og:url\" content=\"https:\/\/baltixsport.com\/et\/treenerite-jaoks\/\" \/>\n<meta property=\"og:site_name\" content=\"BaltixSport\" \/>\n<meta property=\"article:modified_time\" content=\"2025-06-06T12:18:08+00:00\" \/>\n<meta property=\"og:image\" content=\"https:\/\/baltixsport.com\/wp-content\/plugins\/wpforms\/assets\/images\/submit-spin.svg\" \/>\n<meta name=\"twitter:card\" content=\"summary_large_image\" \/>\n<meta name=\"twitter:label1\" content=\"Est. reading time\" \/>\n\t<meta name=\"twitter:data1\" content=\"1 minut\" \/>\n<script type=\"application\/ld+json\" class=\"yoast-schema-graph\">{\"@context\":\"https:\\\/\\\/schema.org\",\"@graph\":[{\"@type\":\"WebPage\",\"@id\":\"https:\\\/\\\/baltixsport.com\\\/et\\\/treenerite-jaoks\\\/\",\"url\":\"https:\\\/\\\/baltixsport.com\\\/et\\\/treenerite-jaoks\\\/\",\"name\":\"Treenerite jaoks - BaltixSport\",\"isPartOf\":{\"@id\":\"https:\\\/\\\/baltixsport.com\\\/et\\\/#website\"},\"primaryImageOfPage\":{\"@id\":\"https:\\\/\\\/baltixsport.com\\\/et\\\/treenerite-jaoks\\\/#primaryimage\"},\"image\":{\"@id\":\"https:\\\/\\\/baltixsport.com\\\/et\\\/treenerite-jaoks\\\/#primaryimage\"},\"thumbnailUrl\":\"https:\\\/\\\/baltixsport.com\\\/wp-content\\\/plugins\\\/wpforms\\\/assets\\\/images\\\/submit-spin.svg\",\"datePublished\":\"2025-05-13T09:50:04+00:00\",\"dateModified\":\"2025-06-06T12:18:08+00:00\",\"breadcrumb\":{\"@id\":\"https:\\\/\\\/baltixsport.com\\\/et\\\/treenerite-jaoks\\\/#breadcrumb\"},\"inLanguage\":\"et\",\"potentialAction\":[{\"@type\":\"ReadAction\",\"target\":[\"https:\\\/\\\/baltixsport.com\\\/et\\\/treenerite-jaoks\\\/\"]}]},{\"@type\":\"ImageObject\",\"inLanguage\":\"et\",\"@id\":\"https:\\\/\\\/baltixsport.com\\\/et\\\/treenerite-jaoks\\\/#primaryimage\",\"url\":\"https:\\\/\\\/baltixsport.com\\\/wp-content\\\/plugins\\\/wpforms\\\/assets\\\/images\\\/submit-spin.svg\",\"contentUrl\":\"https:\\\/\\\/baltixsport.com\\\/wp-content\\\/plugins\\\/wpforms\\\/assets\\\/images\\\/submit-spin.svg\"},{\"@type\":\"BreadcrumbList\",\"@id\":\"https:\\\/\\\/baltixsport.com\\\/et\\\/treenerite-jaoks\\\/#breadcrumb\",\"itemListElement\":[{\"@type\":\"ListItem\",\"position\":1,\"name\":\"Kodu\",\"item\":\"https:\\\/\\\/baltixsport.com\\\/et\\\/kodu\\\/\"},{\"@type\":\"ListItem\",\"position\":2,\"name\":\"Treenerite jaoks\"}]},{\"@type\":\"WebSite\",\"@id\":\"https:\\\/\\\/baltixsport.com\\\/et\\\/#website\",\"url\":\"https:\\\/\\\/baltixsport.com\\\/et\\\/\",\"name\":\"BaltixSport\",\"description\":\"Balti riikide sportlaste \u00fchendamine USA spordistipendiumidega\",\"publisher\":{\"@id\":\"https:\\\/\\\/baltixsport.com\\\/et\\\/#organization\"},\"potentialAction\":[{\"@type\":\"SearchAction\",\"target\":{\"@type\":\"EntryPoint\",\"urlTemplate\":\"https:\\\/\\\/baltixsport.com\\\/et\\\/?s={search_term_string}\"},\"query-input\":{\"@type\":\"PropertyValueSpecification\",\"valueRequired\":true,\"valueName\":\"search_term_string\"}}],\"inLanguage\":\"et\"},{\"@type\":\"Organization\",\"@id\":\"https:\\\/\\\/baltixsport.com\\\/et\\\/#organization\",\"name\":\"BaltixSport\",\"url\":\"https:\\\/\\\/baltixsport.com\\\/et\\\/\",\"logo\":{\"@type\":\"ImageObject\",\"inLanguage\":\"et\",\"@id\":\"https:\\\/\\\/baltixsport.com\\\/et\\\/#\\\/schema\\\/logo\\\/image\\\/\",\"url\":\"https:\\\/\\\/baltixsport.com\\\/wp-content\\\/uploads\\\/2025\\\/03\\\/BXS-Logos-12-w.png\",\"contentUrl\":\"https:\\\/\\\/baltixsport.com\\\/wp-content\\\/uploads\\\/2025\\\/03\\\/BXS-Logos-12-w.png\",\"width\":3782,\"height\":835,\"caption\":\"BaltixSport\"},\"image\":{\"@id\":\"https:\\\/\\\/baltixsport.com\\\/et\\\/#\\\/schema\\\/logo\\\/image\\\/\"}}]}<\/script>\n<!-- \/ Yoast SEO plugin. -->","yoast_head_json":{"title":"Treenerite jaoks - BaltixSport","robots":{"index":"index","follow":"follow","max-snippet":"max-snippet:-1","max-image-preview":"max-image-preview:large","max-video-preview":"max-video-preview:-1"},"canonical":"https:\/\/baltixsport.com\/et\/treenerite-jaoks\/","og_locale":"et_EE","og_type":"article","og_title":"Treenerite jaoks - BaltixSport","og_description":"Ava Balti riikide&#8230; L\u00e4\u00e4nemere piirkond: Rikkalikult sportlikke andeid, kuid v\u00e4rbajate poolt sagelit\u00e4helepanuta j\u00e4etud \u201eSelle piirkonna inimesed lihtsalt lihvivad &#8211; neil on ebatavaline t\u00f6\u00f6eetika\u201c Baltimaade sportlased kasvavad \u00fcles distsipliini, vastupidavuse ja s\u00fcgava n\u00e4ljaga edu saavutamiseks. Nad ei otsi otseteed &#8211; nad otsivad v\u00f5imalusi. Ja kui nad \u00fche saavad, siis nad ei raiska seda \u00e4ra. Kui te [&hellip;]","og_url":"https:\/\/baltixsport.com\/et\/treenerite-jaoks\/","og_site_name":"BaltixSport","article_modified_time":"2025-06-06T12:18:08+00:00","og_image":[{"url":"https:\/\/baltixsport.com\/wp-content\/plugins\/wpforms\/assets\/images\/submit-spin.svg","type":"","width":"","height":""}],"twitter_card":"summary_large_image","twitter_misc":{"Est. reading time":"1 minut"},"schema":{"@context":"https:\/\/schema.org","@graph":[{"@type":"WebPage","@id":"https:\/\/baltixsport.com\/et\/treenerite-jaoks\/","url":"https:\/\/baltixsport.com\/et\/treenerite-jaoks\/","name":"Treenerite jaoks - BaltixSport","isPartOf":{"@id":"https:\/\/baltixsport.com\/et\/#website"},"primaryImageOfPage":{"@id":"https:\/\/baltixsport.com\/et\/treenerite-jaoks\/#primaryimage"},"image":{"@id":"https:\/\/baltixsport.com\/et\/treenerite-jaoks\/#primaryimage"},"thumbnailUrl":"https:\/\/baltixsport.com\/wp-content\/plugins\/wpforms\/assets\/images\/submit-spin.svg","datePublished":"2025-05-13T09:50:04+00:00","dateModified":"2025-06-06T12:18:08+00:00","breadcrumb":{"@id":"https:\/\/baltixsport.com\/et\/treenerite-jaoks\/#breadcrumb"},"inLanguage":"et","potentialAction":[{"@type":"ReadAction","target":["https:\/\/baltixsport.com\/et\/treenerite-jaoks\/"]}]},{"@type":"ImageObject","inLanguage":"et","@id":"https:\/\/baltixsport.com\/et\/treenerite-jaoks\/#primaryimage","url":"https:\/\/baltixsport.com\/wp-content\/plugins\/wpforms\/assets\/images\/submit-spin.svg","contentUrl":"https:\/\/baltixsport.com\/wp-content\/plugins\/wpforms\/assets\/images\/submit-spin.svg"},{"@type":"BreadcrumbList","@id":"https:\/\/baltixsport.com\/et\/treenerite-jaoks\/#breadcrumb","itemListElement":[{"@type":"ListItem","position":1,"name":"Kodu","item":"https:\/\/baltixsport.com\/et\/kodu\/"},{"@type":"ListItem","position":2,"name":"Treenerite jaoks"}]},{"@type":"WebSite","@id":"https:\/\/baltixsport.com\/et\/#website","url":"https:\/\/baltixsport.com\/et\/","name":"BaltixSport","description":"Balti riikide sportlaste \u00fchendamine USA spordistipendiumidega","publisher":{"@id":"https:\/\/baltixsport.com\/et\/#organization"},"potentialAction":[{"@type":"SearchAction","target":{"@type":"EntryPoint","urlTemplate":"https:\/\/baltixsport.com\/et\/?s={search_term_string}"},"query-input":{"@type":"PropertyValueSpecification","valueRequired":true,"valueName":"search_term_string"}}],"inLanguage":"et"},{"@type":"Organization","@id":"https:\/\/baltixsport.com\/et\/#organization","name":"BaltixSport","url":"https:\/\/baltixsport.com\/et\/","logo":{"@type":"ImageObject","inLanguage":"et","@id":"https:\/\/baltixsport.com\/et\/#\/schema\/logo\/image\/","url":"https:\/\/baltixsport.com\/wp-content\/uploads\/2025\/03\/BXS-Logos-12-w.png","contentUrl":"https:\/\/baltixsport.com\/wp-content\/uploads\/2025\/03\/BXS-Logos-12-w.png","width":3782,"height":835,"caption":"BaltixSport"},"image":{"@id":"https:\/\/baltixsport.com\/et\/#\/schema\/logo\/image\/"}}]}},"_links":{"self":[{"href":"https:\/\/baltixsport.com\/et\/wp-json\/wp\/v2\/pages\/1546","targetHints":{"allow":["GET"]}}],"collection":[{"href":"https:\/\/baltixsport.com\/et\/wp-json\/wp\/v2\/pages"}],"about":[{"href":"https:\/\/baltixsport.com\/et\/wp-json\/wp\/v2\/types\/page"}],"author":[{"embeddable":true,"href":"https:\/\/baltixsport.com\/et\/wp-json\/wp\/v2\/users\/2"}],"replies":[{"embeddable":true,"href":"https:\/\/baltixsport.com\/et\/wp-json\/wp\/v2\/comments?post=1546"}],"version-history":[{"count":5,"href":"https:\/\/baltixsport.com\/et\/wp-json\/wp\/v2\/pages\/1546\/revisions"}],"predecessor-version":[{"id":1754,"href":"https:\/\/baltixsport.com\/et\/wp-json\/wp\/v2\/pages\/1546\/revisions\/1754"}],"wp:attachment":[{"href":"https:\/\/baltixsport.com\/et\/wp-json\/wp\/v2\/media?parent=1546"}],"curies":[{"name":"wp","href":"https:\/\/api.w.org\/{rel}","templated":true}]}}