{"id":1584,"date":"2025-05-23T09:53:06","date_gmt":"2025-05-23T09:53:06","guid":{"rendered":"https:\/\/baltixsport.com\/tingimused\/"},"modified":"2025-06-04T10:52:07","modified_gmt":"2025-06-04T10:52:07","slug":"tingimused","status":"publish","type":"page","link":"https:\/\/baltixsport.com\/et\/tingimused\/","title":{"rendered":"Tingimused"},"content":{"rendered":"\t\t<div data-elementor-type=\"wp-page\" data-elementor-id=\"1584\" class=\"elementor elementor-1584 elementor-797\" data-elementor-post-type=\"page\">\n\t\t\t\t<div class=\"elementor-element elementor-element-749f1df2 e-flex e-con-boxed e-con e-parent\" data-id=\"749f1df2\" data-element_type=\"container\" data-e-type=\"container\">\n\t\t\t\t\t<div class=\"e-con-inner\">\n\t\t<div class=\"elementor-element elementor-element-3d46528 e-flex e-con-boxed e-con e-child\" data-id=\"3d46528\" data-element_type=\"container\" data-e-type=\"container\" data-settings=\"{&quot;background_background&quot;:&quot;classic&quot;}\">\n\t\t\t\t\t<div class=\"e-con-inner\">\n\t\t\t\t<div class=\"elementor-element elementor-element-306d096e elementor-widget elementor-widget-heading\" data-id=\"306d096e\" data-element_type=\"widget\" data-e-type=\"widget\" data-widget_type=\"heading.default\">\n\t\t\t\t<div class=\"elementor-widget-container\">\n\t\t\t\t\t<h2 class=\"elementor-heading-title elementor-size-default\">Tingimused<\/h2>\t\t\t\t<\/div>\n\t\t\t\t<\/div>\n\t\t\t\t\t<\/div>\n\t\t\t\t<\/div>\n\t\t<div class=\"elementor-element elementor-element-221cd795 e-con-full e-flex e-con e-child\" data-id=\"221cd795\" data-element_type=\"container\" data-e-type=\"container\">\n\t\t\t\t<div class=\"elementor-element elementor-element-8c9508d elementor-widget elementor-widget-text-editor\" data-id=\"8c9508d\" data-element_type=\"widget\" data-e-type=\"widget\" data-widget_type=\"text-editor.default\">\n\t\t\t\t<div class=\"elementor-widget-container\">\n\t\t\t\t\t\t\t\t\t<p>Viimati uuendatud: mai 23, 2025<\/p>\t\t\t\t\t\t\t\t<\/div>\n\t\t\t\t<\/div>\n\t\t\t\t<div class=\"elementor-element elementor-element-2b1205a2 elementor-widget elementor-widget-text-editor\" data-id=\"2b1205a2\" data-element_type=\"widget\" data-e-type=\"widget\" data-widget_type=\"text-editor.default\">\n\t\t\t\t<div class=\"elementor-widget-container\">\n\t\t\t\t\t\t\t\t\t<p>Palun lugege need tingimused hoolikalt l\u00e4bi enne meie teenuse kasutamist.<\/p>\t\t\t\t\t\t\t\t<\/div>\n\t\t\t\t<\/div>\n\t\t\t\t<div class=\"elementor-element elementor-element-237c123d elementor-widget elementor-widget-heading\" data-id=\"237c123d\" data-element_type=\"widget\" data-e-type=\"widget\" data-widget_type=\"heading.default\">\n\t\t\t\t<div class=\"elementor-widget-container\">\n\t\t\t\t\t<h2 class=\"elementor-heading-title elementor-size-default\">T\u00f5lgendamine ja m\u00f5isted<\/h2>\t\t\t\t<\/div>\n\t\t\t\t<\/div>\n\t\t\t\t<div class=\"elementor-element elementor-element-4bfe61f4 elementor-widget elementor-widget-text-editor\" data-id=\"4bfe61f4\" data-element_type=\"widget\" data-e-type=\"widget\" data-widget_type=\"text-editor.default\">\n\t\t\t\t<div class=\"elementor-widget-container\">\n\t\t\t\t\t\t\t\t\t<p>T\u00f5lgendus:<\/p>\t\t\t\t\t\t\t\t<\/div>\n\t\t\t\t<\/div>\n\t\t\t\t<div class=\"elementor-element elementor-element-276c9ff8 elementor-widget elementor-widget-text-editor\" data-id=\"276c9ff8\" data-element_type=\"widget\" data-e-type=\"widget\" data-widget_type=\"text-editor.default\">\n\t\t\t\t<div class=\"elementor-widget-container\">\n\t\t\t\t\t\t\t\t\t<p>Suurt\u00e4htedega kirjutatud m\u00f5istete t\u00e4hendus on m\u00e4\u00e4ratletud allpool.<\/p>\t\t\t\t\t\t\t\t<\/div>\n\t\t\t\t<\/div>\n\t\t\t\t<div class=\"elementor-element elementor-element-3b7dddb6 elementor-widget elementor-widget-text-editor\" data-id=\"3b7dddb6\" data-element_type=\"widget\" data-e-type=\"widget\" data-widget_type=\"text-editor.default\">\n\t\t\t\t<div class=\"elementor-widget-container\">\n\t\t\t\t\t\t\t\t\t<p>M\u00e4\u00e4ratlused:<\/p>\t\t\t\t\t\t\t\t<\/div>\n\t\t\t\t<\/div>\n\t\t\t\t<div class=\"elementor-element elementor-element-61c95ecb elementor-widget elementor-widget-text-editor\" data-id=\"61c95ecb\" data-element_type=\"widget\" data-e-type=\"widget\" data-widget_type=\"text-editor.default\">\n\t\t\t\t<div class=\"elementor-widget-container\">\n\t\t\t\t\t\t\t\t\t<ul><li aria-level=\"1\">Ettev\u00f5te (\u201eMeie\u201c, \u201eMe\u201c v\u00f5i \u201eMeie\u201c): BaltixSport, Kap\u0173 g. 50 Vilkavi\u0161kis, 70121 Vilkavi\u0161kio r. sav., Leedu.<br>Riik: Leedu<br>Seade: Mis tahes seade, mis v\u00f5imaldab juurdep\u00e4\u00e4su teenusele.<br>Teenus: Veebileht (www.baltixsport.com).<br>Teie: Teenust kasutav isik v\u00f5i tema seaduslik esindaja.<\/li><\/ul>\t\t\t\t\t\t\t\t<\/div>\n\t\t\t\t<\/div>\n\t\t\t\t<\/div>\n\t\t\t\t<div class=\"elementor-element elementor-element-69503850 elementor-widget elementor-widget-heading\" data-id=\"69503850\" data-element_type=\"widget\" data-e-type=\"widget\" data-widget_type=\"heading.default\">\n\t\t\t\t<div class=\"elementor-widget-container\">\n\t\t\t\t\t<h2 class=\"elementor-heading-title elementor-size-default\">Tingimused<\/h2>\t\t\t\t<\/div>\n\t\t\t\t<\/div>\n\t\t\t\t<div class=\"elementor-element elementor-element-7c3a7694 elementor-widget elementor-widget-text-editor\" data-id=\"7c3a7694\" data-element_type=\"widget\" data-e-type=\"widget\" data-widget_type=\"text-editor.default\">\n\t\t\t\t<div class=\"elementor-widget-container\">\n\t\t\t\t\t\t\t\t\t<p>Kinnitus<\/p>\t\t\t\t\t\t\t\t<\/div>\n\t\t\t\t<\/div>\n\t\t\t\t<div class=\"elementor-element elementor-element-8951f36 elementor-widget elementor-widget-text-editor\" data-id=\"8951f36\" data-element_type=\"widget\" data-e-type=\"widget\" data-widget_type=\"text-editor.default\">\n\t\t\t\t<div class=\"elementor-widget-container\">\n\t\t\t\t\t\t\t\t\t<p>K\u00e4esolevad tingimused kehtivad k\u00f5igile teenuse kasutajatele. Teenust kasutades n\u00f5ustute, et need tingimused on teie jaoks siduvad. Kui te ei n\u00f5ustu, \u00e4rge kasutage Teenust.  <\/p>\t\t\t\t\t\t\t\t<\/div>\n\t\t\t\t<\/div>\n\t\t\t\t<div class=\"elementor-element elementor-element-00ab66e elementor-widget elementor-widget-text-editor\" data-id=\"00ab66e\" data-element_type=\"widget\" data-e-type=\"widget\" data-widget_type=\"text-editor.default\">\n\t\t\t\t<div class=\"elementor-widget-container\">\n\t\t\t\t\t\t\t\t\t<p>Abik\u00f5lblikkus<\/p>\t\t\t\t\t\t\t\t<\/div>\n\t\t\t\t<\/div>\n\t\t\t\t<div class=\"elementor-element elementor-element-1f400a22 elementor-widget elementor-widget-text-editor\" data-id=\"1f400a22\" data-element_type=\"widget\" data-e-type=\"widget\" data-widget_type=\"text-editor.default\">\n\t\t\t\t<div class=\"elementor-widget-container\">\n\t\t\t\t\t\t\t\t\t<p>Meie teenus on m\u00f5eldud 15-aastastele ja vanematele kasutajatele. Alla 18-aastastel kasutajatel peab olema vanemate v\u00f5i eestkostja n\u00f5usolek. <\/p>\t\t\t\t\t\t\t\t<\/div>\n\t\t\t\t<\/div>\n\t\t\t\t<div class=\"elementor-element elementor-element-6a281f8d elementor-widget elementor-widget-text-editor\" data-id=\"6a281f8d\" data-element_type=\"widget\" data-e-type=\"widget\" data-widget_type=\"text-editor.default\">\n\t\t\t\t<div class=\"elementor-widget-container\">\n\t\t\t\t\t\t\t\t\t<p>Konto loomine puudub<\/p>\t\t\t\t\t\t\t\t<\/div>\n\t\t\t\t<\/div>\n\t\t\t\t<div class=\"elementor-element elementor-element-4d4821cf elementor-widget elementor-widget-text-editor\" data-id=\"4d4821cf\" data-element_type=\"widget\" data-e-type=\"widget\" data-widget_type=\"text-editor.default\">\n\t\t\t\t<div class=\"elementor-widget-container\">\n\t\t\t\t\t\t\t\t\t<p>Me ei paku ega n\u00f5ua kasutajakontosid. Kogu suhtlus toimub vormide esitamise, p\u00e4ringute ja teenuste eest tasumise kaudu. <\/p>\t\t\t\t\t\t\t\t<\/div>\n\t\t\t\t<\/div>\n\t\t\t\t<div class=\"elementor-element elementor-element-ee97601 elementor-widget elementor-widget-text-editor\" data-id=\"ee97601\" data-element_type=\"widget\" data-e-type=\"widget\" data-widget_type=\"text-editor.default\">\n\t\t\t\t<div class=\"elementor-widget-container\">\n\t\t\t\t\t\t\t\t\t<p>Kasutaja esitatud andmed<\/p>\t\t\t\t\t\t\t\t<\/div>\n\t\t\t\t<\/div>\n\t\t\t\t<div class=\"elementor-element elementor-element-7a486e41 elementor-widget elementor-widget-text-editor\" data-id=\"7a486e41\" data-element_type=\"widget\" data-e-type=\"widget\" data-widget_type=\"text-editor.default\">\n\t\t\t\t<div class=\"elementor-widget-container\">\n\t\t\t\t\t\t\t\t\t<p>Kasutajad v\u00f5ivad esitada videoid v\u00f5i meediasisu meie vormide kaudu. Esitamisega annate meile mitteeksklusiivse, kasutustasuta, \u00fclemaailmse litsentsi kasutada sellist sisu \u00fcksnes teenuse hindamise ja v\u00e4rbamise eesm\u00e4rgil. Alaealiste esitatud materjalid peavad olema esitatud vanemate n\u00f5usolekul.  <\/p>\t\t\t\t\t\t\t\t<\/div>\n\t\t\t\t<\/div>\n\t\t\t\t<div class=\"elementor-element elementor-element-5dcc3f5 elementor-widget elementor-widget-text-editor\" data-id=\"5dcc3f5\" data-element_type=\"widget\" data-e-type=\"widget\" data-widget_type=\"text-editor.default\">\n\t\t\t\t<div class=\"elementor-widget-container\">\n\t\t\t\t\t\t\t\t\t<p>Maksed<\/p>\t\t\t\t\t\t\t\t<\/div>\n\t\t\t\t<\/div>\n\t\t\t\t<div class=\"elementor-element elementor-element-116cd1a elementor-widget elementor-widget-text-editor\" data-id=\"116cd1a\" data-element_type=\"widget\" data-e-type=\"widget\" data-widget_type=\"text-editor.default\">\n\t\t\t\t<div class=\"elementor-widget-container\">\n\t\t\t\t\t\t\t\t\t<p>Veebisaidi kaudu v\u00f5ite osta \u00fchekordseid teenuseid. Me ei paku tellimusi <\/p>\t\t\t\t\t\t\t\t<\/div>\n\t\t\t\t<\/div>\n\t\t\t\t<div class=\"elementor-element elementor-element-8c0eb3e elementor-widget elementor-widget-text-editor\" data-id=\"8c0eb3e\" data-element_type=\"widget\" data-e-type=\"widget\" data-widget_type=\"text-editor.default\">\n\t\t\t\t<div class=\"elementor-widget-container\">\n\t\t\t\t\t\t\t\t\t<p>Veebisaidi kaudu v\u00f5ite osta \u00fchekordseid teenuseid. Me ei paku tellimusi <\/p>\t\t\t\t\t\t\t\t<\/div>\n\t\t\t\t<\/div>\n\t\t\t\t<div class=\"elementor-element elementor-element-e517f67 elementor-widget elementor-widget-text-editor\" data-id=\"e517f67\" data-element_type=\"widget\" data-e-type=\"widget\" data-widget_type=\"text-editor.default\">\n\t\t\t\t<div class=\"elementor-widget-container\">\n\t\t\t\t\t\t\t\t\t<p>Veebisaidi kaudu v\u00f5ite osta \u00fchekordseid teenuseid. Me ei paku tellimusi <\/p>\t\t\t\t\t\t\t\t<\/div>\n\t\t\t\t<\/div>\n\t\t\t\t<div class=\"elementor-element elementor-element-64e1dff elementor-widget elementor-widget-text-editor\" data-id=\"64e1dff\" data-element_type=\"widget\" data-e-type=\"widget\" data-widget_type=\"text-editor.default\">\n\t\t\t\t<div class=\"elementor-widget-container\">\n\t\t\t\t\t\t\t\t\t<p>Lingid teistele veebisaitidele<\/p>\t\t\t\t\t\t\t\t<\/div>\n\t\t\t\t<\/div>\n\t\t\t\t<div class=\"elementor-element elementor-element-4a4ae63 elementor-widget elementor-widget-text-editor\" data-id=\"4a4ae63\" data-element_type=\"widget\" data-e-type=\"widget\" data-widget_type=\"text-editor.default\">\n\t\t\t\t<div class=\"elementor-widget-container\">\n\t\t\t\t\t\t\t\t\t<p>Me ei vastuta meie teenuse kaudu seotud kolmandate isikute veebisaitide eest. Kasutage neid omal vastutusel. <\/p>\t\t\t\t\t\t\t\t<\/div>\n\t\t\t\t<\/div>\n\t\t\t\t<div class=\"elementor-element elementor-element-48796c3 elementor-widget elementor-widget-text-editor\" data-id=\"48796c3\" data-element_type=\"widget\" data-e-type=\"widget\" data-widget_type=\"text-editor.default\">\n\t\t\t\t<div class=\"elementor-widget-container\">\n\t\t\t\t\t\t\t\t\t<p>L\u00f5petamine<\/p>\t\t\t\t\t\t\t\t<\/div>\n\t\t\t\t<\/div>\n\t\t\t\t<div class=\"elementor-element elementor-element-aa9fa30 elementor-widget elementor-widget-text-editor\" data-id=\"aa9fa30\" data-element_type=\"widget\" data-e-type=\"widget\" data-widget_type=\"text-editor.default\">\n\t\t\t\t<div class=\"elementor-widget-container\">\n\t\t\t\t\t\t\t\t\t<p>Nende tingimuste rikkumise korral v\u00f5ime igal ajal Teenusele juurdep\u00e4\u00e4su l\u00f5petada.<\/p>\t\t\t\t\t\t\t\t<\/div>\n\t\t\t\t<\/div>\n\t\t\t\t<div class=\"elementor-element elementor-element-a8c12ca elementor-widget elementor-widget-text-editor\" data-id=\"a8c12ca\" data-element_type=\"widget\" data-e-type=\"widget\" data-widget_type=\"text-editor.default\">\n\t\t\t\t<div class=\"elementor-widget-container\">\n\t\t\t\t\t\t\t\t\t<p>Vastutuse piiramine<\/p>\t\t\t\t\t\t\t\t<\/div>\n\t\t\t\t<\/div>\n\t\t\t\t<div class=\"elementor-element elementor-element-bc213fc elementor-widget elementor-widget-text-editor\" data-id=\"bc213fc\" data-element_type=\"widget\" data-e-type=\"widget\" data-widget_type=\"text-editor.default\">\n\t\t\t\t<div class=\"elementor-widget-container\">\n\t\t\t\t\t\t\t\t\t<p>Meie vastutus piirdub teie poolt teenuse eest makstud summaga v\u00f5i 100 USA dollariga, olenevalt sellest, kumb summa on v\u00e4iksem. Me ei vastuta kaudsete v\u00f5i kaudsete kahjude eest. <\/p>\t\t\t\t\t\t\t\t<\/div>\n\t\t\t\t<\/div>\n\t\t\t\t<div class=\"elementor-element elementor-element-f89dade elementor-widget elementor-widget-text-editor\" data-id=\"f89dade\" data-element_type=\"widget\" data-e-type=\"widget\" data-widget_type=\"text-editor.default\">\n\t\t\t\t<div class=\"elementor-widget-container\">\n\t\t\t\t\t\t\t\t\t<p>\u201eNagu on\u201c Vastutusest vabastus<\/p>\t\t\t\t\t\t\t\t<\/div>\n\t\t\t\t<\/div>\n\t\t\t\t<div class=\"elementor-element elementor-element-5c378f6 elementor-widget elementor-widget-text-editor\" data-id=\"5c378f6\" data-element_type=\"widget\" data-e-type=\"widget\" data-widget_type=\"text-editor.default\">\n\t\t\t\t<div class=\"elementor-widget-container\">\n\t\t\t\t\t\t\t\t\t<p>Teenust osutatakse \u201enagu see on\u201c ja \u201enagu see on saadaval\u201c ilma igasuguste garantiideta.<\/p>\t\t\t\t\t\t\t\t<\/div>\n\t\t\t\t<\/div>\n\t\t\t\t<div class=\"elementor-element elementor-element-0568670 elementor-widget elementor-widget-text-editor\" data-id=\"0568670\" data-element_type=\"widget\" data-e-type=\"widget\" data-widget_type=\"text-editor.default\">\n\t\t\t\t<div class=\"elementor-widget-container\">\n\t\t\t\t\t\t\t\t\t<p>Kohaldatav \u00f5igus<\/p>\t\t\t\t\t\t\t\t<\/div>\n\t\t\t\t<\/div>\n\t\t\t\t<div class=\"elementor-element elementor-element-361e18c elementor-widget elementor-widget-text-editor\" data-id=\"361e18c\" data-element_type=\"widget\" data-e-type=\"widget\" data-widget_type=\"text-editor.default\">\n\t\t\t\t<div class=\"elementor-widget-container\">\n\t\t\t\t\t\t\t\t\t<p>K\u00e4esolevate tingimuste suhtes kohaldatakse Leedu seadusi. ELi tarbijatele kehtivad ka nende elukohariigi kohustuslikud s\u00e4tted. <\/p>\t\t\t\t\t\t\t\t<\/div>\n\t\t\t\t<\/div>\n\t\t\t\t<div class=\"elementor-element elementor-element-e2abb10 elementor-widget elementor-widget-text-editor\" data-id=\"e2abb10\" data-element_type=\"widget\" data-e-type=\"widget\" data-widget_type=\"text-editor.default\">\n\t\t\t\t<div class=\"elementor-widget-container\">\n\t\t\t\t\t\t\t\t\t<p>Vaidluste lahendamine<\/p>\t\t\t\t\t\t\t\t<\/div>\n\t\t\t\t<\/div>\n\t\t\t\t<div class=\"elementor-element elementor-element-4519a33 elementor-widget elementor-widget-text-editor\" data-id=\"4519a33\" data-element_type=\"widget\" data-e-type=\"widget\" data-widget_type=\"text-editor.default\">\n\t\t\t\t<div class=\"elementor-widget-container\">\n\t\t\t\t\t\t\t\t\t<p>Vaidluste mitteametlikuks lahendamiseks v\u00f5tke meiega k\u00f5igepealt \u00fchendust.<\/p>\t\t\t\t\t\t\t\t<\/div>\n\t\t\t\t<\/div>\n\t\t\t\t<div class=\"elementor-element elementor-element-8f1933e elementor-widget elementor-widget-text-editor\" data-id=\"8f1933e\" data-element_type=\"widget\" data-e-type=\"widget\" data-widget_type=\"text-editor.default\">\n\t\t\t\t<div class=\"elementor-widget-container\">\n\t\t\t\t\t\t\t\t\t<p>Eraldatavus ja loobumine<\/p>\t\t\t\t\t\t\t\t<\/div>\n\t\t\t\t<\/div>\n\t\t\t\t<div class=\"elementor-element elementor-element-0cc864d elementor-widget elementor-widget-text-editor\" data-id=\"0cc864d\" data-element_type=\"widget\" data-e-type=\"widget\" data-widget_type=\"text-editor.default\">\n\t\t\t\t<div class=\"elementor-widget-container\">\n\t\t\t\t\t\t\t\t\t<p>  Kui m\u00f5ni s\u00e4te osutub j\u00f5ustamatuks, muudetakse seda nii, et see kajastaks algset kavatsust. Loobumine peab olema selges\u00f5naline. <\/p>\t\t\t\t\t\t\t\t<\/div>\n\t\t\t\t<\/div>\n\t\t\t\t<div class=\"elementor-element elementor-element-8f4d56e elementor-widget elementor-widget-text-editor\" data-id=\"8f4d56e\" data-element_type=\"widget\" data-e-type=\"widget\" data-widget_type=\"text-editor.default\">\n\t\t\t\t<div class=\"elementor-widget-container\">\n\t\t\t\t\t\t\t\t\t<p>Muudatused nendes tingimustes<\/p>\t\t\t\t\t\t\t\t<\/div>\n\t\t\t\t<\/div>\n\t\t\t\t<div class=\"elementor-element elementor-element-e221c07 elementor-widget elementor-widget-text-editor\" data-id=\"e221c07\" data-element_type=\"widget\" data-e-type=\"widget\" data-widget_type=\"text-editor.default\">\n\t\t\t\t<div class=\"elementor-widget-container\">\n\t\t\t\t\t\t\t\t\t<p>Me v\u00f5ime neid tingimusi igal ajal muuta. Olulistest muudatustest teatatakse v\u00e4hemalt 30 p\u00e4eva ette. Kasutamise j\u00e4tkamine p\u00e4rast muudatusi t\u00e4hendab n\u00f5ustumist.  <\/p>\t\t\t\t\t\t\t\t<\/div>\n\t\t\t\t<\/div>\n\t\t\t\t<div class=\"elementor-element elementor-element-a5055d2 elementor-widget elementor-widget-text-editor\" data-id=\"a5055d2\" data-element_type=\"widget\" data-e-type=\"widget\" data-widget_type=\"text-editor.default\">\n\t\t\t\t<div class=\"elementor-widget-container\">\n\t\t\t\t\t\t\t\t\t<p>V\u00f5tke meiega \u00fchendust<\/p>\t\t\t\t\t\t\t\t<\/div>\n\t\t\t\t<\/div>\n\t\t\t\t<div class=\"elementor-element elementor-element-20ecaf9 elementor-widget elementor-widget-text-editor\" data-id=\"20ecaf9\" data-element_type=\"widget\" data-e-type=\"widget\" data-widget_type=\"text-editor.default\">\n\t\t\t\t<div class=\"elementor-widget-container\">\n\t\t\t\t\t\t\t\t\t<p>becca@baltixsport.com<\/p>\t\t\t\t\t\t\t\t<\/div>\n\t\t\t\t<\/div>\n\t\t\t\t\t<\/div>\n\t\t\t\t<\/div>\n\t\t\t\t<\/div>\n\t\t","protected":false},"excerpt":{"rendered":"<p>Tingimused Viimati uuendatud: mai 23, 2025 Palun lugege need tingimused hoolikalt l\u00e4bi enne meie teenuse kasutamist. T\u00f5lgendamine ja m\u00f5isted T\u00f5lgendus: Suurt\u00e4htedega kirjutatud m\u00f5istete t\u00e4hendus on m\u00e4\u00e4ratletud allpool. M\u00e4\u00e4ratlused: Ettev\u00f5te (\u201eMeie\u201c, \u201eMe\u201c v\u00f5i \u201eMeie\u201c): BaltixSport, Kap\u0173 g. 50 Vilkavi\u0161kis, 70121 Vilkavi\u0161kio r. sav., Leedu.Riik: LeeduSeade: Mis tahes seade, mis v\u00f5imaldab juurdep\u00e4\u00e4su teenusele.Teenus: Veebileht (www.baltixsport.com).Teie: Teenust kasutav [&hellip;]<\/p>\n","protected":false},"author":2,"featured_media":0,"parent":0,"menu_order":0,"comment_status":"closed","ping_status":"closed","template":"elementor_header_footer","meta":{"footnotes":""},"class_list":["post-1584","page","type-page","status-publish","hentry"],"yoast_head":"<!-- This site is optimized with the Yoast SEO plugin v27.4 - https:\/\/yoast.com\/product\/yoast-seo-wordpress\/ -->\n<title>Tingimused - BaltixSport<\/title>\n<meta name=\"robots\" content=\"index, follow, max-snippet:-1, max-image-preview:large, max-video-preview:-1\" \/>\n<link rel=\"canonical\" href=\"https:\/\/baltixsport.com\/et\/tingimused\/\" \/>\n<meta property=\"og:locale\" content=\"et_EE\" \/>\n<meta property=\"og:type\" content=\"article\" \/>\n<meta property=\"og:title\" content=\"Tingimused - BaltixSport\" \/>\n<meta property=\"og:description\" content=\"Tingimused Viimati uuendatud: mai 23, 2025 Palun lugege need tingimused hoolikalt l\u00e4bi enne meie teenuse kasutamist. T\u00f5lgendamine ja m\u00f5isted T\u00f5lgendus: Suurt\u00e4htedega kirjutatud m\u00f5istete t\u00e4hendus on m\u00e4\u00e4ratletud allpool. M\u00e4\u00e4ratlused: Ettev\u00f5te (\u201eMeie\u201c, \u201eMe\u201c v\u00f5i \u201eMeie\u201c): BaltixSport, Kap\u0173 g. 50 Vilkavi\u0161kis, 70121 Vilkavi\u0161kio r. sav., Leedu.Riik: LeeduSeade: Mis tahes seade, mis v\u00f5imaldab juurdep\u00e4\u00e4su teenusele.Teenus: Veebileht (www.baltixsport.com).Teie: Teenust kasutav [&hellip;]\" \/>\n<meta property=\"og:url\" content=\"https:\/\/baltixsport.com\/et\/tingimused\/\" \/>\n<meta property=\"og:site_name\" content=\"BaltixSport\" \/>\n<meta property=\"article:modified_time\" content=\"2025-06-04T10:52:07+00:00\" \/>\n<meta name=\"twitter:card\" content=\"summary_large_image\" \/>\n<meta name=\"twitter:label1\" content=\"Est. reading time\" \/>\n\t<meta name=\"twitter:data1\" content=\"2 minutit\" \/>\n<script type=\"application\/ld+json\" class=\"yoast-schema-graph\">{\"@context\":\"https:\\\/\\\/schema.org\",\"@graph\":[{\"@type\":\"WebPage\",\"@id\":\"https:\\\/\\\/baltixsport.com\\\/et\\\/tingimused\\\/\",\"url\":\"https:\\\/\\\/baltixsport.com\\\/et\\\/tingimused\\\/\",\"name\":\"Tingimused - BaltixSport\",\"isPartOf\":{\"@id\":\"https:\\\/\\\/baltixsport.com\\\/et\\\/#website\"},\"datePublished\":\"2025-05-23T09:53:06+00:00\",\"dateModified\":\"2025-06-04T10:52:07+00:00\",\"breadcrumb\":{\"@id\":\"https:\\\/\\\/baltixsport.com\\\/et\\\/tingimused\\\/#breadcrumb\"},\"inLanguage\":\"et\",\"potentialAction\":[{\"@type\":\"ReadAction\",\"target\":[\"https:\\\/\\\/baltixsport.com\\\/et\\\/tingimused\\\/\"]}]},{\"@type\":\"BreadcrumbList\",\"@id\":\"https:\\\/\\\/baltixsport.com\\\/et\\\/tingimused\\\/#breadcrumb\",\"itemListElement\":[{\"@type\":\"ListItem\",\"position\":1,\"name\":\"Kodu\",\"item\":\"https:\\\/\\\/baltixsport.com\\\/et\\\/kodu\\\/\"},{\"@type\":\"ListItem\",\"position\":2,\"name\":\"Tingimused\"}]},{\"@type\":\"WebSite\",\"@id\":\"https:\\\/\\\/baltixsport.com\\\/et\\\/#website\",\"url\":\"https:\\\/\\\/baltixsport.com\\\/et\\\/\",\"name\":\"BaltixSport\",\"description\":\"Balti riikide sportlaste \u00fchendamine USA spordistipendiumidega\",\"publisher\":{\"@id\":\"https:\\\/\\\/baltixsport.com\\\/et\\\/#organization\"},\"potentialAction\":[{\"@type\":\"SearchAction\",\"target\":{\"@type\":\"EntryPoint\",\"urlTemplate\":\"https:\\\/\\\/baltixsport.com\\\/et\\\/?s={search_term_string}\"},\"query-input\":{\"@type\":\"PropertyValueSpecification\",\"valueRequired\":true,\"valueName\":\"search_term_string\"}}],\"inLanguage\":\"et\"},{\"@type\":\"Organization\",\"@id\":\"https:\\\/\\\/baltixsport.com\\\/et\\\/#organization\",\"name\":\"BaltixSport\",\"url\":\"https:\\\/\\\/baltixsport.com\\\/et\\\/\",\"logo\":{\"@type\":\"ImageObject\",\"inLanguage\":\"et\",\"@id\":\"https:\\\/\\\/baltixsport.com\\\/et\\\/#\\\/schema\\\/logo\\\/image\\\/\",\"url\":\"https:\\\/\\\/baltixsport.com\\\/wp-content\\\/uploads\\\/2025\\\/03\\\/BXS-Logos-12-w.png\",\"contentUrl\":\"https:\\\/\\\/baltixsport.com\\\/wp-content\\\/uploads\\\/2025\\\/03\\\/BXS-Logos-12-w.png\",\"width\":3782,\"height\":835,\"caption\":\"BaltixSport\"},\"image\":{\"@id\":\"https:\\\/\\\/baltixsport.com\\\/et\\\/#\\\/schema\\\/logo\\\/image\\\/\"}}]}<\/script>\n<!-- \/ Yoast SEO plugin. -->","yoast_head_json":{"title":"Tingimused - BaltixSport","robots":{"index":"index","follow":"follow","max-snippet":"max-snippet:-1","max-image-preview":"max-image-preview:large","max-video-preview":"max-video-preview:-1"},"canonical":"https:\/\/baltixsport.com\/et\/tingimused\/","og_locale":"et_EE","og_type":"article","og_title":"Tingimused - BaltixSport","og_description":"Tingimused Viimati uuendatud: mai 23, 2025 Palun lugege need tingimused hoolikalt l\u00e4bi enne meie teenuse kasutamist. T\u00f5lgendamine ja m\u00f5isted T\u00f5lgendus: Suurt\u00e4htedega kirjutatud m\u00f5istete t\u00e4hendus on m\u00e4\u00e4ratletud allpool. M\u00e4\u00e4ratlused: Ettev\u00f5te (\u201eMeie\u201c, \u201eMe\u201c v\u00f5i \u201eMeie\u201c): BaltixSport, Kap\u0173 g. 50 Vilkavi\u0161kis, 70121 Vilkavi\u0161kio r. sav., Leedu.Riik: LeeduSeade: Mis tahes seade, mis v\u00f5imaldab juurdep\u00e4\u00e4su teenusele.Teenus: Veebileht (www.baltixsport.com).Teie: Teenust kasutav [&hellip;]","og_url":"https:\/\/baltixsport.com\/et\/tingimused\/","og_site_name":"BaltixSport","article_modified_time":"2025-06-04T10:52:07+00:00","twitter_card":"summary_large_image","twitter_misc":{"Est. reading time":"2 minutit"},"schema":{"@context":"https:\/\/schema.org","@graph":[{"@type":"WebPage","@id":"https:\/\/baltixsport.com\/et\/tingimused\/","url":"https:\/\/baltixsport.com\/et\/tingimused\/","name":"Tingimused - BaltixSport","isPartOf":{"@id":"https:\/\/baltixsport.com\/et\/#website"},"datePublished":"2025-05-23T09:53:06+00:00","dateModified":"2025-06-04T10:52:07+00:00","breadcrumb":{"@id":"https:\/\/baltixsport.com\/et\/tingimused\/#breadcrumb"},"inLanguage":"et","potentialAction":[{"@type":"ReadAction","target":["https:\/\/baltixsport.com\/et\/tingimused\/"]}]},{"@type":"BreadcrumbList","@id":"https:\/\/baltixsport.com\/et\/tingimused\/#breadcrumb","itemListElement":[{"@type":"ListItem","position":1,"name":"Kodu","item":"https:\/\/baltixsport.com\/et\/kodu\/"},{"@type":"ListItem","position":2,"name":"Tingimused"}]},{"@type":"WebSite","@id":"https:\/\/baltixsport.com\/et\/#website","url":"https:\/\/baltixsport.com\/et\/","name":"BaltixSport","description":"Balti riikide sportlaste \u00fchendamine USA spordistipendiumidega","publisher":{"@id":"https:\/\/baltixsport.com\/et\/#organization"},"potentialAction":[{"@type":"SearchAction","target":{"@type":"EntryPoint","urlTemplate":"https:\/\/baltixsport.com\/et\/?s={search_term_string}"},"query-input":{"@type":"PropertyValueSpecification","valueRequired":true,"valueName":"search_term_string"}}],"inLanguage":"et"},{"@type":"Organization","@id":"https:\/\/baltixsport.com\/et\/#organization","name":"BaltixSport","url":"https:\/\/baltixsport.com\/et\/","logo":{"@type":"ImageObject","inLanguage":"et","@id":"https:\/\/baltixsport.com\/et\/#\/schema\/logo\/image\/","url":"https:\/\/baltixsport.com\/wp-content\/uploads\/2025\/03\/BXS-Logos-12-w.png","contentUrl":"https:\/\/baltixsport.com\/wp-content\/uploads\/2025\/03\/BXS-Logos-12-w.png","width":3782,"height":835,"caption":"BaltixSport"},"image":{"@id":"https:\/\/baltixsport.com\/et\/#\/schema\/logo\/image\/"}}]}},"_links":{"self":[{"href":"https:\/\/baltixsport.com\/et\/wp-json\/wp\/v2\/pages\/1584","targetHints":{"allow":["GET"]}}],"collection":[{"href":"https:\/\/baltixsport.com\/et\/wp-json\/wp\/v2\/pages"}],"about":[{"href":"https:\/\/baltixsport.com\/et\/wp-json\/wp\/v2\/types\/page"}],"author":[{"embeddable":true,"href":"https:\/\/baltixsport.com\/et\/wp-json\/wp\/v2\/users\/2"}],"replies":[{"embeddable":true,"href":"https:\/\/baltixsport.com\/et\/wp-json\/wp\/v2\/comments?post=1584"}],"version-history":[{"count":1,"href":"https:\/\/baltixsport.com\/et\/wp-json\/wp\/v2\/pages\/1584\/revisions"}],"predecessor-version":[{"id":1587,"href":"https:\/\/baltixsport.com\/et\/wp-json\/wp\/v2\/pages\/1584\/revisions\/1587"}],"wp:attachment":[{"href":"https:\/\/baltixsport.com\/et\/wp-json\/wp\/v2\/media?parent=1584"}],"curies":[{"name":"wp","href":"https:\/\/api.w.org\/{rel}","templated":true}]}}