{"id":1590,"date":"2025-05-23T09:32:15","date_gmt":"2025-05-23T09:32:15","guid":{"rendered":"https:\/\/baltixsport.com\/privaatsuspoliitika\/"},"modified":"2025-06-04T10:52:05","modified_gmt":"2025-06-04T10:52:05","slug":"privaatsuspoliitika","status":"publish","type":"page","link":"https:\/\/baltixsport.com\/et\/privaatsuspoliitika\/","title":{"rendered":"Privaatsuspoliitika"},"content":{"rendered":"\t\t<div data-elementor-type=\"wp-page\" data-elementor-id=\"1590\" class=\"elementor elementor-1590 elementor-783\" data-elementor-post-type=\"page\">\n\t\t\t\t<div class=\"elementor-element elementor-element-cff9fc1 e-flex e-con-boxed e-con e-parent\" data-id=\"cff9fc1\" data-element_type=\"container\" data-e-type=\"container\">\n\t\t\t\t\t<div class=\"e-con-inner\">\n\t\t<div class=\"elementor-element elementor-element-f958590 e-flex e-con-boxed e-con e-child\" data-id=\"f958590\" data-element_type=\"container\" data-e-type=\"container\" data-settings=\"{&quot;background_background&quot;:&quot;classic&quot;}\">\n\t\t\t\t\t<div class=\"e-con-inner\">\n\t\t\t\t<div class=\"elementor-element elementor-element-0f492dc elementor-widget elementor-widget-heading\" data-id=\"0f492dc\" data-element_type=\"widget\" data-e-type=\"widget\" data-widget_type=\"heading.default\">\n\t\t\t\t<div class=\"elementor-widget-container\">\n\t\t\t\t\t<h2 class=\"elementor-heading-title elementor-size-default\">Privaatsuspoliitika<\/h2>\t\t\t\t<\/div>\n\t\t\t\t<\/div>\n\t\t\t\t\t<\/div>\n\t\t\t\t<\/div>\n\t\t<div class=\"elementor-element elementor-element-5a913d3 e-con-full e-flex e-con e-child\" data-id=\"5a913d3\" data-element_type=\"container\" data-e-type=\"container\">\n\t\t\t\t<div class=\"elementor-element elementor-element-95c7c53 elementor-widget elementor-widget-text-editor\" data-id=\"95c7c53\" data-element_type=\"widget\" data-e-type=\"widget\" data-widget_type=\"text-editor.default\">\n\t\t\t\t<div class=\"elementor-widget-container\">\n\t\t\t\t\t\t\t\t\t<p>Viimati uuendatud: mai 23, 2025<\/p>\t\t\t\t\t\t\t\t<\/div>\n\t\t\t\t<\/div>\n\t\t\t\t<div class=\"elementor-element elementor-element-3661d1e elementor-widget elementor-widget-text-editor\" data-id=\"3661d1e\" data-element_type=\"widget\" data-e-type=\"widget\" data-widget_type=\"text-editor.default\">\n\t\t\t\t<div class=\"elementor-widget-container\">\n\t\t\t\t\t\t\t\t\t<p>K\u00e4esolevas privaatsuspoliitikas kirjeldatakse meie poliitikaid ja menetlusi teie andmete kogumise, kasutamise ja avalikustamise kohta, kui kasutate teenust, ning antakse teile teavet teie privaatsus\u00f5iguste kohta ja selle kohta, kuidas seadus teid kaitseb.<\/p><p>Me kasutame teie isikuandmeid teenuse pakkumiseks ja parandamiseks. Teenust kasutades n\u00f5ustute andmete kogumise ja kasutamisega vastavalt k\u00e4esolevale privaatsuspoliitikale. <\/p>\t\t\t\t\t\t\t\t<\/div>\n\t\t\t\t<\/div>\n\t\t\t\t<div class=\"elementor-element elementor-element-2ed62f0 elementor-widget elementor-widget-heading\" data-id=\"2ed62f0\" data-element_type=\"widget\" data-e-type=\"widget\" data-widget_type=\"heading.default\">\n\t\t\t\t<div class=\"elementor-widget-container\">\n\t\t\t\t\t<h2 class=\"elementor-heading-title elementor-size-default\">T\u00f5lgendamine ja m\u00f5isted<\/h2>\t\t\t\t<\/div>\n\t\t\t\t<\/div>\n\t\t\t\t<div class=\"elementor-element elementor-element-ff6b847 elementor-widget elementor-widget-text-editor\" data-id=\"ff6b847\" data-element_type=\"widget\" data-e-type=\"widget\" data-widget_type=\"text-editor.default\">\n\t\t\t\t<div class=\"elementor-widget-container\">\n\t\t\t\t\t\t\t\t\t<p>T\u00f5lgendus:<\/p>\t\t\t\t\t\t\t\t<\/div>\n\t\t\t\t<\/div>\n\t\t\t\t<div class=\"elementor-element elementor-element-3cb3fac elementor-widget elementor-widget-text-editor\" data-id=\"3cb3fac\" data-element_type=\"widget\" data-e-type=\"widget\" data-widget_type=\"text-editor.default\">\n\t\t\t\t<div class=\"elementor-widget-container\">\n\t\t\t\t\t\t\t\t\t<p>Suurt\u00e4htedega kirjutatud m\u00f5istete t\u00e4hendus on m\u00e4\u00e4ratletud allpool.<\/p>\t\t\t\t\t\t\t\t<\/div>\n\t\t\t\t<\/div>\n\t\t\t\t<div class=\"elementor-element elementor-element-9dc25ea elementor-widget elementor-widget-text-editor\" data-id=\"9dc25ea\" data-element_type=\"widget\" data-e-type=\"widget\" data-widget_type=\"text-editor.default\">\n\t\t\t\t<div class=\"elementor-widget-container\">\n\t\t\t\t\t\t\t\t\t<p>M\u00e4\u00e4ratlused:<\/p>\t\t\t\t\t\t\t\t<\/div>\n\t\t\t\t<\/div>\n\t\t\t\t<div class=\"elementor-element elementor-element-1ea7967 elementor-widget elementor-widget-text-editor\" data-id=\"1ea7967\" data-element_type=\"widget\" data-e-type=\"widget\" data-widget_type=\"text-editor.default\">\n\t\t\t\t<div class=\"elementor-widget-container\">\n\t\t\t\t\t\t\t\t\t<ul><li aria-level=\"1\">Ettev\u00f5te (\u201eMeie\u201c, \u201eMe\u201c v\u00f5i \u201eMeie\u201c): BaltixSport, Kap\u0173 g. 50 Vilkavi\u0161kis, 70121 Vilkavi\u0161kio r. sav., Leedu.<\/li><li aria-level=\"1\">Riik: Leedu<\/li><li aria-level=\"1\">Seade: Mis tahes seade, mis saab teenusele juurdep\u00e4\u00e4su.<\/li><li aria-level=\"1\">Isikuandmed: Mis tahes teave tuvastatud v\u00f5i tuvastatava isiku kohta.<\/li><li aria-level=\"1\">Teenindus: Veebileht (www.baltixsport.com).<\/li><li aria-level=\"1\">Teenusepakkuja: Iga kolmas osapool, kes t\u00f6\u00f6tleb andmeid ettev\u00f5tte nimel.<\/li><li aria-level=\"1\">Kasutusandmed: Teenuse kasutamise ajal automaatselt kogutud andmed.<\/li><li aria-level=\"1\">Teie: Teenust kasutav isik v\u00f5i tema seaduslik esindaja.<\/li><\/ul>\t\t\t\t\t\t\t\t<\/div>\n\t\t\t\t<\/div>\n\t\t\t\t<\/div>\n\t\t\t\t<div class=\"elementor-element elementor-element-9a331ab elementor-widget elementor-widget-heading\" data-id=\"9a331ab\" data-element_type=\"widget\" data-e-type=\"widget\" data-widget_type=\"heading.default\">\n\t\t\t\t<div class=\"elementor-widget-container\">\n\t\t\t\t\t<h2 class=\"elementor-heading-title elementor-size-default\">Kogutud andmete liigid<\/h2>\t\t\t\t<\/div>\n\t\t\t\t<\/div>\n\t\t\t\t<div class=\"elementor-element elementor-element-05c9c28 elementor-widget elementor-widget-text-editor\" data-id=\"05c9c28\" data-element_type=\"widget\" data-e-type=\"widget\" data-widget_type=\"text-editor.default\">\n\t\t\t\t<div class=\"elementor-widget-container\">\n\t\t\t\t\t\t\t\t\t<p>Isikuandmed, mida me v\u00f5ime koguda:<\/p>\t\t\t\t\t\t\t\t<\/div>\n\t\t\t\t<\/div>\n\t\t\t\t<div class=\"elementor-element elementor-element-990546e elementor-widget elementor-widget-text-editor\" data-id=\"990546e\" data-element_type=\"widget\" data-e-type=\"widget\" data-widget_type=\"text-editor.default\">\n\t\t\t\t<div class=\"elementor-widget-container\">\n\t\t\t\t\t\t\t\t\t<ul><li aria-level=\"1\">Nimi<\/li><li aria-level=\"1\">E-post<\/li><li aria-level=\"1\">Telefoninumber<\/li><li aria-level=\"1\">Aadress<\/li><li aria-level=\"1\">Vormide kaudu esitatud video- v\u00f5i meediasisu<\/li><\/ul>\t\t\t\t\t\t\t\t<\/div>\n\t\t\t\t<\/div>\n\t\t\t\t<div class=\"elementor-element elementor-element-b1046d3 elementor-widget elementor-widget-text-editor\" data-id=\"b1046d3\" data-element_type=\"widget\" data-e-type=\"widget\" data-widget_type=\"text-editor.default\">\n\t\t\t\t<div class=\"elementor-widget-container\">\n\t\t\t\t\t\t\t\t\t<p>Me ei luba konto loomist. K\u00f5ik kogutud andmed on m\u00f5eldud suhtlemiseks v\u00f5i teenuste osutamiseks. <\/p><p><strong>Kasutusandmed &#8211;<\/strong> h\u00f5lmavad brauseri t\u00fc\u00fcpi, k\u00fclastatud lehek\u00fclgi, IP-aadressi ja ajatemplite andmeid.<\/p><p><strong>J\u00e4litustehnoloogiad ja k\u00fcpsised &#8211;<\/strong> kasutame k\u00fcpsiseid ja sarnaseid tehnoloogiaid funktsionaalsuse, anal\u00fc\u00fcsi ja kasutajakogemuse parandamise eesm\u00e4rgil. Saate k\u00fcpsiste kasutamisest keelduda brauseri seadete kaudu. <\/p>\t\t\t\t\t\t\t\t<\/div>\n\t\t\t\t<\/div>\n\t\t\t\t<div class=\"elementor-element elementor-element-03d4e12 elementor-widget elementor-widget-text-editor\" data-id=\"03d4e12\" data-element_type=\"widget\" data-e-type=\"widget\" data-widget_type=\"text-editor.default\">\n\t\t\t\t<div class=\"elementor-widget-container\">\n\t\t\t\t\t\t\t\t\t<p>Isikuandmete kasutamine:<\/p>\t\t\t\t\t\t\t\t<\/div>\n\t\t\t\t<\/div>\n\t\t\t\t<div class=\"elementor-element elementor-element-60f5eca elementor-widget elementor-widget-text-editor\" data-id=\"60f5eca\" data-element_type=\"widget\" data-e-type=\"widget\" data-widget_type=\"text-editor.default\">\n\t\t\t\t<div class=\"elementor-widget-container\">\n\t\t\t\t\t\t\t\t\t<p>Me kasutame isikuandmeid selleks, et<\/p><ul><li aria-level=\"1\">Teenuse osutamine ja parandamine<\/li><li aria-level=\"1\">Suhtle sinuga<\/li><li aria-level=\"1\">T\u00f6\u00f6tle makseid<\/li><li aria-level=\"1\">hinnata esitatud sisu (nt videod).<\/li><li aria-level=\"1\">T\u00e4ita \u00f5iguslikke kohustusi<\/li><\/ul>\t\t\t\t\t\t\t\t<\/div>\n\t\t\t\t<\/div>\n\t\t\t\t<div class=\"elementor-element elementor-element-147d6d6 elementor-widget elementor-widget-text-editor\" data-id=\"147d6d6\" data-element_type=\"widget\" data-e-type=\"widget\" data-widget_type=\"text-editor.default\">\n\t\t\t\t<div class=\"elementor-widget-container\">\n\t\t\t\t\t\t\t\t\t<p>Me ei paku liitumislepinguid ega korduvaid teenuseid.<\/p><p><strong>Laste privaatsus &#8211;<\/strong> Meie teenus on m\u00f5eldud 15-aastastele ja vanematele kasutajatele. Alla 18-aastaste kasutajate puhul on vajalik vanemate v\u00f5i eestkostjate n\u00f5usolek. Me ei kogu teadlikult andmeid alla 13-aastastelt lastelt. Kui usute, et teie laps on meile andmeid esitanud ilma n\u00f5usolekuta, v\u00f5tke meiega \u00fchendust.   <\/p><p><strong>Andmete s\u00e4ilitamine &#8211;<\/strong> Isikuandmeid ja esitatud sisu (nt videod) s\u00e4ilitatakse kuni 12 kuud, v\u00e4lja arvatud juhul, kui seadus n\u00f5uab teisiti v\u00f5i kui te ise seda taotlete.<\/p><p><strong>Andmete edastamine &#8211;<\/strong> teie andmeid v\u00f5idakse t\u00f6\u00f6delda v\u00e4ljaspool teie riiki. Kui andmeid edastatakse rahvusvaheliselt (nt ELi ja USA vahel), tagame, et on olemas piisavad kaitsemeetmed vastavalt GDPR-le. <\/p>\t\t\t\t\t\t\t\t<\/div>\n\t\t\t\t<\/div>\n\t\t\t\t<div class=\"elementor-element elementor-element-15b0402 elementor-widget elementor-widget-heading\" data-id=\"15b0402\" data-element_type=\"widget\" data-e-type=\"widget\" data-widget_type=\"heading.default\">\n\t\t\t\t<div class=\"elementor-widget-container\">\n\t\t\t\t\t<h2 class=\"elementor-heading-title elementor-size-default\">Teie \u00f5igused<\/h2>\t\t\t\t<\/div>\n\t\t\t\t<\/div>\n\t\t\t\t<div class=\"elementor-element elementor-element-f467729 elementor-widget elementor-widget-text-editor\" data-id=\"f467729\" data-element_type=\"widget\" data-e-type=\"widget\" data-widget_type=\"text-editor.default\">\n\t\t\t\t<div class=\"elementor-widget-container\">\n\t\t\t\t\t\t\t\t\t<p>Kui olete ELi elanik, on teil \u00f5igus:<\/p>\t\t\t\t\t\t\t\t<\/div>\n\t\t\t\t<\/div>\n\t\t\t\t<div class=\"elementor-element elementor-element-c6f2d52 elementor-widget elementor-widget-text-editor\" data-id=\"c6f2d52\" data-element_type=\"widget\" data-e-type=\"widget\" data-widget_type=\"text-editor.default\">\n\t\t\t\t<div class=\"elementor-widget-container\">\n\t\t\t\t\t\t\t\t\t<ul><li aria-level=\"1\">Juurdep\u00e4\u00e4s<\/li><li aria-level=\"1\">Korrigeerida<\/li><li aria-level=\"1\">Kustuta<\/li><li aria-level=\"1\">T\u00f6\u00f6tlemise piiramine<\/li><li aria-level=\"1\">Andmete \u00fclekantavus<\/li><li aria-level=\"1\">Vastulause t\u00f6\u00f6tlemisele<\/li><\/ul>\t\t\t\t\t\t\t\t<\/div>\n\t\t\t\t<\/div>\n\t\t\t\t<div class=\"elementor-element elementor-element-4fcb561 elementor-widget elementor-widget-text-editor\" data-id=\"4fcb561\" data-element_type=\"widget\" data-e-type=\"widget\" data-widget_type=\"text-editor.default\">\n\t\t\t\t<div class=\"elementor-widget-container\">\n\t\t\t\t\t\t\t\t\t<p>V\u00f5tke meiega \u00fchendust, et kasutada oma \u00f5igusi.<\/p><p><strong>Turvalisus &#8211;<\/strong> Me p\u00fc\u00fcame kaitsta teie isikuandmeid, kuid ei saa tagada absoluutset turvalisust.<\/p><p><strong>Lingid teistele veebisaitidele &#8211;<\/strong> Me ei vastuta meie veebisaidil lingitud kolmandate osapoolte veebisaitide sisu v\u00f5i privaatsustavade eest.<\/p><p><strong>Muudatused k\u00e4esolevasse privaatsuspoliitikasse &#8211;<\/strong> Me v\u00f5ime k\u00e4esolevat privaatsuspoliitikat ajakohastada. Muudatused j\u00f5ustuvad postitamisel. Me teavitame kasutajaid e-posti v\u00f5i meie veebisaidil oleva teate kaudu.  <\/p>\t\t\t\t\t\t\t\t<\/div>\n\t\t\t\t<\/div>\n\t\t\t\t<div class=\"elementor-element elementor-element-9e3dff9 elementor-widget elementor-widget-text-editor\" data-id=\"9e3dff9\" data-element_type=\"widget\" data-e-type=\"widget\" data-widget_type=\"text-editor.default\">\n\t\t\t\t<div class=\"elementor-widget-container\">\n\t\t\t\t\t\t\t\t\t<p>V\u00f5tke meiega \u00fchendust:<\/p>\t\t\t\t\t\t\t\t<\/div>\n\t\t\t\t<\/div>\n\t\t\t\t<div class=\"elementor-element elementor-element-6c64e12 elementor-widget elementor-widget-text-editor\" data-id=\"6c64e12\" data-element_type=\"widget\" data-e-type=\"widget\" data-widget_type=\"text-editor.default\">\n\t\t\t\t<div class=\"elementor-widget-container\">\n\t\t\t\t\t\t\t\t\t<p>becca@baltixsport.com<\/p>\t\t\t\t\t\t\t\t<\/div>\n\t\t\t\t<\/div>\n\t\t\t\t\t<\/div>\n\t\t\t\t<\/div>\n\t\t\t\t<\/div>\n\t\t","protected":false},"excerpt":{"rendered":"<p>Privaatsuspoliitika Viimati uuendatud: mai 23, 2025 K\u00e4esolevas privaatsuspoliitikas kirjeldatakse meie poliitikaid ja menetlusi teie andmete kogumise, kasutamise ja avalikustamise kohta, kui kasutate teenust, ning antakse teile teavet teie privaatsus\u00f5iguste kohta ja selle kohta, kuidas seadus teid kaitseb. Me kasutame teie isikuandmeid teenuse pakkumiseks ja parandamiseks. Teenust kasutades n\u00f5ustute andmete kogumise ja kasutamisega vastavalt k\u00e4esolevale privaatsuspoliitikale. [&hellip;]<\/p>\n","protected":false},"author":2,"featured_media":0,"parent":0,"menu_order":0,"comment_status":"closed","ping_status":"closed","template":"elementor_header_footer","meta":{"footnotes":""},"class_list":["post-1590","page","type-page","status-publish","hentry"],"yoast_head":"<!-- This site is optimized with the Yoast SEO plugin v27.4 - https:\/\/yoast.com\/product\/yoast-seo-wordpress\/ -->\n<title>Privaatsuspoliitika - BaltixSport<\/title>\n<meta name=\"robots\" content=\"index, follow, max-snippet:-1, max-image-preview:large, max-video-preview:-1\" \/>\n<link rel=\"canonical\" href=\"https:\/\/baltixsport.com\/et\/privaatsuspoliitika\/\" \/>\n<meta property=\"og:locale\" content=\"et_EE\" \/>\n<meta property=\"og:type\" content=\"article\" \/>\n<meta property=\"og:title\" content=\"Privaatsuspoliitika - BaltixSport\" \/>\n<meta property=\"og:description\" content=\"Privaatsuspoliitika Viimati uuendatud: mai 23, 2025 K\u00e4esolevas privaatsuspoliitikas kirjeldatakse meie poliitikaid ja menetlusi teie andmete kogumise, kasutamise ja avalikustamise kohta, kui kasutate teenust, ning antakse teile teavet teie privaatsus\u00f5iguste kohta ja selle kohta, kuidas seadus teid kaitseb. Me kasutame teie isikuandmeid teenuse pakkumiseks ja parandamiseks. Teenust kasutades n\u00f5ustute andmete kogumise ja kasutamisega vastavalt k\u00e4esolevale privaatsuspoliitikale. [&hellip;]\" \/>\n<meta property=\"og:url\" content=\"https:\/\/baltixsport.com\/et\/privaatsuspoliitika\/\" \/>\n<meta property=\"og:site_name\" content=\"BaltixSport\" \/>\n<meta property=\"article:modified_time\" content=\"2025-06-04T10:52:05+00:00\" \/>\n<meta name=\"twitter:card\" content=\"summary_large_image\" \/>\n<meta name=\"twitter:label1\" content=\"Est. reading time\" \/>\n\t<meta name=\"twitter:data1\" content=\"2 minutit\" \/>\n<script type=\"application\/ld+json\" class=\"yoast-schema-graph\">{\"@context\":\"https:\\\/\\\/schema.org\",\"@graph\":[{\"@type\":\"WebPage\",\"@id\":\"https:\\\/\\\/baltixsport.com\\\/et\\\/privaatsuspoliitika\\\/\",\"url\":\"https:\\\/\\\/baltixsport.com\\\/et\\\/privaatsuspoliitika\\\/\",\"name\":\"Privaatsuspoliitika - BaltixSport\",\"isPartOf\":{\"@id\":\"https:\\\/\\\/baltixsport.com\\\/et\\\/#website\"},\"datePublished\":\"2025-05-23T09:32:15+00:00\",\"dateModified\":\"2025-06-04T10:52:05+00:00\",\"breadcrumb\":{\"@id\":\"https:\\\/\\\/baltixsport.com\\\/et\\\/privaatsuspoliitika\\\/#breadcrumb\"},\"inLanguage\":\"et\",\"potentialAction\":[{\"@type\":\"ReadAction\",\"target\":[\"https:\\\/\\\/baltixsport.com\\\/et\\\/privaatsuspoliitika\\\/\"]}]},{\"@type\":\"BreadcrumbList\",\"@id\":\"https:\\\/\\\/baltixsport.com\\\/et\\\/privaatsuspoliitika\\\/#breadcrumb\",\"itemListElement\":[{\"@type\":\"ListItem\",\"position\":1,\"name\":\"Kodu\",\"item\":\"https:\\\/\\\/baltixsport.com\\\/et\\\/kodu\\\/\"},{\"@type\":\"ListItem\",\"position\":2,\"name\":\"Privaatsuspoliitika\"}]},{\"@type\":\"WebSite\",\"@id\":\"https:\\\/\\\/baltixsport.com\\\/et\\\/#website\",\"url\":\"https:\\\/\\\/baltixsport.com\\\/et\\\/\",\"name\":\"BaltixSport\",\"description\":\"Balti riikide sportlaste \u00fchendamine USA spordistipendiumidega\",\"publisher\":{\"@id\":\"https:\\\/\\\/baltixsport.com\\\/et\\\/#organization\"},\"potentialAction\":[{\"@type\":\"SearchAction\",\"target\":{\"@type\":\"EntryPoint\",\"urlTemplate\":\"https:\\\/\\\/baltixsport.com\\\/et\\\/?s={search_term_string}\"},\"query-input\":{\"@type\":\"PropertyValueSpecification\",\"valueRequired\":true,\"valueName\":\"search_term_string\"}}],\"inLanguage\":\"et\"},{\"@type\":\"Organization\",\"@id\":\"https:\\\/\\\/baltixsport.com\\\/et\\\/#organization\",\"name\":\"BaltixSport\",\"url\":\"https:\\\/\\\/baltixsport.com\\\/et\\\/\",\"logo\":{\"@type\":\"ImageObject\",\"inLanguage\":\"et\",\"@id\":\"https:\\\/\\\/baltixsport.com\\\/et\\\/#\\\/schema\\\/logo\\\/image\\\/\",\"url\":\"https:\\\/\\\/baltixsport.com\\\/wp-content\\\/uploads\\\/2025\\\/03\\\/BXS-Logos-12-w.png\",\"contentUrl\":\"https:\\\/\\\/baltixsport.com\\\/wp-content\\\/uploads\\\/2025\\\/03\\\/BXS-Logos-12-w.png\",\"width\":3782,\"height\":835,\"caption\":\"BaltixSport\"},\"image\":{\"@id\":\"https:\\\/\\\/baltixsport.com\\\/et\\\/#\\\/schema\\\/logo\\\/image\\\/\"}}]}<\/script>\n<!-- \/ Yoast SEO plugin. -->","yoast_head_json":{"title":"Privaatsuspoliitika - BaltixSport","robots":{"index":"index","follow":"follow","max-snippet":"max-snippet:-1","max-image-preview":"max-image-preview:large","max-video-preview":"max-video-preview:-1"},"canonical":"https:\/\/baltixsport.com\/et\/privaatsuspoliitika\/","og_locale":"et_EE","og_type":"article","og_title":"Privaatsuspoliitika - BaltixSport","og_description":"Privaatsuspoliitika Viimati uuendatud: mai 23, 2025 K\u00e4esolevas privaatsuspoliitikas kirjeldatakse meie poliitikaid ja menetlusi teie andmete kogumise, kasutamise ja avalikustamise kohta, kui kasutate teenust, ning antakse teile teavet teie privaatsus\u00f5iguste kohta ja selle kohta, kuidas seadus teid kaitseb. Me kasutame teie isikuandmeid teenuse pakkumiseks ja parandamiseks. Teenust kasutades n\u00f5ustute andmete kogumise ja kasutamisega vastavalt k\u00e4esolevale privaatsuspoliitikale. [&hellip;]","og_url":"https:\/\/baltixsport.com\/et\/privaatsuspoliitika\/","og_site_name":"BaltixSport","article_modified_time":"2025-06-04T10:52:05+00:00","twitter_card":"summary_large_image","twitter_misc":{"Est. reading time":"2 minutit"},"schema":{"@context":"https:\/\/schema.org","@graph":[{"@type":"WebPage","@id":"https:\/\/baltixsport.com\/et\/privaatsuspoliitika\/","url":"https:\/\/baltixsport.com\/et\/privaatsuspoliitika\/","name":"Privaatsuspoliitika - BaltixSport","isPartOf":{"@id":"https:\/\/baltixsport.com\/et\/#website"},"datePublished":"2025-05-23T09:32:15+00:00","dateModified":"2025-06-04T10:52:05+00:00","breadcrumb":{"@id":"https:\/\/baltixsport.com\/et\/privaatsuspoliitika\/#breadcrumb"},"inLanguage":"et","potentialAction":[{"@type":"ReadAction","target":["https:\/\/baltixsport.com\/et\/privaatsuspoliitika\/"]}]},{"@type":"BreadcrumbList","@id":"https:\/\/baltixsport.com\/et\/privaatsuspoliitika\/#breadcrumb","itemListElement":[{"@type":"ListItem","position":1,"name":"Kodu","item":"https:\/\/baltixsport.com\/et\/kodu\/"},{"@type":"ListItem","position":2,"name":"Privaatsuspoliitika"}]},{"@type":"WebSite","@id":"https:\/\/baltixsport.com\/et\/#website","url":"https:\/\/baltixsport.com\/et\/","name":"BaltixSport","description":"Balti riikide sportlaste \u00fchendamine USA spordistipendiumidega","publisher":{"@id":"https:\/\/baltixsport.com\/et\/#organization"},"potentialAction":[{"@type":"SearchAction","target":{"@type":"EntryPoint","urlTemplate":"https:\/\/baltixsport.com\/et\/?s={search_term_string}"},"query-input":{"@type":"PropertyValueSpecification","valueRequired":true,"valueName":"search_term_string"}}],"inLanguage":"et"},{"@type":"Organization","@id":"https:\/\/baltixsport.com\/et\/#organization","name":"BaltixSport","url":"https:\/\/baltixsport.com\/et\/","logo":{"@type":"ImageObject","inLanguage":"et","@id":"https:\/\/baltixsport.com\/et\/#\/schema\/logo\/image\/","url":"https:\/\/baltixsport.com\/wp-content\/uploads\/2025\/03\/BXS-Logos-12-w.png","contentUrl":"https:\/\/baltixsport.com\/wp-content\/uploads\/2025\/03\/BXS-Logos-12-w.png","width":3782,"height":835,"caption":"BaltixSport"},"image":{"@id":"https:\/\/baltixsport.com\/et\/#\/schema\/logo\/image\/"}}]}},"_links":{"self":[{"href":"https:\/\/baltixsport.com\/et\/wp-json\/wp\/v2\/pages\/1590","targetHints":{"allow":["GET"]}}],"collection":[{"href":"https:\/\/baltixsport.com\/et\/wp-json\/wp\/v2\/pages"}],"about":[{"href":"https:\/\/baltixsport.com\/et\/wp-json\/wp\/v2\/types\/page"}],"author":[{"embeddable":true,"href":"https:\/\/baltixsport.com\/et\/wp-json\/wp\/v2\/users\/2"}],"replies":[{"embeddable":true,"href":"https:\/\/baltixsport.com\/et\/wp-json\/wp\/v2\/comments?post=1590"}],"version-history":[{"count":1,"href":"https:\/\/baltixsport.com\/et\/wp-json\/wp\/v2\/pages\/1590\/revisions"}],"predecessor-version":[{"id":1592,"href":"https:\/\/baltixsport.com\/et\/wp-json\/wp\/v2\/pages\/1590\/revisions\/1592"}],"wp:attachment":[{"href":"https:\/\/baltixsport.com\/et\/wp-json\/wp\/v2\/media?parent=1590"}],"curies":[{"name":"wp","href":"https:\/\/api.w.org\/{rel}","templated":true}]}}