{"id":1309,"date":"2025-05-23T10:04:06","date_gmt":"2025-05-23T10:04:06","guid":{"rendered":"https:\/\/baltixsport.com\/slapuku-politika\/"},"modified":"2025-06-04T10:33:28","modified_gmt":"2025-06-04T10:33:28","slug":"slapuku-politika","status":"publish","type":"page","link":"https:\/\/baltixsport.com\/lt\/slapuku-politika\/","title":{"rendered":"Slapuk\u0173 politika"},"content":{"rendered":"\t\t<div data-elementor-type=\"wp-page\" data-elementor-id=\"1309\" class=\"elementor elementor-1309 elementor-802\" data-elementor-post-type=\"page\">\n\t\t\t\t<div class=\"elementor-element elementor-element-38b705ac e-flex e-con-boxed e-con e-parent\" data-id=\"38b705ac\" data-element_type=\"container\" data-e-type=\"container\">\n\t\t\t\t\t<div class=\"e-con-inner\">\n\t\t<div class=\"elementor-element elementor-element-62a11ead e-flex e-con-boxed e-con e-child\" data-id=\"62a11ead\" data-element_type=\"container\" data-e-type=\"container\" data-settings=\"{&quot;background_background&quot;:&quot;classic&quot;}\">\n\t\t\t\t\t<div class=\"e-con-inner\">\n\t\t\t\t<div class=\"elementor-element elementor-element-1ef24307 elementor-widget elementor-widget-heading\" data-id=\"1ef24307\" data-element_type=\"widget\" data-e-type=\"widget\" data-widget_type=\"heading.default\">\n\t\t\t\t<div class=\"elementor-widget-container\">\n\t\t\t\t\t<h2 class=\"elementor-heading-title elementor-size-default\">Slapuk\u0173 politika<\/h2>\t\t\t\t<\/div>\n\t\t\t\t<\/div>\n\t\t\t\t\t<\/div>\n\t\t\t\t<\/div>\n\t\t<div class=\"elementor-element elementor-element-6c1c33e0 e-con-full e-flex e-con e-child\" data-id=\"6c1c33e0\" data-element_type=\"container\" data-e-type=\"container\">\n\t\t\t\t<div class=\"elementor-element elementor-element-49fe45c4 elementor-widget elementor-widget-text-editor\" data-id=\"49fe45c4\" data-element_type=\"widget\" data-e-type=\"widget\" data-widget_type=\"text-editor.default\">\n\t\t\t\t<div class=\"elementor-widget-container\">\n\t\t\t\t\t\t\t\t\t<p>Paskutin\u012f kart\u0105 atnaujinta: 2025 m. gegu\u017e\u0117s 23 d.<\/p>\t\t\t\t\t\t\t\t<\/div>\n\t\t\t\t<\/div>\n\t\t\t\t<div class=\"elementor-element elementor-element-2528d31f elementor-widget elementor-widget-text-editor\" data-id=\"2528d31f\" data-element_type=\"widget\" data-e-type=\"widget\" data-widget_type=\"text-editor.default\">\n\t\t\t\t<div class=\"elementor-widget-container\">\n\t\t\t\t\t\t\t\t\t<p>\u0160ioje Slapuk\u0173 politikoje paai\u0161kinama, kas yra slapukai ir kaip juos naudojame. Tur\u0117tum\u0117te perskaityti \u0161i\u0105 politik\u0105, kad suprastum\u0117te, kokius slapukus naudojame, koki\u0105 informacij\u0105 renkame naudodami slapukus ir kaip \u0161i informacija naudojama. <\/p><p>M\u016bs\u0173 naudojamuose slapukuose nesaugome slaptos asmenin\u0117s informacijos, pavyzd\u017eiui, pa\u0161to adres\u0173 ar slapta\u017eod\u017ei\u0173. Informacijos apie tai, kaip tvarkome asmens duomenis, rasite m\u016bs\u0173 privatumo politikoje. <\/p>\t\t\t\t\t\t\t\t<\/div>\n\t\t\t\t<\/div>\n\t\t\t\t<div class=\"elementor-element elementor-element-5e0b021e elementor-widget elementor-widget-heading\" data-id=\"5e0b021e\" data-element_type=\"widget\" data-e-type=\"widget\" data-widget_type=\"heading.default\">\n\t\t\t\t<div class=\"elementor-widget-container\">\n\t\t\t\t\t<h2 class=\"elementor-heading-title elementor-size-default\">Ai\u0161kinimas ir apibr\u0117\u017etys<\/h2>\t\t\t\t<\/div>\n\t\t\t\t<\/div>\n\t\t\t\t<div class=\"elementor-element elementor-element-139c3e3f elementor-widget elementor-widget-text-editor\" data-id=\"139c3e3f\" data-element_type=\"widget\" data-e-type=\"widget\" data-widget_type=\"text-editor.default\">\n\t\t\t\t<div class=\"elementor-widget-container\">\n\t\t\t\t\t\t\t\t\t<p>Interpretacija:<\/p>\t\t\t\t\t\t\t\t<\/div>\n\t\t\t\t<\/div>\n\t\t\t\t<div class=\"elementor-element elementor-element-53a4273 elementor-widget elementor-widget-text-editor\" data-id=\"53a4273\" data-element_type=\"widget\" data-e-type=\"widget\" data-widget_type=\"text-editor.default\">\n\t\t\t\t<div class=\"elementor-widget-container\">\n\t\t\t\t\t\t\t\t\t<p>Did\u017ei\u0105ja raide para\u0161yt\u0173 termin\u0173 reik\u0161m\u0117s apibr\u0117\u017etos toliau.<\/p>\t\t\t\t\t\t\t\t<\/div>\n\t\t\t\t<\/div>\n\t\t\t\t<div class=\"elementor-element elementor-element-3f70053d elementor-widget elementor-widget-text-editor\" data-id=\"3f70053d\" data-element_type=\"widget\" data-e-type=\"widget\" data-widget_type=\"text-editor.default\">\n\t\t\t\t<div class=\"elementor-widget-container\">\n\t\t\t\t\t\t\t\t\t<p>Apibr\u0117\u017eimai:<\/p>\t\t\t\t\t\t\t\t<\/div>\n\t\t\t\t<\/div>\n\t\t\t\t<div class=\"elementor-element elementor-element-4248f068 elementor-widget elementor-widget-text-editor\" data-id=\"4248f068\" data-element_type=\"widget\" data-e-type=\"widget\" data-widget_type=\"text-editor.default\">\n\t\t\t\t<div class=\"elementor-widget-container\">\n\t\t\t\t\t\t\t\t\t<ul><li aria-level=\"1\">Company (toliau &#8211; \u201eMes\u201c, \u201eMes\u201c arba \u201eM\u016bs\u0173\u201c): BaltixSport, Kap\u0173 g. 50 Vilkavi\u0161kis, 70121 Vilkavi\u0161kio r. sav., Lietuva.<\/li><li aria-level=\"1\">Slapukai: Tai ma\u017ei failai, kuriuos \u012f J\u016bs\u0173 \u012frengin\u012f talpina svetain\u0117.<\/li><li aria-level=\"1\">Interneto svetain\u0117: BaltixSport, pasiekiama adresu www.baltixsport.com<\/li><li aria-level=\"1\">J\u016bs: J\u016bs: Asmuo, besinaudojantis Svetaine, arba jo atstovas.<\/li><\/ul>\t\t\t\t\t\t\t\t<\/div>\n\t\t\t\t<\/div>\n\t\t\t\t<\/div>\n\t\t\t\t<div class=\"elementor-element elementor-element-31df0c43 elementor-widget elementor-widget-heading\" data-id=\"31df0c43\" data-element_type=\"widget\" data-e-type=\"widget\" data-widget_type=\"heading.default\">\n\t\t\t\t<div class=\"elementor-widget-container\">\n\t\t\t\t\t<h2 class=\"elementor-heading-title elementor-size-default\">Slapuk\u0173 naudojimas<\/h2>\t\t\t\t<\/div>\n\t\t\t\t<\/div>\n\t\t\t\t<div class=\"elementor-element elementor-element-1232e499 elementor-widget elementor-widget-text-editor\" data-id=\"1232e499\" data-element_type=\"widget\" data-e-type=\"widget\" data-widget_type=\"text-editor.default\">\n\t\t\t\t<div class=\"elementor-widget-container\">\n\t\t\t\t\t\t\t\t\t<p>Slapukus naudojame, kad:<\/p>\t\t\t\t\t\t\t\t<\/div>\n\t\t\t\t<\/div>\n\t\t\t\t<div class=\"elementor-element elementor-element-4a20a55f elementor-widget elementor-widget-text-editor\" data-id=\"4a20a55f\" data-element_type=\"widget\" data-e-type=\"widget\" data-widget_type=\"text-editor.default\">\n\t\t\t\t<div class=\"elementor-widget-container\">\n\t\t\t\t\t\t\t\t\t<ul><li aria-level=\"1\">U\u017etikrinti pagrindines svetain\u0117s funkcijas<\/li><li aria-level=\"1\">Prisiminti naudotojo nuostatas<\/li><li aria-level=\"1\">analizuoti svetain\u0117s sraut\u0105 ir naudotoj\u0173 elgsen\u0105 (naudojant analiz\u0117s \u012frankius).<\/li><li aria-level=\"1\">teikti tikslin\u0119 reklam\u0105 (per reklamos platformas<\/li><\/ul>\t\t\t\t\t\t\t\t<\/div>\n\t\t\t\t<\/div>\n\t\t\t\t<div class=\"elementor-element elementor-element-5a2d828e elementor-widget elementor-widget-text-editor\" data-id=\"5a2d828e\" data-element_type=\"widget\" data-e-type=\"widget\" data-widget_type=\"text-editor.default\">\n\t\t\t\t<div class=\"elementor-widget-container\">\n\t\t\t\t\t\t\t\t\t<p>Mes neleid\u017eiame kurti paskyr\u0173. Bet kokie surinkti duomenys yra skirti bendravimo ar paslaug\u0173 teikimo tikslais. <\/p><p><strong>Naudojimo duomenys &#8211;<\/strong> apima nar\u0161ykl\u0117s tip\u0105, aplankytus puslapius, IP adres\u0105 ir laiko \u017eymas.<\/p><p><strong>Steb\u0117jimo technologijos ir slapukai &#8211;<\/strong> naudojame slapukus ir pana\u0161ias technologijas funkcionalumui, analizei ir naudotojo patir\u010diai gerinti. Galite atsisakyti slapuk\u0173 naudodami nar\u0161ykl\u0117s nustatymus. <\/p>\t\t\t\t\t\t\t\t<\/div>\n\t\t\t\t<\/div>\n\t\t\t\t<div class=\"elementor-element elementor-element-f21df88 elementor-widget elementor-widget-text-editor\" data-id=\"f21df88\" data-element_type=\"widget\" data-e-type=\"widget\" data-widget_type=\"text-editor.default\">\n\t\t\t\t<div class=\"elementor-widget-container\">\n\t\t\t\t\t\t\t\t\t<p>M\u016bs\u0173 naudojam\u0173 slapuk\u0173 tipai<\/p>\t\t\t\t\t\t\t\t<\/div>\n\t\t\t\t<\/div>\n\t\t\t\t<div class=\"elementor-element elementor-element-3dbb96a7 elementor-widget elementor-widget-text-editor\" data-id=\"3dbb96a7\" data-element_type=\"widget\" data-e-type=\"widget\" data-widget_type=\"text-editor.default\">\n\t\t\t\t<div class=\"elementor-widget-container\">\n\t\t\t\t\t\t\t\t\t<ol><li aria-level=\"1\"><b>B\u016btini slapukai<\/b><ul><li aria-level=\"1\">Tipas: Sesijos slapukai<\/li><li aria-level=\"1\">Paskirtis: \u012fgalinti pagrindines funkcijas, pvz., saugumo ir tinklo valdymo. J\u0173 negalima i\u0161jungti. <\/li><\/ul><\/li><li aria-level=\"1\"><b>Funkciniai slapukai<\/b><ul><li aria-level=\"1\">Tipas: Nuolatiniai slapukai<\/li><li aria-level=\"1\">Tikslas: Prisiminti naudotojo nustatymus, pvz., kalbos nuostatas.<\/li><\/ul><\/li><li aria-level=\"1\"><b>Analiz\u0117s slapukai<\/b><ul><li aria-level=\"1\">Tipas: Nuolatiniai slapukai<\/li><li aria-level=\"1\">Tikslas: Rinkti suvestinius duomenis apie svetain\u0117s naudojim\u0105 ir veikim\u0105. Naudojame tokias paslaugas kaip \u201eGoogle Analytics\u201c.<\/li><\/ul><\/li><li aria-level=\"1\"><b>Reklamos slapukai<\/b><ul><li aria-level=\"1\">Tipas: Nuolatiniai slapukai<\/li><li aria-level=\"1\">Paskirtis: teikti suasmenintus skelbimus pagal nar\u0161ymo elgsen\u0105. Galime naudoti tokias platformas kaip \u201eFacebook Ads\u201c, \u201eGoogle Ads\u201c ar kitas.<\/li><\/ul><\/li><\/ol>\t\t\t\t\t\t\t\t<\/div>\n\t\t\t\t<\/div>\n\t\t\t\t<div class=\"elementor-element elementor-element-f67cd3c elementor-widget elementor-widget-text-editor\" data-id=\"f67cd3c\" data-element_type=\"widget\" data-e-type=\"widget\" data-widget_type=\"text-editor.default\">\n\t\t\t\t<div class=\"elementor-widget-container\">\n\t\t\t\t\t\t\t\t\t<p>Sutikimas ir kontrol\u0117<\/p>\t\t\t\t\t\t\t\t<\/div>\n\t\t\t\t<\/div>\n\t\t\t\t<div class=\"elementor-element elementor-element-1fece4cf elementor-widget elementor-widget-text-editor\" data-id=\"1fece4cf\" data-element_type=\"widget\" data-e-type=\"widget\" data-widget_type=\"text-editor.default\">\n\t\t\t\t<div class=\"elementor-widget-container\">\n\t\t\t\t\t\t\t\t\t<p>Pirm\u0105 kart\u0105 apsilankius m\u016bs\u0173 svetain\u0117je, rodomas slapuk\u0173 skydelis, kuriame galite priimti arba pritaikyti slapuk\u0173 nuostatas. Galite bet kada at\u0161aukti sutikim\u0105 arba koreguoti nustatymus naudodamiesi slapuk\u0173 valdymo \u012frankiu, esan\u010diu pora\u0161t\u0117je.<\/p><p><strong>Nar\u0161ykl\u0117s nustatymai &#8211;<\/strong> slapukus taip pat galite tvarkyti per nar\u0161ykl\u0117s nustatymus:<\/p><ul><li style=\"list-style-type: none;\"><ul><li aria-level=\"1\">Chrome: https:\/\/support.google.com\/accounts\/answer\/32050<\/li><li aria-level=\"1\">Firefox: https:\/\/support.mozilla.org\/en-US\/kb\/delete-cookies-remove-info-websites-stored<\/li><li aria-level=\"1\">Safari: https:\/\/support.apple.com\/guide\/safari\/manage-cookies-and-website-data-sfri11471\/mac<\/li><\/ul><\/li><\/ul><ul><li style=\"list-style-type: none;\"><ul><li aria-level=\"1\">\u201eMicrosoft Edge\u201c: https:\/\/support.microsoft.com\/help\/4468242\/microsoft-edge-browsing-data-and-privacy<\/li><\/ul><\/li><\/ul>\t\t\t\t\t\t\t\t<\/div>\n\t\t\t\t<\/div>\n\t\t\t\t<div class=\"elementor-element elementor-element-60d8a5e elementor-widget elementor-widget-text-editor\" data-id=\"60d8a5e\" data-element_type=\"widget\" data-e-type=\"widget\" data-widget_type=\"text-editor.default\">\n\t\t\t\t<div class=\"elementor-widget-container\">\n\t\t\t\t\t\t\t\t\t<p>Daugiau informacijos<\/p>\t\t\t\t\t\t\t\t<\/div>\n\t\t\t\t<\/div>\n\t\t\t\t<div class=\"elementor-element elementor-element-8a00c72 elementor-widget elementor-widget-text-editor\" data-id=\"8a00c72\" data-element_type=\"widget\" data-e-type=\"widget\" data-widget_type=\"text-editor.default\">\n\t\t\t\t<div class=\"elementor-widget-container\">\n\t\t\t\t\t\t\t\t\t<p>Nor\u0117dami su\u017einoti daugiau apie slapukus, apsilankykite adresu: https:\/\/www.allaboutcookies.org\/.<\/p>\t\t\t\t\t\t\t\t<\/div>\n\t\t\t\t<\/div>\n\t\t\t\t<div class=\"elementor-element elementor-element-38f5f23 elementor-widget elementor-widget-text-editor\" data-id=\"38f5f23\" data-element_type=\"widget\" data-e-type=\"widget\" data-widget_type=\"text-editor.default\">\n\t\t\t\t<div class=\"elementor-widget-container\">\n\t\t\t\t\t\t\t\t\t<p>Susisiekite su mumis<\/p>\t\t\t\t\t\t\t\t<\/div>\n\t\t\t\t<\/div>\n\t\t\t\t<div class=\"elementor-element elementor-element-4c2cd9f elementor-widget elementor-widget-text-editor\" data-id=\"4c2cd9f\" data-element_type=\"widget\" data-e-type=\"widget\" data-widget_type=\"text-editor.default\">\n\t\t\t\t<div class=\"elementor-widget-container\">\n\t\t\t\t\t\t\t\t\t<p>Jei turite klausim\u0173 apie \u0161i\u0105 slapuk\u0173 politik\u0105, susisiekite su mumis adresu: becca@baltixsport.com<\/p>\t\t\t\t\t\t\t\t<\/div>\n\t\t\t\t<\/div>\n\t\t\t\t\t<\/div>\n\t\t\t\t<\/div>\n\t\t\t\t<\/div>\n\t\t","protected":false},"excerpt":{"rendered":"<p>Slapuk\u0173 politika Paskutin\u012f kart\u0105 atnaujinta: 2025 m. gegu\u017e\u0117s 23 d. \u0160ioje Slapuk\u0173 politikoje paai\u0161kinama, kas yra slapukai ir kaip juos naudojame. Tur\u0117tum\u0117te perskaityti \u0161i\u0105 politik\u0105, kad suprastum\u0117te, kokius slapukus naudojame, koki\u0105 informacij\u0105 renkame naudodami slapukus ir kaip \u0161i informacija naudojama. M\u016bs\u0173 naudojamuose slapukuose nesaugome slaptos asmenin\u0117s informacijos, pavyzd\u017eiui, pa\u0161to adres\u0173 ar slapta\u017eod\u017ei\u0173. Informacijos apie tai, [&hellip;]<\/p>\n","protected":false},"author":2,"featured_media":0,"parent":0,"menu_order":0,"comment_status":"closed","ping_status":"closed","template":"elementor_header_footer","meta":{"footnotes":""},"class_list":["post-1309","page","type-page","status-publish","hentry"],"yoast_head":"<!-- This site is optimized with the Yoast SEO plugin v27.4 - https:\/\/yoast.com\/product\/yoast-seo-wordpress\/ -->\n<title>Slapuk\u0173 politika - BaltixSport<\/title>\n<meta name=\"robots\" content=\"index, follow, max-snippet:-1, max-image-preview:large, max-video-preview:-1\" \/>\n<link rel=\"canonical\" href=\"https:\/\/baltixsport.com\/lt\/slapuku-politika\/\" \/>\n<meta property=\"og:locale\" content=\"lt_LT\" \/>\n<meta property=\"og:type\" content=\"article\" \/>\n<meta property=\"og:title\" content=\"Slapuk\u0173 politika - BaltixSport\" \/>\n<meta property=\"og:description\" content=\"Slapuk\u0173 politika Paskutin\u012f kart\u0105 atnaujinta: 2025 m. gegu\u017e\u0117s 23 d. \u0160ioje Slapuk\u0173 politikoje paai\u0161kinama, kas yra slapukai ir kaip juos naudojame. Tur\u0117tum\u0117te perskaityti \u0161i\u0105 politik\u0105, kad suprastum\u0117te, kokius slapukus naudojame, koki\u0105 informacij\u0105 renkame naudodami slapukus ir kaip \u0161i informacija naudojama. M\u016bs\u0173 naudojamuose slapukuose nesaugome slaptos asmenin\u0117s informacijos, pavyzd\u017eiui, pa\u0161to adres\u0173 ar slapta\u017eod\u017ei\u0173. Informacijos apie tai, [&hellip;]\" \/>\n<meta property=\"og:url\" content=\"https:\/\/baltixsport.com\/lt\/slapuku-politika\/\" \/>\n<meta property=\"og:site_name\" content=\"BaltixSport\" \/>\n<meta property=\"article:modified_time\" content=\"2025-06-04T10:33:28+00:00\" \/>\n<meta name=\"twitter:card\" content=\"summary_large_image\" \/>\n<meta name=\"twitter:label1\" content=\"Est. reading time\" \/>\n\t<meta name=\"twitter:data1\" content=\"2 minut\u0117s\" \/>\n<script type=\"application\/ld+json\" class=\"yoast-schema-graph\">{\"@context\":\"https:\\\/\\\/schema.org\",\"@graph\":[{\"@type\":\"WebPage\",\"@id\":\"https:\\\/\\\/baltixsport.com\\\/lt\\\/slapuku-politika\\\/\",\"url\":\"https:\\\/\\\/baltixsport.com\\\/lt\\\/slapuku-politika\\\/\",\"name\":\"Slapuk\u0173 politika - BaltixSport\",\"isPartOf\":{\"@id\":\"https:\\\/\\\/baltixsport.com\\\/lt\\\/#website\"},\"datePublished\":\"2025-05-23T10:04:06+00:00\",\"dateModified\":\"2025-06-04T10:33:28+00:00\",\"breadcrumb\":{\"@id\":\"https:\\\/\\\/baltixsport.com\\\/lt\\\/slapuku-politika\\\/#breadcrumb\"},\"inLanguage\":\"lt-LT\",\"potentialAction\":[{\"@type\":\"ReadAction\",\"target\":[\"https:\\\/\\\/baltixsport.com\\\/lt\\\/slapuku-politika\\\/\"]}]},{\"@type\":\"BreadcrumbList\",\"@id\":\"https:\\\/\\\/baltixsport.com\\\/lt\\\/slapuku-politika\\\/#breadcrumb\",\"itemListElement\":[{\"@type\":\"ListItem\",\"position\":1,\"name\":\"Pagrindinis\",\"item\":\"https:\\\/\\\/baltixsport.com\\\/lt\\\/pagrindinis\\\/\"},{\"@type\":\"ListItem\",\"position\":2,\"name\":\"Slapuk\u0173 politika\"}]},{\"@type\":\"WebSite\",\"@id\":\"https:\\\/\\\/baltixsport.com\\\/lt\\\/#website\",\"url\":\"https:\\\/\\\/baltixsport.com\\\/lt\\\/\",\"name\":\"BaltixSport\",\"description\":\"Baltijos \u0161ali\u0173 sportininkai gauna JAV sporto stipendijas\",\"publisher\":{\"@id\":\"https:\\\/\\\/baltixsport.com\\\/lt\\\/#organization\"},\"potentialAction\":[{\"@type\":\"SearchAction\",\"target\":{\"@type\":\"EntryPoint\",\"urlTemplate\":\"https:\\\/\\\/baltixsport.com\\\/lt\\\/?s={search_term_string}\"},\"query-input\":{\"@type\":\"PropertyValueSpecification\",\"valueRequired\":true,\"valueName\":\"search_term_string\"}}],\"inLanguage\":\"lt-LT\"},{\"@type\":\"Organization\",\"@id\":\"https:\\\/\\\/baltixsport.com\\\/lt\\\/#organization\",\"name\":\"BaltixSport\",\"url\":\"https:\\\/\\\/baltixsport.com\\\/lt\\\/\",\"logo\":{\"@type\":\"ImageObject\",\"inLanguage\":\"lt-LT\",\"@id\":\"https:\\\/\\\/baltixsport.com\\\/lt\\\/#\\\/schema\\\/logo\\\/image\\\/\",\"url\":\"https:\\\/\\\/baltixsport.com\\\/wp-content\\\/uploads\\\/2025\\\/03\\\/BXS-Logos-12-w.png\",\"contentUrl\":\"https:\\\/\\\/baltixsport.com\\\/wp-content\\\/uploads\\\/2025\\\/03\\\/BXS-Logos-12-w.png\",\"width\":3782,\"height\":835,\"caption\":\"BaltixSport\"},\"image\":{\"@id\":\"https:\\\/\\\/baltixsport.com\\\/lt\\\/#\\\/schema\\\/logo\\\/image\\\/\"}}]}<\/script>\n<!-- \/ Yoast SEO plugin. -->","yoast_head_json":{"title":"Slapuk\u0173 politika - BaltixSport","robots":{"index":"index","follow":"follow","max-snippet":"max-snippet:-1","max-image-preview":"max-image-preview:large","max-video-preview":"max-video-preview:-1"},"canonical":"https:\/\/baltixsport.com\/lt\/slapuku-politika\/","og_locale":"lt_LT","og_type":"article","og_title":"Slapuk\u0173 politika - BaltixSport","og_description":"Slapuk\u0173 politika Paskutin\u012f kart\u0105 atnaujinta: 2025 m. gegu\u017e\u0117s 23 d. \u0160ioje Slapuk\u0173 politikoje paai\u0161kinama, kas yra slapukai ir kaip juos naudojame. Tur\u0117tum\u0117te perskaityti \u0161i\u0105 politik\u0105, kad suprastum\u0117te, kokius slapukus naudojame, koki\u0105 informacij\u0105 renkame naudodami slapukus ir kaip \u0161i informacija naudojama. M\u016bs\u0173 naudojamuose slapukuose nesaugome slaptos asmenin\u0117s informacijos, pavyzd\u017eiui, pa\u0161to adres\u0173 ar slapta\u017eod\u017ei\u0173. Informacijos apie tai, [&hellip;]","og_url":"https:\/\/baltixsport.com\/lt\/slapuku-politika\/","og_site_name":"BaltixSport","article_modified_time":"2025-06-04T10:33:28+00:00","twitter_card":"summary_large_image","twitter_misc":{"Est. reading time":"2 minut\u0117s"},"schema":{"@context":"https:\/\/schema.org","@graph":[{"@type":"WebPage","@id":"https:\/\/baltixsport.com\/lt\/slapuku-politika\/","url":"https:\/\/baltixsport.com\/lt\/slapuku-politika\/","name":"Slapuk\u0173 politika - BaltixSport","isPartOf":{"@id":"https:\/\/baltixsport.com\/lt\/#website"},"datePublished":"2025-05-23T10:04:06+00:00","dateModified":"2025-06-04T10:33:28+00:00","breadcrumb":{"@id":"https:\/\/baltixsport.com\/lt\/slapuku-politika\/#breadcrumb"},"inLanguage":"lt-LT","potentialAction":[{"@type":"ReadAction","target":["https:\/\/baltixsport.com\/lt\/slapuku-politika\/"]}]},{"@type":"BreadcrumbList","@id":"https:\/\/baltixsport.com\/lt\/slapuku-politika\/#breadcrumb","itemListElement":[{"@type":"ListItem","position":1,"name":"Pagrindinis","item":"https:\/\/baltixsport.com\/lt\/pagrindinis\/"},{"@type":"ListItem","position":2,"name":"Slapuk\u0173 politika"}]},{"@type":"WebSite","@id":"https:\/\/baltixsport.com\/lt\/#website","url":"https:\/\/baltixsport.com\/lt\/","name":"BaltixSport","description":"Baltijos \u0161ali\u0173 sportininkai gauna JAV sporto stipendijas","publisher":{"@id":"https:\/\/baltixsport.com\/lt\/#organization"},"potentialAction":[{"@type":"SearchAction","target":{"@type":"EntryPoint","urlTemplate":"https:\/\/baltixsport.com\/lt\/?s={search_term_string}"},"query-input":{"@type":"PropertyValueSpecification","valueRequired":true,"valueName":"search_term_string"}}],"inLanguage":"lt-LT"},{"@type":"Organization","@id":"https:\/\/baltixsport.com\/lt\/#organization","name":"BaltixSport","url":"https:\/\/baltixsport.com\/lt\/","logo":{"@type":"ImageObject","inLanguage":"lt-LT","@id":"https:\/\/baltixsport.com\/lt\/#\/schema\/logo\/image\/","url":"https:\/\/baltixsport.com\/wp-content\/uploads\/2025\/03\/BXS-Logos-12-w.png","contentUrl":"https:\/\/baltixsport.com\/wp-content\/uploads\/2025\/03\/BXS-Logos-12-w.png","width":3782,"height":835,"caption":"BaltixSport"},"image":{"@id":"https:\/\/baltixsport.com\/lt\/#\/schema\/logo\/image\/"}}]}},"_links":{"self":[{"href":"https:\/\/baltixsport.com\/lt\/wp-json\/wp\/v2\/pages\/1309","targetHints":{"allow":["GET"]}}],"collection":[{"href":"https:\/\/baltixsport.com\/lt\/wp-json\/wp\/v2\/pages"}],"about":[{"href":"https:\/\/baltixsport.com\/lt\/wp-json\/wp\/v2\/types\/page"}],"author":[{"embeddable":true,"href":"https:\/\/baltixsport.com\/lt\/wp-json\/wp\/v2\/users\/2"}],"replies":[{"embeddable":true,"href":"https:\/\/baltixsport.com\/lt\/wp-json\/wp\/v2\/comments?post=1309"}],"version-history":[{"count":1,"href":"https:\/\/baltixsport.com\/lt\/wp-json\/wp\/v2\/pages\/1309\/revisions"}],"predecessor-version":[{"id":1310,"href":"https:\/\/baltixsport.com\/lt\/wp-json\/wp\/v2\/pages\/1309\/revisions\/1310"}],"wp:attachment":[{"href":"https:\/\/baltixsport.com\/lt\/wp-json\/wp\/v2\/media?parent=1309"}],"curies":[{"name":"wp","href":"https:\/\/api.w.org\/{rel}","templated":true}]}}