{"id":1583,"date":"2025-05-23T09:32:15","date_gmt":"2025-05-23T09:32:15","guid":{"rendered":"https:\/\/baltixsport.com\/privatumo-politika\/"},"modified":"2025-06-04T10:52:04","modified_gmt":"2025-06-04T10:52:04","slug":"privatumo-politika","status":"publish","type":"page","link":"https:\/\/baltixsport.com\/lt\/privatumo-politika\/","title":{"rendered":"Privatumo politika"},"content":{"rendered":"\t\t<div data-elementor-type=\"wp-page\" data-elementor-id=\"1583\" class=\"elementor elementor-1583 elementor-783\" data-elementor-post-type=\"page\">\n\t\t\t\t<div class=\"elementor-element elementor-element-cff9fc1 e-flex e-con-boxed e-con e-parent\" data-id=\"cff9fc1\" data-element_type=\"container\" data-e-type=\"container\">\n\t\t\t\t\t<div class=\"e-con-inner\">\n\t\t<div class=\"elementor-element elementor-element-f958590 e-flex e-con-boxed e-con e-child\" data-id=\"f958590\" data-element_type=\"container\" data-e-type=\"container\" data-settings=\"{&quot;background_background&quot;:&quot;classic&quot;}\">\n\t\t\t\t\t<div class=\"e-con-inner\">\n\t\t\t\t<div class=\"elementor-element elementor-element-0f492dc elementor-widget elementor-widget-heading\" data-id=\"0f492dc\" data-element_type=\"widget\" data-e-type=\"widget\" data-widget_type=\"heading.default\">\n\t\t\t\t<div class=\"elementor-widget-container\">\n\t\t\t\t\t<h2 class=\"elementor-heading-title elementor-size-default\">Privatumo politika<\/h2>\t\t\t\t<\/div>\n\t\t\t\t<\/div>\n\t\t\t\t\t<\/div>\n\t\t\t\t<\/div>\n\t\t<div class=\"elementor-element elementor-element-5a913d3 e-con-full e-flex e-con e-child\" data-id=\"5a913d3\" data-element_type=\"container\" data-e-type=\"container\">\n\t\t\t\t<div class=\"elementor-element elementor-element-95c7c53 elementor-widget elementor-widget-text-editor\" data-id=\"95c7c53\" data-element_type=\"widget\" data-e-type=\"widget\" data-widget_type=\"text-editor.default\">\n\t\t\t\t<div class=\"elementor-widget-container\">\n\t\t\t\t\t\t\t\t\t<p>Paskutin\u012f kart\u0105 atnaujinta: 2025 m. gegu\u017e\u0117s 23 d.<\/p>\t\t\t\t\t\t\t\t<\/div>\n\t\t\t\t<\/div>\n\t\t\t\t<div class=\"elementor-element elementor-element-3661d1e elementor-widget elementor-widget-text-editor\" data-id=\"3661d1e\" data-element_type=\"widget\" data-e-type=\"widget\" data-widget_type=\"text-editor.default\">\n\t\t\t\t<div class=\"elementor-widget-container\">\n\t\t\t\t\t\t\t\t\t<p>\u0160ioje privatumo politikoje apra\u0161oma M\u016bs\u0173 politika ir proced\u016bros, susijusios su J\u016bs\u0173 informacijos rinkimu, naudojimu ir atskleidimu, kai naudojat\u0117s Paslauga, ir informuojama apie J\u016bs\u0173 privatumo teises bei apie tai, kaip Jus gina \u012fstatymai.<\/p><p>J\u016bs\u0173 Asmens duomenis naudojame Paslaugai teikti ir tobulinti. Naudodamiesi Paslauga sutinkate, kad informacija b\u016bt\u0173 renkama ir naudojama pagal \u0161i\u0105 privatumo politik\u0105. <\/p>\t\t\t\t\t\t\t\t<\/div>\n\t\t\t\t<\/div>\n\t\t\t\t<div class=\"elementor-element elementor-element-2ed62f0 elementor-widget elementor-widget-heading\" data-id=\"2ed62f0\" data-element_type=\"widget\" data-e-type=\"widget\" data-widget_type=\"heading.default\">\n\t\t\t\t<div class=\"elementor-widget-container\">\n\t\t\t\t\t<h2 class=\"elementor-heading-title elementor-size-default\">Ai\u0161kinimas ir apibr\u0117\u017etys<\/h2>\t\t\t\t<\/div>\n\t\t\t\t<\/div>\n\t\t\t\t<div class=\"elementor-element elementor-element-ff6b847 elementor-widget elementor-widget-text-editor\" data-id=\"ff6b847\" data-element_type=\"widget\" data-e-type=\"widget\" data-widget_type=\"text-editor.default\">\n\t\t\t\t<div class=\"elementor-widget-container\">\n\t\t\t\t\t\t\t\t\t<p>Interpretacija:<\/p>\t\t\t\t\t\t\t\t<\/div>\n\t\t\t\t<\/div>\n\t\t\t\t<div class=\"elementor-element elementor-element-3cb3fac elementor-widget elementor-widget-text-editor\" data-id=\"3cb3fac\" data-element_type=\"widget\" data-e-type=\"widget\" data-widget_type=\"text-editor.default\">\n\t\t\t\t<div class=\"elementor-widget-container\">\n\t\t\t\t\t\t\t\t\t<p>Did\u017ei\u0105ja raide para\u0161yt\u0173 termin\u0173 reik\u0161m\u0117s apibr\u0117\u017etos toliau.<\/p>\t\t\t\t\t\t\t\t<\/div>\n\t\t\t\t<\/div>\n\t\t\t\t<div class=\"elementor-element elementor-element-9dc25ea elementor-widget elementor-widget-text-editor\" data-id=\"9dc25ea\" data-element_type=\"widget\" data-e-type=\"widget\" data-widget_type=\"text-editor.default\">\n\t\t\t\t<div class=\"elementor-widget-container\">\n\t\t\t\t\t\t\t\t\t<p>Apibr\u0117\u017eimai:<\/p>\t\t\t\t\t\t\t\t<\/div>\n\t\t\t\t<\/div>\n\t\t\t\t<div class=\"elementor-element elementor-element-1ea7967 elementor-widget elementor-widget-text-editor\" data-id=\"1ea7967\" data-element_type=\"widget\" data-e-type=\"widget\" data-widget_type=\"text-editor.default\">\n\t\t\t\t<div class=\"elementor-widget-container\">\n\t\t\t\t\t\t\t\t\t<ul><li aria-level=\"1\">Company (toliau &#8211; \u201eMes\u201c, \u201eMes\u201c arba \u201eM\u016bs\u0173\u201c): BaltixSport, Kap\u0173 g. 50 Vilkavi\u0161kis, 70121 Vilkavi\u0161kio r. sav., Lietuva.<\/li><li aria-level=\"1\">\u0160alis: Lietuva<\/li><li aria-level=\"1\">\u012erenginys: \u012erenginys: bet kuris \u012frenginys, galintis pasiekti Paslaug\u0105.<\/li><li aria-level=\"1\">Asmens duomenys: Bet kokia informacija, susijusi su identifikuotu ar identifikuojamu asmeniu.<\/li><li aria-level=\"1\">Paslaugos: Svetain\u0117 (www.baltixsport.com).<\/li><li aria-level=\"1\">Paslaug\u0173 teik\u0117jas: Bet kuri tre\u010dioji \u0161alis, tvarkanti duomenis Bendrov\u0117s vardu.<\/li><li aria-level=\"1\">Naudojimo duomenys: Duomenys, automati\u0161kai renkami naudojantis Paslauga.<\/li><li aria-level=\"1\">J\u016bs: Paslauga besinaudojantis asmuo arba jo teisinis atstovas.<\/li><\/ul>\t\t\t\t\t\t\t\t<\/div>\n\t\t\t\t<\/div>\n\t\t\t\t<\/div>\n\t\t\t\t<div class=\"elementor-element elementor-element-9a331ab elementor-widget elementor-widget-heading\" data-id=\"9a331ab\" data-element_type=\"widget\" data-e-type=\"widget\" data-widget_type=\"heading.default\">\n\t\t\t\t<div class=\"elementor-widget-container\">\n\t\t\t\t\t<h2 class=\"elementor-heading-title elementor-size-default\">Renkam\u0173 duomen\u0173 tipai<\/h2>\t\t\t\t<\/div>\n\t\t\t\t<\/div>\n\t\t\t\t<div class=\"elementor-element elementor-element-05c9c28 elementor-widget elementor-widget-text-editor\" data-id=\"05c9c28\" data-element_type=\"widget\" data-e-type=\"widget\" data-widget_type=\"text-editor.default\">\n\t\t\t\t<div class=\"elementor-widget-container\">\n\t\t\t\t\t\t\t\t\t<p>Asmens duomenys, kuriuos galime rinkti:<\/p>\t\t\t\t\t\t\t\t<\/div>\n\t\t\t\t<\/div>\n\t\t\t\t<div class=\"elementor-element elementor-element-990546e elementor-widget elementor-widget-text-editor\" data-id=\"990546e\" data-element_type=\"widget\" data-e-type=\"widget\" data-widget_type=\"text-editor.default\">\n\t\t\t\t<div class=\"elementor-widget-container\">\n\t\t\t\t\t\t\t\t\t<ul><li aria-level=\"1\">Pavadinimas<\/li><li aria-level=\"1\">El. pa\u0161tas<\/li><li aria-level=\"1\">Telefono numeris<\/li><li aria-level=\"1\">Adresas<\/li><li aria-level=\"1\">Vaizdo ar \u017einiasklaidos turinys, pateiktas per formas<\/li><\/ul>\t\t\t\t\t\t\t\t<\/div>\n\t\t\t\t<\/div>\n\t\t\t\t<div class=\"elementor-element elementor-element-b1046d3 elementor-widget elementor-widget-text-editor\" data-id=\"b1046d3\" data-element_type=\"widget\" data-e-type=\"widget\" data-widget_type=\"text-editor.default\">\n\t\t\t\t<div class=\"elementor-widget-container\">\n\t\t\t\t\t\t\t\t\t<p>Mes neleid\u017eiame kurti paskyr\u0173. Bet kokie surinkti duomenys yra skirti bendravimo ar paslaug\u0173 teikimo tikslais. <\/p><p><strong>Naudojimo duomenys &#8211;<\/strong> apima nar\u0161ykl\u0117s tip\u0105, aplankytus puslapius, IP adres\u0105 ir laiko \u017eymas.<\/p><p><strong>Steb\u0117jimo technologijos ir slapukai &#8211;<\/strong> naudojame slapukus ir pana\u0161ias technologijas funkcionalumui, analizei ir naudotojo patir\u010diai gerinti. Galite atsisakyti slapuk\u0173 naudodami nar\u0161ykl\u0117s nustatymus. <\/p>\t\t\t\t\t\t\t\t<\/div>\n\t\t\t\t<\/div>\n\t\t\t\t<div class=\"elementor-element elementor-element-03d4e12 elementor-widget elementor-widget-text-editor\" data-id=\"03d4e12\" data-element_type=\"widget\" data-e-type=\"widget\" data-widget_type=\"text-editor.default\">\n\t\t\t\t<div class=\"elementor-widget-container\">\n\t\t\t\t\t\t\t\t\t<p>Asmens duomen\u0173 naudojimas:<\/p>\t\t\t\t\t\t\t\t<\/div>\n\t\t\t\t<\/div>\n\t\t\t\t<div class=\"elementor-element elementor-element-60f5eca elementor-widget elementor-widget-text-editor\" data-id=\"60f5eca\" data-element_type=\"widget\" data-e-type=\"widget\" data-widget_type=\"text-editor.default\">\n\t\t\t\t<div class=\"elementor-widget-container\">\n\t\t\t\t\t\t\t\t\t<p>Asmens duomenis naudojame<\/p><ul><li aria-level=\"1\">Teikti ir tobulinti Paslaug\u0105.<\/li><li aria-level=\"1\">Bendrauti su jumis<\/li><li aria-level=\"1\">Apdoroti mok\u0117jimus<\/li><li aria-level=\"1\">\u012fvertinti pateikt\u0105 turin\u012f (pvz., vaizdo \u012fra\u0161us).<\/li><li aria-level=\"1\">Vykdyti teisinius \u012fsipareigojimus<\/li><\/ul>\t\t\t\t\t\t\t\t<\/div>\n\t\t\t\t<\/div>\n\t\t\t\t<div class=\"elementor-element elementor-element-147d6d6 elementor-widget elementor-widget-text-editor\" data-id=\"147d6d6\" data-element_type=\"widget\" data-e-type=\"widget\" data-widget_type=\"text-editor.default\">\n\t\t\t\t<div class=\"elementor-widget-container\">\n\t\t\t\t\t\t\t\t\t<p>Mes nesi\u016blome prenumeratos plan\u0173 ar pasikartojan\u010di\u0173 paslaug\u0173.<\/p><p><strong>Vaik\u0173 privatumas &#8211;<\/strong> m\u016bs\u0173 Paslauga skirta 15 met\u0173 ir vyresniems naudotojams. Jaunesniems nei 18 met\u0173 naudotojams reikalingas t\u0117v\u0173 arba glob\u0117j\u0173 sutikimas. Mes s\u0105moningai nerenkame duomen\u0173 i\u0161 jaunesni\u0173 nei 13 met\u0173 vaik\u0173. Jei manote, kad j\u016bs\u0173 vaikas pateik\u0117 mums duomenis be sutikimo, susisiekite su mumis.   <\/p><p><strong>Duomen\u0173 saugojimas &#8211;<\/strong> Asmens duomenys ir pateiktas turinys (pvz., vaizdo \u012fra\u0161ai) saugomi ne ilgiau kaip 12 m\u0117nesi\u0173, i\u0161skyrus atvejus, kai pagal \u012fstatymus reikalaujama kitaip arba kai to papra\u0161ote j\u016bs.<\/p><p><strong>Duomen\u0173 perdavimas &#8211;<\/strong> j\u016bs\u0173 informacija gali b\u016bti tvarkoma u\u017e j\u016bs\u0173 \u0161alies rib\u0173. Jei duomenys perduodami tarptautiniu mastu (pvz., tarp ES ir JAV), Mes u\u017etikriname, kad b\u016bt\u0173 taikomos tinkamos apsaugos priemon\u0117s pagal BDAR. <\/p>\t\t\t\t\t\t\t\t<\/div>\n\t\t\t\t<\/div>\n\t\t\t\t<div class=\"elementor-element elementor-element-15b0402 elementor-widget elementor-widget-heading\" data-id=\"15b0402\" data-element_type=\"widget\" data-e-type=\"widget\" data-widget_type=\"heading.default\">\n\t\t\t\t<div class=\"elementor-widget-container\">\n\t\t\t\t\t<h2 class=\"elementor-heading-title elementor-size-default\">J\u016bs\u0173 teis\u0117s<\/h2>\t\t\t\t<\/div>\n\t\t\t\t<\/div>\n\t\t\t\t<div class=\"elementor-element elementor-element-f467729 elementor-widget elementor-widget-text-editor\" data-id=\"f467729\" data-element_type=\"widget\" data-e-type=\"widget\" data-widget_type=\"text-editor.default\">\n\t\t\t\t<div class=\"elementor-widget-container\">\n\t\t\t\t\t\t\t\t\t<p>Jei esate ES gyventojas, turite teis\u0119:<\/p>\t\t\t\t\t\t\t\t<\/div>\n\t\t\t\t<\/div>\n\t\t\t\t<div class=\"elementor-element elementor-element-c6f2d52 elementor-widget elementor-widget-text-editor\" data-id=\"c6f2d52\" data-element_type=\"widget\" data-e-type=\"widget\" data-widget_type=\"text-editor.default\">\n\t\t\t\t<div class=\"elementor-widget-container\">\n\t\t\t\t\t\t\t\t\t<ul><li aria-level=\"1\">Prieiga<\/li><li aria-level=\"1\">I\u0161taisyti<\/li><li aria-level=\"1\">I\u0161trinti<\/li><li aria-level=\"1\">Apriboti apdorojim\u0105<\/li><li aria-level=\"1\">Duomen\u0173 perkeliamumas<\/li><li aria-level=\"1\">Prie\u0161taravimas d\u0117l duomen\u0173 tvarkymo<\/li><\/ul>\t\t\t\t\t\t\t\t<\/div>\n\t\t\t\t<\/div>\n\t\t\t\t<div class=\"elementor-element elementor-element-4fcb561 elementor-widget elementor-widget-text-editor\" data-id=\"4fcb561\" data-element_type=\"widget\" data-e-type=\"widget\" data-widget_type=\"text-editor.default\">\n\t\t\t\t<div class=\"elementor-widget-container\">\n\t\t\t\t\t\t\t\t\t<p>Susisiekite su mumis ir pasinaudokite savo teis\u0117mis.<\/p><p><strong>Saugumas &#8211;<\/strong> stengiam\u0117s apsaugoti j\u016bs\u0173 Asmens duomenis, ta\u010diau negalime u\u017etikrinti visi\u0161ko saugumo.<\/p><p><strong>Nuorodos \u012f kitas svetaines &#8211;<\/strong> Mes neatsakome u\u017e tre\u010di\u0173j\u0173 \u0161ali\u0173 svetaini\u0173, \u012f kurias pateikiamos nuorodos m\u016bs\u0173 svetain\u0117je, turin\u012f ar privatumo praktik\u0105.<\/p><p><strong>\u0160ios privatumo politikos pakeitimai &#8211;<\/strong> Mes galime atnaujinti \u0161i\u0105 privatumo politik\u0105. Pakeitimai \u012fsigalioja juos paskelbus. Naudotojus informuosime el. pa\u0161tu arba prane\u0161imu savo svetain\u0117je.  <\/p>\t\t\t\t\t\t\t\t<\/div>\n\t\t\t\t<\/div>\n\t\t\t\t<div class=\"elementor-element elementor-element-9e3dff9 elementor-widget elementor-widget-text-editor\" data-id=\"9e3dff9\" data-element_type=\"widget\" data-e-type=\"widget\" data-widget_type=\"text-editor.default\">\n\t\t\t\t<div class=\"elementor-widget-container\">\n\t\t\t\t\t\t\t\t\t<p>Susisiekite su mumis:<\/p>\t\t\t\t\t\t\t\t<\/div>\n\t\t\t\t<\/div>\n\t\t\t\t<div class=\"elementor-element elementor-element-6c64e12 elementor-widget elementor-widget-text-editor\" data-id=\"6c64e12\" data-element_type=\"widget\" data-e-type=\"widget\" data-widget_type=\"text-editor.default\">\n\t\t\t\t<div class=\"elementor-widget-container\">\n\t\t\t\t\t\t\t\t\t<p>becca@baltixsport.com<\/p>\t\t\t\t\t\t\t\t<\/div>\n\t\t\t\t<\/div>\n\t\t\t\t\t<\/div>\n\t\t\t\t<\/div>\n\t\t\t\t<\/div>\n\t\t","protected":false},"excerpt":{"rendered":"<p>Privatumo politika Paskutin\u012f kart\u0105 atnaujinta: 2025 m. gegu\u017e\u0117s 23 d. \u0160ioje privatumo politikoje apra\u0161oma M\u016bs\u0173 politika ir proced\u016bros, susijusios su J\u016bs\u0173 informacijos rinkimu, naudojimu ir atskleidimu, kai naudojat\u0117s Paslauga, ir informuojama apie J\u016bs\u0173 privatumo teises bei apie tai, kaip Jus gina \u012fstatymai. J\u016bs\u0173 Asmens duomenis naudojame Paslaugai teikti ir tobulinti. Naudodamiesi Paslauga sutinkate, kad informacija [&hellip;]<\/p>\n","protected":false},"author":2,"featured_media":0,"parent":0,"menu_order":0,"comment_status":"closed","ping_status":"closed","template":"elementor_header_footer","meta":{"footnotes":""},"class_list":["post-1583","page","type-page","status-publish","hentry"],"yoast_head":"<!-- This site is optimized with the Yoast SEO plugin v27.4 - https:\/\/yoast.com\/product\/yoast-seo-wordpress\/ -->\n<title>Privatumo politika - BaltixSport<\/title>\n<meta name=\"robots\" content=\"index, follow, max-snippet:-1, max-image-preview:large, max-video-preview:-1\" \/>\n<link rel=\"canonical\" href=\"https:\/\/baltixsport.com\/lt\/privatumo-politika\/\" \/>\n<meta property=\"og:locale\" content=\"lt_LT\" \/>\n<meta property=\"og:type\" content=\"article\" \/>\n<meta property=\"og:title\" content=\"Privatumo politika - BaltixSport\" \/>\n<meta property=\"og:description\" content=\"Privatumo politika Paskutin\u012f kart\u0105 atnaujinta: 2025 m. gegu\u017e\u0117s 23 d. \u0160ioje privatumo politikoje apra\u0161oma M\u016bs\u0173 politika ir proced\u016bros, susijusios su J\u016bs\u0173 informacijos rinkimu, naudojimu ir atskleidimu, kai naudojat\u0117s Paslauga, ir informuojama apie J\u016bs\u0173 privatumo teises bei apie tai, kaip Jus gina \u012fstatymai. J\u016bs\u0173 Asmens duomenis naudojame Paslaugai teikti ir tobulinti. Naudodamiesi Paslauga sutinkate, kad informacija [&hellip;]\" \/>\n<meta property=\"og:url\" content=\"https:\/\/baltixsport.com\/lt\/privatumo-politika\/\" \/>\n<meta property=\"og:site_name\" content=\"BaltixSport\" \/>\n<meta property=\"article:modified_time\" content=\"2025-06-04T10:52:04+00:00\" \/>\n<meta name=\"twitter:card\" content=\"summary_large_image\" \/>\n<meta name=\"twitter:label1\" content=\"Est. reading time\" \/>\n\t<meta name=\"twitter:data1\" content=\"2 minut\u0117s\" \/>\n<script type=\"application\/ld+json\" class=\"yoast-schema-graph\">{\"@context\":\"https:\\\/\\\/schema.org\",\"@graph\":[{\"@type\":\"WebPage\",\"@id\":\"https:\\\/\\\/baltixsport.com\\\/lt\\\/privatumo-politika\\\/\",\"url\":\"https:\\\/\\\/baltixsport.com\\\/lt\\\/privatumo-politika\\\/\",\"name\":\"Privatumo politika - BaltixSport\",\"isPartOf\":{\"@id\":\"https:\\\/\\\/baltixsport.com\\\/lt\\\/#website\"},\"datePublished\":\"2025-05-23T09:32:15+00:00\",\"dateModified\":\"2025-06-04T10:52:04+00:00\",\"breadcrumb\":{\"@id\":\"https:\\\/\\\/baltixsport.com\\\/lt\\\/privatumo-politika\\\/#breadcrumb\"},\"inLanguage\":\"lt-LT\",\"potentialAction\":[{\"@type\":\"ReadAction\",\"target\":[\"https:\\\/\\\/baltixsport.com\\\/lt\\\/privatumo-politika\\\/\"]}]},{\"@type\":\"BreadcrumbList\",\"@id\":\"https:\\\/\\\/baltixsport.com\\\/lt\\\/privatumo-politika\\\/#breadcrumb\",\"itemListElement\":[{\"@type\":\"ListItem\",\"position\":1,\"name\":\"Pagrindinis\",\"item\":\"https:\\\/\\\/baltixsport.com\\\/lt\\\/pagrindinis\\\/\"},{\"@type\":\"ListItem\",\"position\":2,\"name\":\"Privatumo politika\"}]},{\"@type\":\"WebSite\",\"@id\":\"https:\\\/\\\/baltixsport.com\\\/lt\\\/#website\",\"url\":\"https:\\\/\\\/baltixsport.com\\\/lt\\\/\",\"name\":\"BaltixSport\",\"description\":\"Baltijos \u0161ali\u0173 sportininkai gauna JAV sporto stipendijas\",\"publisher\":{\"@id\":\"https:\\\/\\\/baltixsport.com\\\/lt\\\/#organization\"},\"potentialAction\":[{\"@type\":\"SearchAction\",\"target\":{\"@type\":\"EntryPoint\",\"urlTemplate\":\"https:\\\/\\\/baltixsport.com\\\/lt\\\/?s={search_term_string}\"},\"query-input\":{\"@type\":\"PropertyValueSpecification\",\"valueRequired\":true,\"valueName\":\"search_term_string\"}}],\"inLanguage\":\"lt-LT\"},{\"@type\":\"Organization\",\"@id\":\"https:\\\/\\\/baltixsport.com\\\/lt\\\/#organization\",\"name\":\"BaltixSport\",\"url\":\"https:\\\/\\\/baltixsport.com\\\/lt\\\/\",\"logo\":{\"@type\":\"ImageObject\",\"inLanguage\":\"lt-LT\",\"@id\":\"https:\\\/\\\/baltixsport.com\\\/lt\\\/#\\\/schema\\\/logo\\\/image\\\/\",\"url\":\"https:\\\/\\\/baltixsport.com\\\/wp-content\\\/uploads\\\/2025\\\/03\\\/BXS-Logos-12-w.png\",\"contentUrl\":\"https:\\\/\\\/baltixsport.com\\\/wp-content\\\/uploads\\\/2025\\\/03\\\/BXS-Logos-12-w.png\",\"width\":3782,\"height\":835,\"caption\":\"BaltixSport\"},\"image\":{\"@id\":\"https:\\\/\\\/baltixsport.com\\\/lt\\\/#\\\/schema\\\/logo\\\/image\\\/\"}}]}<\/script>\n<!-- \/ Yoast SEO plugin. -->","yoast_head_json":{"title":"Privatumo politika - BaltixSport","robots":{"index":"index","follow":"follow","max-snippet":"max-snippet:-1","max-image-preview":"max-image-preview:large","max-video-preview":"max-video-preview:-1"},"canonical":"https:\/\/baltixsport.com\/lt\/privatumo-politika\/","og_locale":"lt_LT","og_type":"article","og_title":"Privatumo politika - BaltixSport","og_description":"Privatumo politika Paskutin\u012f kart\u0105 atnaujinta: 2025 m. gegu\u017e\u0117s 23 d. \u0160ioje privatumo politikoje apra\u0161oma M\u016bs\u0173 politika ir proced\u016bros, susijusios su J\u016bs\u0173 informacijos rinkimu, naudojimu ir atskleidimu, kai naudojat\u0117s Paslauga, ir informuojama apie J\u016bs\u0173 privatumo teises bei apie tai, kaip Jus gina \u012fstatymai. J\u016bs\u0173 Asmens duomenis naudojame Paslaugai teikti ir tobulinti. Naudodamiesi Paslauga sutinkate, kad informacija [&hellip;]","og_url":"https:\/\/baltixsport.com\/lt\/privatumo-politika\/","og_site_name":"BaltixSport","article_modified_time":"2025-06-04T10:52:04+00:00","twitter_card":"summary_large_image","twitter_misc":{"Est. reading time":"2 minut\u0117s"},"schema":{"@context":"https:\/\/schema.org","@graph":[{"@type":"WebPage","@id":"https:\/\/baltixsport.com\/lt\/privatumo-politika\/","url":"https:\/\/baltixsport.com\/lt\/privatumo-politika\/","name":"Privatumo politika - BaltixSport","isPartOf":{"@id":"https:\/\/baltixsport.com\/lt\/#website"},"datePublished":"2025-05-23T09:32:15+00:00","dateModified":"2025-06-04T10:52:04+00:00","breadcrumb":{"@id":"https:\/\/baltixsport.com\/lt\/privatumo-politika\/#breadcrumb"},"inLanguage":"lt-LT","potentialAction":[{"@type":"ReadAction","target":["https:\/\/baltixsport.com\/lt\/privatumo-politika\/"]}]},{"@type":"BreadcrumbList","@id":"https:\/\/baltixsport.com\/lt\/privatumo-politika\/#breadcrumb","itemListElement":[{"@type":"ListItem","position":1,"name":"Pagrindinis","item":"https:\/\/baltixsport.com\/lt\/pagrindinis\/"},{"@type":"ListItem","position":2,"name":"Privatumo politika"}]},{"@type":"WebSite","@id":"https:\/\/baltixsport.com\/lt\/#website","url":"https:\/\/baltixsport.com\/lt\/","name":"BaltixSport","description":"Baltijos \u0161ali\u0173 sportininkai gauna JAV sporto stipendijas","publisher":{"@id":"https:\/\/baltixsport.com\/lt\/#organization"},"potentialAction":[{"@type":"SearchAction","target":{"@type":"EntryPoint","urlTemplate":"https:\/\/baltixsport.com\/lt\/?s={search_term_string}"},"query-input":{"@type":"PropertyValueSpecification","valueRequired":true,"valueName":"search_term_string"}}],"inLanguage":"lt-LT"},{"@type":"Organization","@id":"https:\/\/baltixsport.com\/lt\/#organization","name":"BaltixSport","url":"https:\/\/baltixsport.com\/lt\/","logo":{"@type":"ImageObject","inLanguage":"lt-LT","@id":"https:\/\/baltixsport.com\/lt\/#\/schema\/logo\/image\/","url":"https:\/\/baltixsport.com\/wp-content\/uploads\/2025\/03\/BXS-Logos-12-w.png","contentUrl":"https:\/\/baltixsport.com\/wp-content\/uploads\/2025\/03\/BXS-Logos-12-w.png","width":3782,"height":835,"caption":"BaltixSport"},"image":{"@id":"https:\/\/baltixsport.com\/lt\/#\/schema\/logo\/image\/"}}]}},"_links":{"self":[{"href":"https:\/\/baltixsport.com\/lt\/wp-json\/wp\/v2\/pages\/1583","targetHints":{"allow":["GET"]}}],"collection":[{"href":"https:\/\/baltixsport.com\/lt\/wp-json\/wp\/v2\/pages"}],"about":[{"href":"https:\/\/baltixsport.com\/lt\/wp-json\/wp\/v2\/types\/page"}],"author":[{"embeddable":true,"href":"https:\/\/baltixsport.com\/lt\/wp-json\/wp\/v2\/users\/2"}],"replies":[{"embeddable":true,"href":"https:\/\/baltixsport.com\/lt\/wp-json\/wp\/v2\/comments?post=1583"}],"version-history":[{"count":1,"href":"https:\/\/baltixsport.com\/lt\/wp-json\/wp\/v2\/pages\/1583\/revisions"}],"predecessor-version":[{"id":1585,"href":"https:\/\/baltixsport.com\/lt\/wp-json\/wp\/v2\/pages\/1583\/revisions\/1585"}],"wp:attachment":[{"href":"https:\/\/baltixsport.com\/lt\/wp-json\/wp\/v2\/media?parent=1583"}],"curies":[{"name":"wp","href":"https:\/\/api.w.org\/{rel}","templated":true}]}}