{"id":1311,"date":"2025-05-23T10:04:06","date_gmt":"2025-05-23T10:04:06","guid":{"rendered":"https:\/\/baltixsport.com\/sikfailu-politika\/"},"modified":"2025-06-04T10:33:28","modified_gmt":"2025-06-04T10:33:28","slug":"sikfailu-politika","status":"publish","type":"page","link":"https:\/\/baltixsport.com\/lv\/sikfailu-politika\/","title":{"rendered":"S\u012bkfailu politika"},"content":{"rendered":"\t\t<div data-elementor-type=\"wp-page\" data-elementor-id=\"1311\" class=\"elementor elementor-1311 elementor-802\" data-elementor-post-type=\"page\">\n\t\t\t\t<div class=\"elementor-element elementor-element-38b705ac e-flex e-con-boxed e-con e-parent\" data-id=\"38b705ac\" data-element_type=\"container\" data-e-type=\"container\">\n\t\t\t\t\t<div class=\"e-con-inner\">\n\t\t<div class=\"elementor-element elementor-element-62a11ead e-flex e-con-boxed e-con e-child\" data-id=\"62a11ead\" data-element_type=\"container\" data-e-type=\"container\" data-settings=\"{&quot;background_background&quot;:&quot;classic&quot;}\">\n\t\t\t\t\t<div class=\"e-con-inner\">\n\t\t\t\t<div class=\"elementor-element elementor-element-1ef24307 elementor-widget elementor-widget-heading\" data-id=\"1ef24307\" data-element_type=\"widget\" data-e-type=\"widget\" data-widget_type=\"heading.default\">\n\t\t\t\t<div class=\"elementor-widget-container\">\n\t\t\t\t\t<h2 class=\"elementor-heading-title elementor-size-default\">S\u012bkfailu politika<\/h2>\t\t\t\t<\/div>\n\t\t\t\t<\/div>\n\t\t\t\t\t<\/div>\n\t\t\t\t<\/div>\n\t\t<div class=\"elementor-element elementor-element-6c1c33e0 e-con-full e-flex e-con e-child\" data-id=\"6c1c33e0\" data-element_type=\"container\" data-e-type=\"container\">\n\t\t\t\t<div class=\"elementor-element elementor-element-49fe45c4 elementor-widget elementor-widget-text-editor\" data-id=\"49fe45c4\" data-element_type=\"widget\" data-e-type=\"widget\" data-widget_type=\"text-editor.default\">\n\t\t\t\t<div class=\"elementor-widget-container\">\n\t\t\t\t\t\t\t\t\t<p>P\u0113d\u0113jo reizi atjaunin\u0101ts: Maijs 23, 2025<\/p>\t\t\t\t\t\t\t\t<\/div>\n\t\t\t\t<\/div>\n\t\t\t\t<div class=\"elementor-element elementor-element-2528d31f elementor-widget elementor-widget-text-editor\" data-id=\"2528d31f\" data-element_type=\"widget\" data-e-type=\"widget\" data-widget_type=\"text-editor.default\">\n\t\t\t\t<div class=\"elementor-widget-container\">\n\t\t\t\t\t\t\t\t\t<p>\u0160aj\u0101 S\u012bkdat\u0146u politik\u0101 ir izskaidrots, kas ir S\u012bkdatnes un k\u0101 M\u0113s t\u0101s izmantojam. Jums vajadz\u0113tu izlas\u012bt \u0161o politiku, lai saprastu, k\u0101dus s\u012bkfailus M\u0113s izmantojam, k\u0101du inform\u0101ciju M\u0113s apkopojam, izmantojot s\u012bkfailus, un k\u0101 \u0161\u012b inform\u0101cija tiek izmantota. <\/p><p>S\u012bkfailos, ko m\u0113s izmantojam, netiek saglab\u0101ta sensit\u012bva personiska inform\u0101cija, piem\u0113ram, pasta adreses vai paroles. Inform\u0101ciju par to, k\u0101 M\u0113s r\u012bkojamies ar personas datiem, skatiet m\u016bsu konfidencialit\u0101tes politik\u0101. <\/p>\t\t\t\t\t\t\t\t<\/div>\n\t\t\t\t<\/div>\n\t\t\t\t<div class=\"elementor-element elementor-element-5e0b021e elementor-widget elementor-widget-heading\" data-id=\"5e0b021e\" data-element_type=\"widget\" data-e-type=\"widget\" data-widget_type=\"heading.default\">\n\t\t\t\t<div class=\"elementor-widget-container\">\n\t\t\t\t\t<h2 class=\"elementor-heading-title elementor-size-default\">Interpret\u0101cija un defin\u012bcijas<\/h2>\t\t\t\t<\/div>\n\t\t\t\t<\/div>\n\t\t\t\t<div class=\"elementor-element elementor-element-139c3e3f elementor-widget elementor-widget-text-editor\" data-id=\"139c3e3f\" data-element_type=\"widget\" data-e-type=\"widget\" data-widget_type=\"text-editor.default\">\n\t\t\t\t<div class=\"elementor-widget-container\">\n\t\t\t\t\t\t\t\t\t<p>Interpret\u0101cija:<\/p>\t\t\t\t\t\t\t\t<\/div>\n\t\t\t\t<\/div>\n\t\t\t\t<div class=\"elementor-element elementor-element-53a4273 elementor-widget elementor-widget-text-editor\" data-id=\"53a4273\" data-element_type=\"widget\" data-e-type=\"widget\" data-widget_type=\"text-editor.default\">\n\t\t\t\t<div class=\"elementor-widget-container\">\n\t\t\t\t\t\t\t\t\t<p>Ar lielaj\u0101m burtn\u012bc\u0101m rakst\u012bto terminu noz\u012bmes ir defin\u0113tas turpm\u0101k.<\/p>\t\t\t\t\t\t\t\t<\/div>\n\t\t\t\t<\/div>\n\t\t\t\t<div class=\"elementor-element elementor-element-3f70053d elementor-widget elementor-widget-text-editor\" data-id=\"3f70053d\" data-element_type=\"widget\" data-e-type=\"widget\" data-widget_type=\"text-editor.default\">\n\t\t\t\t<div class=\"elementor-widget-container\">\n\t\t\t\t\t\t\t\t\t<p>Defin\u012bcijas:<\/p>\t\t\t\t\t\t\t\t<\/div>\n\t\t\t\t<\/div>\n\t\t\t\t<div class=\"elementor-element elementor-element-4248f068 elementor-widget elementor-widget-text-editor\" data-id=\"4248f068\" data-element_type=\"widget\" data-e-type=\"widget\" data-widget_type=\"text-editor.default\">\n\t\t\t\t<div class=\"elementor-widget-container\">\n\t\t\t\t\t\t\t\t\t<ul><li aria-level=\"1\">Uz\u0146\u0113mums (\u201cM\u0113s\u201d, \u201cM\u0113s\u201d vai \u201cM\u016bsu\u201d): BaltixSport, Kap\u0173 g. 50 Vilkavi\u0161kis, 70121 Vilkavi\u0161kio r. sav., Lietuva.<\/li><li aria-level=\"1\">S\u012bkfaili: Nelieli faili, ko t\u012bmek\u013ca vietne ievieto J\u016bsu ier\u012bc\u0113.<\/li><li aria-level=\"1\">T\u012bmek\u013ca vietne: BaltixSport, pieejams www.baltixsport.com<\/li><li aria-level=\"1\">J\u016bs: Persona, kas izmanto T\u012bmek\u013ca vietni, vai t\u0101s p\u0101rst\u0101vis.<\/li><\/ul>\t\t\t\t\t\t\t\t<\/div>\n\t\t\t\t<\/div>\n\t\t\t\t<\/div>\n\t\t\t\t<div class=\"elementor-element elementor-element-31df0c43 elementor-widget elementor-widget-heading\" data-id=\"31df0c43\" data-element_type=\"widget\" data-e-type=\"widget\" data-widget_type=\"heading.default\">\n\t\t\t\t<div class=\"elementor-widget-container\">\n\t\t\t\t\t<h2 class=\"elementor-heading-title elementor-size-default\">S\u012bkfailu izmanto\u0161ana<\/h2>\t\t\t\t<\/div>\n\t\t\t\t<\/div>\n\t\t\t\t<div class=\"elementor-element elementor-element-1232e499 elementor-widget elementor-widget-text-editor\" data-id=\"1232e499\" data-element_type=\"widget\" data-e-type=\"widget\" data-widget_type=\"text-editor.default\">\n\t\t\t\t<div class=\"elementor-widget-container\">\n\t\t\t\t\t\t\t\t\t<p>M\u0113s izmantojam s\u012bkfailus, lai:<\/p>\t\t\t\t\t\t\t\t<\/div>\n\t\t\t\t<\/div>\n\t\t\t\t<div class=\"elementor-element elementor-element-4a20a55f elementor-widget elementor-widget-text-editor\" data-id=\"4a20a55f\" data-element_type=\"widget\" data-e-type=\"widget\" data-widget_type=\"text-editor.default\">\n\t\t\t\t<div class=\"elementor-widget-container\">\n\t\t\t\t\t\t\t\t\t<ul><li aria-level=\"1\">Nodro\u0161in\u0101t b\u016btiskas vietnes funkcijas<\/li><li aria-level=\"1\">Lietot\u0101ja preferen\u010du atcer\u0113\u0161an\u0101s<\/li><li aria-level=\"1\">analiz\u0113t vietnes datpl\u016bsmu un lietot\u0101ju uzved\u012bbu (izmantojot anal\u012btiskos r\u012bkus).<\/li><li aria-level=\"1\">M\u0113r\u0137tiec\u012bgas rekl\u0101mas nodro\u0161in\u0101\u0161ana (izmantojot rekl\u0101mas platformas<\/li><\/ul>\t\t\t\t\t\t\t\t<\/div>\n\t\t\t\t<\/div>\n\t\t\t\t<div class=\"elementor-element elementor-element-5a2d828e elementor-widget elementor-widget-text-editor\" data-id=\"5a2d828e\" data-element_type=\"widget\" data-e-type=\"widget\" data-widget_type=\"text-editor.default\">\n\t\t\t\t<div class=\"elementor-widget-container\">\n\t\t\t\t\t\t\t\t\t<p>M\u0113s ne\u013caujam izveidot kontu. Visi sav\u0101ktie dati ir paredz\u0113ti sazi\u0146ai vai pakalpojumu snieg\u0161anai. <\/p><p><strong>Lieto\u0161anas dati &#8211;<\/strong> ietver p\u0101rl\u016bkprogrammas veidu, apmekl\u0113t\u0101s lapas, IP adresi un laika z\u012bmogus.<\/p><p><strong>Izseko\u0161anas tehnolo\u0123ijas un s\u012bkfaili &#8211;<\/strong> m\u0113s izmantojam s\u012bkfailus un l\u012bdz\u012bgas tehnolo\u0123ijas funkcionalit\u0101tes, anal\u012btikas un lietot\u0101ja pieredzes uzlabo\u0161anai. J\u016bs varat atteikties no s\u012bkdatn\u0113m, izmantojot p\u0101rl\u016bkprogrammas iestat\u012bjumus. <\/p>\t\t\t\t\t\t\t\t<\/div>\n\t\t\t\t<\/div>\n\t\t\t\t<div class=\"elementor-element elementor-element-f21df88 elementor-widget elementor-widget-text-editor\" data-id=\"f21df88\" data-element_type=\"widget\" data-e-type=\"widget\" data-widget_type=\"text-editor.default\">\n\t\t\t\t<div class=\"elementor-widget-container\">\n\t\t\t\t\t\t\t\t\t<p>M\u016bsu izmantoto s\u012bkfailu veidi<\/p>\t\t\t\t\t\t\t\t<\/div>\n\t\t\t\t<\/div>\n\t\t\t\t<div class=\"elementor-element elementor-element-3dbb96a7 elementor-widget elementor-widget-text-editor\" data-id=\"3dbb96a7\" data-element_type=\"widget\" data-e-type=\"widget\" data-widget_type=\"text-editor.default\">\n\t\t\t\t<div class=\"elementor-widget-container\">\n\t\t\t\t\t\t\t\t\t<ol><li aria-level=\"1\"><b>Nepiecie\u0161am\u0101s s\u012bkdatnes<\/b><ul><li aria-level=\"1\">Veids: Sesijas s\u012bkfaili<\/li><li aria-level=\"1\">M\u0113r\u0137is: Nodro\u0161in\u0101t pamatfunkcijas, piem\u0113ram, dro\u0161\u012bbu un t\u012bkla p\u0101rvald\u012bbu. T\u0101s nevar atsp\u0113jot. <\/li><\/ul><\/li><li aria-level=\"1\"><b>Funkcion\u0101l\u0101s s\u012bkdatnes<\/b><ul><li aria-level=\"1\">Veids: Past\u0101v\u012bg\u0101s s\u012bkdatnes<\/li><li aria-level=\"1\">M\u0113r\u0137is: Atcer\u0113ties lietot\u0101ja iestat\u012bjumus, piem\u0113ram, valodas preferences.<\/li><\/ul><\/li><li aria-level=\"1\"><b>Anal\u012btikas s\u012bkfaili<\/b><ul><li aria-level=\"1\">Veids: Past\u0101v\u012bg\u0101s s\u012bkdatnes<\/li><li aria-level=\"1\">M\u0113r\u0137is: Apkopotu datu v\u0101k\u0161ana par vietnes izmanto\u0161anu un veiktsp\u0113ju. M\u0113s izmantojam t\u0101dus pakalpojumus k\u0101 Google Analytics. <\/li><\/ul><\/li><li aria-level=\"1\"><b>Rekl\u0101mas s\u012bkfaili<\/b><ul><li aria-level=\"1\">Veids: Past\u0101v\u012bg\u0101s s\u012bkdatnes<\/li><li aria-level=\"1\">M\u0113r\u0137is: Sniegt personaliz\u0113tas rekl\u0101mas, pamatojoties uz p\u0101rl\u016bko\u0161anas paradumiem. M\u0113s varam izmantot t\u0101das platformas k\u0101 Facebook Ads, Google Ads vai citas. <\/li><\/ul><\/li><\/ol>\t\t\t\t\t\t\t\t<\/div>\n\t\t\t\t<\/div>\n\t\t\t\t<div class=\"elementor-element elementor-element-f67cd3c elementor-widget elementor-widget-text-editor\" data-id=\"f67cd3c\" data-element_type=\"widget\" data-e-type=\"widget\" data-widget_type=\"text-editor.default\">\n\t\t\t\t<div class=\"elementor-widget-container\">\n\t\t\t\t\t\t\t\t\t<p>Piekri\u0161ana un kontrole<\/p>\t\t\t\t\t\t\t\t<\/div>\n\t\t\t\t<\/div>\n\t\t\t\t<div class=\"elementor-element elementor-element-1fece4cf elementor-widget elementor-widget-text-editor\" data-id=\"1fece4cf\" data-element_type=\"widget\" data-e-type=\"widget\" data-widget_type=\"text-editor.default\">\n\t\t\t\t<div class=\"elementor-widget-container\">\n\t\t\t\t\t\t\t\t\t<p>Pirmo reizi apmekl\u0113jot m\u016bsu vietni, tiek par\u0101d\u012bts s\u012bkfailu baneris, kas \u013cauj jums pie\u0146emt vai piel\u0101got s\u012bkfailu preferences. J\u016bs varat atsaukt piekri\u0161anu vai piel\u0101got iestat\u012bjumus jebkur\u0101 laik\u0101, izmantojot s\u012bkfailu p\u0101rvald\u012bbas r\u012bku, kas atrodas teksta p\u0113di\u0146\u0101. <\/p><p><strong>P\u0101rl\u016bkprogrammas iestat\u012bjumi &#8211;<\/strong> s\u012bkfailus varat p\u0101rvald\u012bt ar\u012b p\u0101rl\u016bkprogrammas iestat\u012bjumos:<\/p><ul><li style=\"list-style-type: none;\"><ul><li aria-level=\"1\">Chrome: https:\/\/support.google.com\/accounts\/answer\/32050<\/li><li aria-level=\"1\">Firefox: https:\/\/support.mozilla.org\/en-US\/kb\/delete-cookies-remove-info-websites-stored<\/li><li aria-level=\"1\">Safari: https:\/\/support.apple.com\/guide\/safari\/manage-cookies-and-website-data-sfri11471\/mac<\/li><\/ul><\/li><\/ul><ul><li style=\"list-style-type: none;\"><ul><li aria-level=\"1\">Microsoft Edge: https:\/\/support.microsoft.com\/help\/4468242\/microsoft-edge-browsing-data-and-privacy<\/li><\/ul><\/li><\/ul>\t\t\t\t\t\t\t\t<\/div>\n\t\t\t\t<\/div>\n\t\t\t\t<div class=\"elementor-element elementor-element-60d8a5e elementor-widget elementor-widget-text-editor\" data-id=\"60d8a5e\" data-element_type=\"widget\" data-e-type=\"widget\" data-widget_type=\"text-editor.default\">\n\t\t\t\t<div class=\"elementor-widget-container\">\n\t\t\t\t\t\t\t\t\t<p>Vair\u0101k inform\u0101cijas<\/p>\t\t\t\t\t\t\t\t<\/div>\n\t\t\t\t<\/div>\n\t\t\t\t<div class=\"elementor-element elementor-element-8a00c72 elementor-widget elementor-widget-text-editor\" data-id=\"8a00c72\" data-element_type=\"widget\" data-e-type=\"widget\" data-widget_type=\"text-editor.default\">\n\t\t\t\t<div class=\"elementor-widget-container\">\n\t\t\t\t\t\t\t\t\t<p>Lai uzzin\u0101tu vair\u0101k par s\u012bkfailiem, apmekl\u0113jiet: https:\/\/www.allaboutcookies.org\/.<\/p>\t\t\t\t\t\t\t\t<\/div>\n\t\t\t\t<\/div>\n\t\t\t\t<div class=\"elementor-element elementor-element-38f5f23 elementor-widget elementor-widget-text-editor\" data-id=\"38f5f23\" data-element_type=\"widget\" data-e-type=\"widget\" data-widget_type=\"text-editor.default\">\n\t\t\t\t<div class=\"elementor-widget-container\">\n\t\t\t\t\t\t\t\t\t<p>Sazinieties ar mums<\/p>\t\t\t\t\t\t\t\t<\/div>\n\t\t\t\t<\/div>\n\t\t\t\t<div class=\"elementor-element elementor-element-4c2cd9f elementor-widget elementor-widget-text-editor\" data-id=\"4c2cd9f\" data-element_type=\"widget\" data-e-type=\"widget\" data-widget_type=\"text-editor.default\">\n\t\t\t\t<div class=\"elementor-widget-container\">\n\t\t\t\t\t\t\t\t\t<p>Ja jums ir k\u0101di jaut\u0101jumi par \u0161o S\u012bkdat\u0146u politiku, sazinieties ar mums, rakstot uz \u0161\u0101du adresi: becca@baltixsport.com.<\/p>\t\t\t\t\t\t\t\t<\/div>\n\t\t\t\t<\/div>\n\t\t\t\t\t<\/div>\n\t\t\t\t<\/div>\n\t\t\t\t<\/div>\n\t\t","protected":false},"excerpt":{"rendered":"<p>S\u012bkfailu politika P\u0113d\u0113jo reizi atjaunin\u0101ts: Maijs 23, 2025 \u0160aj\u0101 S\u012bkdat\u0146u politik\u0101 ir izskaidrots, kas ir S\u012bkdatnes un k\u0101 M\u0113s t\u0101s izmantojam. Jums vajadz\u0113tu izlas\u012bt \u0161o politiku, lai saprastu, k\u0101dus s\u012bkfailus M\u0113s izmantojam, k\u0101du inform\u0101ciju M\u0113s apkopojam, izmantojot s\u012bkfailus, un k\u0101 \u0161\u012b inform\u0101cija tiek izmantota. S\u012bkfailos, ko m\u0113s izmantojam, netiek saglab\u0101ta sensit\u012bva personiska inform\u0101cija, piem\u0113ram, pasta [&hellip;]<\/p>\n","protected":false},"author":2,"featured_media":0,"parent":0,"menu_order":0,"comment_status":"closed","ping_status":"closed","template":"elementor_header_footer","meta":{"footnotes":""},"class_list":["post-1311","page","type-page","status-publish","hentry"],"yoast_head":"<!-- This site is optimized with the Yoast SEO plugin v27.4 - https:\/\/yoast.com\/product\/yoast-seo-wordpress\/ -->\n<title>S\u012bkfailu politika - BaltixSport<\/title>\n<meta name=\"robots\" content=\"index, follow, max-snippet:-1, max-image-preview:large, max-video-preview:-1\" \/>\n<link rel=\"canonical\" href=\"https:\/\/baltixsport.com\/lv\/sikfailu-politika\/\" \/>\n<meta property=\"og:locale\" content=\"lv_LV\" \/>\n<meta property=\"og:type\" content=\"article\" \/>\n<meta property=\"og:title\" content=\"S\u012bkfailu politika - BaltixSport\" \/>\n<meta property=\"og:description\" content=\"S\u012bkfailu politika P\u0113d\u0113jo reizi atjaunin\u0101ts: Maijs 23, 2025 \u0160aj\u0101 S\u012bkdat\u0146u politik\u0101 ir izskaidrots, kas ir S\u012bkdatnes un k\u0101 M\u0113s t\u0101s izmantojam. Jums vajadz\u0113tu izlas\u012bt \u0161o politiku, lai saprastu, k\u0101dus s\u012bkfailus M\u0113s izmantojam, k\u0101du inform\u0101ciju M\u0113s apkopojam, izmantojot s\u012bkfailus, un k\u0101 \u0161\u012b inform\u0101cija tiek izmantota. S\u012bkfailos, ko m\u0113s izmantojam, netiek saglab\u0101ta sensit\u012bva personiska inform\u0101cija, piem\u0113ram, pasta [&hellip;]\" \/>\n<meta property=\"og:url\" content=\"https:\/\/baltixsport.com\/lv\/sikfailu-politika\/\" \/>\n<meta property=\"og:site_name\" content=\"BaltixSport\" \/>\n<meta property=\"article:modified_time\" content=\"2025-06-04T10:33:28+00:00\" \/>\n<meta name=\"twitter:card\" content=\"summary_large_image\" \/>\n<meta name=\"twitter:label1\" content=\"Est. reading time\" \/>\n\t<meta name=\"twitter:data1\" content=\"3 minutes\" \/>\n<script type=\"application\/ld+json\" class=\"yoast-schema-graph\">{\"@context\":\"https:\\\/\\\/schema.org\",\"@graph\":[{\"@type\":\"WebPage\",\"@id\":\"https:\\\/\\\/baltixsport.com\\\/lv\\\/sikfailu-politika\\\/\",\"url\":\"https:\\\/\\\/baltixsport.com\\\/lv\\\/sikfailu-politika\\\/\",\"name\":\"S\u012bkfailu politika - BaltixSport\",\"isPartOf\":{\"@id\":\"https:\\\/\\\/baltixsport.com\\\/lv\\\/#website\"},\"datePublished\":\"2025-05-23T10:04:06+00:00\",\"dateModified\":\"2025-06-04T10:33:28+00:00\",\"breadcrumb\":{\"@id\":\"https:\\\/\\\/baltixsport.com\\\/lv\\\/sikfailu-politika\\\/#breadcrumb\"},\"inLanguage\":\"lv-LV\",\"potentialAction\":[{\"@type\":\"ReadAction\",\"target\":[\"https:\\\/\\\/baltixsport.com\\\/lv\\\/sikfailu-politika\\\/\"]}]},{\"@type\":\"BreadcrumbList\",\"@id\":\"https:\\\/\\\/baltixsport.com\\\/lv\\\/sikfailu-politika\\\/#breadcrumb\",\"itemListElement\":[{\"@type\":\"ListItem\",\"position\":1,\"name\":\"S\u0101kums\",\"item\":\"https:\\\/\\\/baltixsport.com\\\/lv\\\/sakums\\\/\"},{\"@type\":\"ListItem\",\"position\":2,\"name\":\"S\u012bkfailu politika\"}]},{\"@type\":\"WebSite\",\"@id\":\"https:\\\/\\\/baltixsport.com\\\/lv\\\/#website\",\"url\":\"https:\\\/\\\/baltixsport.com\\\/lv\\\/\",\"name\":\"BaltixSport\",\"description\":\"Baltijas valstu sportistu savieno\u0161ana ar ASV sporta stipendij\u0101m\",\"publisher\":{\"@id\":\"https:\\\/\\\/baltixsport.com\\\/lv\\\/#organization\"},\"potentialAction\":[{\"@type\":\"SearchAction\",\"target\":{\"@type\":\"EntryPoint\",\"urlTemplate\":\"https:\\\/\\\/baltixsport.com\\\/lv\\\/?s={search_term_string}\"},\"query-input\":{\"@type\":\"PropertyValueSpecification\",\"valueRequired\":true,\"valueName\":\"search_term_string\"}}],\"inLanguage\":\"lv-LV\"},{\"@type\":\"Organization\",\"@id\":\"https:\\\/\\\/baltixsport.com\\\/lv\\\/#organization\",\"name\":\"BaltixSport\",\"url\":\"https:\\\/\\\/baltixsport.com\\\/lv\\\/\",\"logo\":{\"@type\":\"ImageObject\",\"inLanguage\":\"lv-LV\",\"@id\":\"https:\\\/\\\/baltixsport.com\\\/lv\\\/#\\\/schema\\\/logo\\\/image\\\/\",\"url\":\"https:\\\/\\\/baltixsport.com\\\/wp-content\\\/uploads\\\/2025\\\/03\\\/BXS-Logos-12-w.png\",\"contentUrl\":\"https:\\\/\\\/baltixsport.com\\\/wp-content\\\/uploads\\\/2025\\\/03\\\/BXS-Logos-12-w.png\",\"width\":3782,\"height\":835,\"caption\":\"BaltixSport\"},\"image\":{\"@id\":\"https:\\\/\\\/baltixsport.com\\\/lv\\\/#\\\/schema\\\/logo\\\/image\\\/\"}}]}<\/script>\n<!-- \/ Yoast SEO plugin. -->","yoast_head_json":{"title":"S\u012bkfailu politika - BaltixSport","robots":{"index":"index","follow":"follow","max-snippet":"max-snippet:-1","max-image-preview":"max-image-preview:large","max-video-preview":"max-video-preview:-1"},"canonical":"https:\/\/baltixsport.com\/lv\/sikfailu-politika\/","og_locale":"lv_LV","og_type":"article","og_title":"S\u012bkfailu politika - BaltixSport","og_description":"S\u012bkfailu politika P\u0113d\u0113jo reizi atjaunin\u0101ts: Maijs 23, 2025 \u0160aj\u0101 S\u012bkdat\u0146u politik\u0101 ir izskaidrots, kas ir S\u012bkdatnes un k\u0101 M\u0113s t\u0101s izmantojam. Jums vajadz\u0113tu izlas\u012bt \u0161o politiku, lai saprastu, k\u0101dus s\u012bkfailus M\u0113s izmantojam, k\u0101du inform\u0101ciju M\u0113s apkopojam, izmantojot s\u012bkfailus, un k\u0101 \u0161\u012b inform\u0101cija tiek izmantota. S\u012bkfailos, ko m\u0113s izmantojam, netiek saglab\u0101ta sensit\u012bva personiska inform\u0101cija, piem\u0113ram, pasta [&hellip;]","og_url":"https:\/\/baltixsport.com\/lv\/sikfailu-politika\/","og_site_name":"BaltixSport","article_modified_time":"2025-06-04T10:33:28+00:00","twitter_card":"summary_large_image","twitter_misc":{"Est. reading time":"3 minutes"},"schema":{"@context":"https:\/\/schema.org","@graph":[{"@type":"WebPage","@id":"https:\/\/baltixsport.com\/lv\/sikfailu-politika\/","url":"https:\/\/baltixsport.com\/lv\/sikfailu-politika\/","name":"S\u012bkfailu politika - BaltixSport","isPartOf":{"@id":"https:\/\/baltixsport.com\/lv\/#website"},"datePublished":"2025-05-23T10:04:06+00:00","dateModified":"2025-06-04T10:33:28+00:00","breadcrumb":{"@id":"https:\/\/baltixsport.com\/lv\/sikfailu-politika\/#breadcrumb"},"inLanguage":"lv-LV","potentialAction":[{"@type":"ReadAction","target":["https:\/\/baltixsport.com\/lv\/sikfailu-politika\/"]}]},{"@type":"BreadcrumbList","@id":"https:\/\/baltixsport.com\/lv\/sikfailu-politika\/#breadcrumb","itemListElement":[{"@type":"ListItem","position":1,"name":"S\u0101kums","item":"https:\/\/baltixsport.com\/lv\/sakums\/"},{"@type":"ListItem","position":2,"name":"S\u012bkfailu politika"}]},{"@type":"WebSite","@id":"https:\/\/baltixsport.com\/lv\/#website","url":"https:\/\/baltixsport.com\/lv\/","name":"BaltixSport","description":"Baltijas valstu sportistu savieno\u0161ana ar ASV sporta stipendij\u0101m","publisher":{"@id":"https:\/\/baltixsport.com\/lv\/#organization"},"potentialAction":[{"@type":"SearchAction","target":{"@type":"EntryPoint","urlTemplate":"https:\/\/baltixsport.com\/lv\/?s={search_term_string}"},"query-input":{"@type":"PropertyValueSpecification","valueRequired":true,"valueName":"search_term_string"}}],"inLanguage":"lv-LV"},{"@type":"Organization","@id":"https:\/\/baltixsport.com\/lv\/#organization","name":"BaltixSport","url":"https:\/\/baltixsport.com\/lv\/","logo":{"@type":"ImageObject","inLanguage":"lv-LV","@id":"https:\/\/baltixsport.com\/lv\/#\/schema\/logo\/image\/","url":"https:\/\/baltixsport.com\/wp-content\/uploads\/2025\/03\/BXS-Logos-12-w.png","contentUrl":"https:\/\/baltixsport.com\/wp-content\/uploads\/2025\/03\/BXS-Logos-12-w.png","width":3782,"height":835,"caption":"BaltixSport"},"image":{"@id":"https:\/\/baltixsport.com\/lv\/#\/schema\/logo\/image\/"}}]}},"_links":{"self":[{"href":"https:\/\/baltixsport.com\/lv\/wp-json\/wp\/v2\/pages\/1311","targetHints":{"allow":["GET"]}}],"collection":[{"href":"https:\/\/baltixsport.com\/lv\/wp-json\/wp\/v2\/pages"}],"about":[{"href":"https:\/\/baltixsport.com\/lv\/wp-json\/wp\/v2\/types\/page"}],"author":[{"embeddable":true,"href":"https:\/\/baltixsport.com\/lv\/wp-json\/wp\/v2\/users\/2"}],"replies":[{"embeddable":true,"href":"https:\/\/baltixsport.com\/lv\/wp-json\/wp\/v2\/comments?post=1311"}],"version-history":[{"count":1,"href":"https:\/\/baltixsport.com\/lv\/wp-json\/wp\/v2\/pages\/1311\/revisions"}],"predecessor-version":[{"id":1312,"href":"https:\/\/baltixsport.com\/lv\/wp-json\/wp\/v2\/pages\/1311\/revisions\/1312"}],"wp:attachment":[{"href":"https:\/\/baltixsport.com\/lv\/wp-json\/wp\/v2\/media?parent=1311"}],"curies":[{"name":"wp","href":"https:\/\/api.w.org\/{rel}","templated":true}]}}