{"id":1543,"date":"2025-05-13T09:50:04","date_gmt":"2025-05-13T09:50:04","guid":{"rendered":"https:\/\/baltixsport.com\/treneriem\/"},"modified":"2025-06-06T12:18:10","modified_gmt":"2025-06-06T12:18:10","slug":"treneriem","status":"publish","type":"page","link":"https:\/\/baltixsport.com\/lv\/treneriem\/","title":{"rendered":"Treneriem"},"content":{"rendered":"\t\t<div data-elementor-type=\"wp-page\" data-elementor-id=\"1543\" class=\"elementor elementor-1543 elementor-163\" data-elementor-post-type=\"page\">\n\t\t\t\t<div class=\"elementor-element elementor-element-52de4f7 e-flex e-con-boxed e-con e-parent\" data-id=\"52de4f7\" data-element_type=\"container\" data-e-type=\"container\" data-settings=\"{&quot;background_background&quot;:&quot;classic&quot;}\">\n\t\t\t\t\t<div class=\"e-con-inner\">\n\t\t\t\t<div class=\"elementor-element elementor-element-8ae55f5 elementor-widget elementor-widget-heading\" data-id=\"8ae55f5\" data-element_type=\"widget\" data-e-type=\"widget\" data-widget_type=\"heading.default\">\n\t\t\t\t<div class=\"elementor-widget-container\">\n\t\t\t\t\t<h2 class=\"elementor-heading-title elementor-size-default\">Atblo\u0137\u0113jiet Baltijas valstis...<\/h2>\t\t\t\t<\/div>\n\t\t\t\t<\/div>\n\t\t\t\t\t<\/div>\n\t\t\t\t<\/div>\n\t\t<div class=\"elementor-element elementor-element-ffb46fc e-flex e-con-boxed e-con e-parent\" data-id=\"ffb46fc\" data-element_type=\"container\" data-e-type=\"container\" data-settings=\"{&quot;background_background&quot;:&quot;gradient&quot;}\">\n\t\t\t\t\t<div class=\"e-con-inner\">\n\t\t\t\t<div class=\"elementor-element elementor-element-fd40a39 elementor-widget elementor-widget-heading\" data-id=\"fd40a39\" data-element_type=\"widget\" data-e-type=\"widget\" data-widget_type=\"heading.default\">\n\t\t\t\t<div class=\"elementor-widget-container\">\n\t\t\t\t\t<h2 class=\"elementor-heading-title elementor-size-default\">Baltijas re\u0123ions:<\/h2>\t\t\t\t<\/div>\n\t\t\t\t<\/div>\n\t\t\t\t<div class=\"elementor-element elementor-element-6235680 elementor-widget elementor-widget-heading\" data-id=\"6235680\" data-element_type=\"widget\" data-e-type=\"widget\" data-widget_type=\"heading.default\">\n\t\t\t\t<div class=\"elementor-widget-container\">\n\t\t\t\t\t<h2 class=\"elementor-heading-title elementor-size-default\"><span style=\"color:#CDDA32\">Bag\u0101ts ar sportiskiem talantiem<\/span>, bet<br> bie\u017ei vien<span style=\"color:#CDDA32\">netiek \u0146emts v\u0113r\u0101<\/span> person\u0101la atlases speci\u0101listu ac\u012bs<\/h2>\t\t\t\t<\/div>\n\t\t\t\t<\/div>\n\t\t<div class=\"elementor-element elementor-element-e3afbba e-con-full e-flex e-con e-child\" data-id=\"e3afbba\" data-element_type=\"container\" data-e-type=\"container\">\n\t\t\t\t<div class=\"elementor-element elementor-element-e75491a elementor-widget elementor-widget-video\" data-id=\"e75491a\" data-element_type=\"widget\" data-e-type=\"widget\" data-settings=\"{&quot;youtube_url&quot;:&quot;https:\\\/\\\/www.youtube.com\\\/watch?v=XHOmBV4js_E&quot;,&quot;video_type&quot;:&quot;youtube&quot;}\" data-widget_type=\"video.default\">\n\t\t\t\t<div class=\"elementor-widget-container\">\n\t\t\t\t\t\t\t<div class=\"elementor-wrapper elementor-open-inline\">\n\t\t\t<div class=\"elementor-video\"><\/div>\t\t<\/div>\n\t\t\t\t\t\t<\/div>\n\t\t\t\t<\/div>\n\t\t<div class=\"elementor-element elementor-element-ad59321 e-con-full e-flex e-con e-child\" data-id=\"ad59321\" data-element_type=\"container\" data-e-type=\"container\">\n\t\t\t\t<div class=\"elementor-element elementor-element-9187a5c elementor-widget elementor-widget-heading\" data-id=\"9187a5c\" data-element_type=\"widget\" data-e-type=\"widget\" data-widget_type=\"heading.default\">\n\t\t\t\t<div class=\"elementor-widget-container\">\n\t\t\t\t\t<h2 class=\"elementor-heading-title elementor-size-default\">\u201c\u0160\u012b re\u0123iona iedz\u012bvot\u0101ji vienk\u0101r\u0161i str\u0101d\u0101 - vi\u0146iem piem\u012bt neparasta darba \u0113tika\u201d<\/h2>\t\t\t\t<\/div>\n\t\t\t\t<\/div>\n\t\t\t\t<div class=\"elementor-element elementor-element-58ffc87 elementor-widget elementor-widget-text-editor\" data-id=\"58ffc87\" data-element_type=\"widget\" data-e-type=\"widget\" data-widget_type=\"text-editor.default\">\n\t\t\t\t<div class=\"elementor-widget-container\">\n\t\t\t\t\t\t\t\t\t<p>Baltijas sportisti izaug ar discipl\u012bnu, iztur\u012bbu un dzi\u013cu alk\u0101m p\u0113c pan\u0101kumiem. Vi\u0146i nemekl\u0113 \u012bs\u0101kos ce\u013cus &#8211; vi\u0146i mekl\u0113 iesp\u0113jas. Un, kad vi\u0146iem t\u0101da rodas, vi\u0146i to neiznieko.  <\/p><p>Ja j\u016bs mekl\u0113jat sportistus, kuri ir tren\u0113jami, orient\u0113ti uz komandu un neatlaid\u012bgi m\u0113r\u0137tiec\u012bgi, j\u016bs esat \u012bstaj\u0101 viet\u0101. BaltixSport savieno j\u016bs ar studentiem, kuri sniedz vair\u0101k nek\u0101 tikai prasmes &#8211; vi\u0146i sniedz sirdi, pazem\u012bbu un v\u0113lmi p\u0101rsp\u0113t visus p\u0101r\u0113jos laukum\u0101. <\/p><p>Gudrs. Iztur\u012bgs. Pateic\u012bgs par iesp\u0113ju sacensties. \u0160\u0101du sp\u0113l\u0113t\u0101ju m\u0113s s\u016bt\u0101m jums.   <\/p>\t\t\t\t\t\t\t\t<\/div>\n\t\t\t\t<\/div>\n\t\t\t\t<\/div>\n\t\t\t\t<\/div>\n\t\t\t\t\t<\/div>\n\t\t\t\t<\/div>\n\t\t<div class=\"elementor-element elementor-element-4fb0c9d elementor-hidden-desktop elementor-hidden-tablet elementor-hidden-mobile e-flex e-con-boxed e-con e-parent\" data-id=\"4fb0c9d\" data-element_type=\"container\" data-e-type=\"container\" data-settings=\"{&quot;background_background&quot;:&quot;gradient&quot;}\">\n\t\t\t\t\t<div class=\"e-con-inner\">\n\t\t<div class=\"elementor-element elementor-element-5f8ef00 e-con-full e-flex e-con e-child\" data-id=\"5f8ef00\" data-element_type=\"container\" data-e-type=\"container\">\n\t\t\t\t<div class=\"elementor-element elementor-element-0ad56ee elementor-widget elementor-widget-heading\" data-id=\"0ad56ee\" data-element_type=\"widget\" data-e-type=\"widget\" data-widget_type=\"heading.default\">\n\t\t\t\t<div class=\"elementor-widget-container\">\n\t\t\t\t\t<h2 class=\"elementor-heading-title elementor-size-default\">M\u016bsu sportistu priek\u0161skat\u012bjums<\/h2>\t\t\t\t<\/div>\n\t\t\t\t<\/div>\n\t\t\t\t<div class=\"elementor-element elementor-element-e442716 elementor-widget elementor-widget-button\" data-id=\"e442716\" data-element_type=\"widget\" data-e-type=\"widget\" data-widget_type=\"button.default\">\n\t\t\t\t<div class=\"elementor-widget-container\">\n\t\t\t\t\t\t\t\t\t<div class=\"elementor-button-wrapper\">\n\t\t\t\t\t<a class=\"elementor-button elementor-button-link elementor-size-sm\" href=\"#\">\n\t\t\t\t\t\t<span class=\"elementor-button-content-wrapper\">\n\t\t\t\t\t\t\t\t\t<span class=\"elementor-button-text\">Nos\u016bt\u012bt piepras\u012bjumu<\/span>\n\t\t\t\t\t<\/span>\n\t\t\t\t\t<\/a>\n\t\t\t\t<\/div>\n\t\t\t\t\t\t\t\t<\/div>\n\t\t\t\t<\/div>\n\t\t\t\t<\/div>\n\t\t\t\t\t<\/div>\n\t\t\t\t<\/div>\n\t\t<div class=\"elementor-element elementor-element-8535078 e-flex e-con-boxed e-con e-parent\" data-id=\"8535078\" data-element_type=\"container\" data-e-type=\"container\" data-settings=\"{&quot;background_background&quot;:&quot;classic&quot;}\">\n\t\t\t\t\t<div class=\"e-con-inner\">\n\t\t\t\t<div class=\"elementor-element elementor-element-ae7f889 elementor-widget elementor-widget-heading\" data-id=\"ae7f889\" data-element_type=\"widget\" data-e-type=\"widget\" data-widget_type=\"heading.default\">\n\t\t\t\t<div class=\"elementor-widget-container\">\n\t\t\t\t\t<h2 class=\"elementor-heading-title elementor-size-default\">Pievienojiet savam re\u0123istram lab\u0101kos talantus<\/h2>\t\t\t\t<\/div>\n\t\t\t\t<\/div>\n\t\t\t\t<div class=\"elementor-element elementor-element-73e5bc9 elementor-widget elementor-widget-wpforms\" data-id=\"73e5bc9\" data-element_type=\"widget\" data-e-type=\"widget\" id=\"coach-form\" data-widget_type=\"wpforms.default\">\n\t\t\t\t<div class=\"elementor-widget-container\">\n\t\t\t\t\t<style id=\"wpforms-css-vars-elementor-widget-73e5bc9\">\n\t\t\t\t.elementor-widget-wpforms.elementor-element-73e5bc9 {\n\t\t\t\t--wpforms-field-border-radius: 1px;\n--wpforms-field-border-color: #000000;\n--wpforms-field-border-color-spare: #000000;\n--wpforms-button-border-radius: 2px;\n--wpforms-button-background-color: #000000;\n--wpforms-field-size-input-height: 43px;\n--wpforms-field-size-input-spacing: 15px;\n--wpforms-field-size-font-size: 16px;\n--wpforms-field-size-line-height: 19px;\n--wpforms-field-size-padding-h: 14px;\n--wpforms-field-size-checkbox-size: 16px;\n--wpforms-field-size-sublabel-spacing: 5px;\n--wpforms-field-size-icon-size: 1;\n--wpforms-label-size-font-size: 16px;\n--wpforms-label-size-line-height: 19px;\n--wpforms-label-size-sublabel-font-size: 14px;\n--wpforms-label-size-sublabel-line-height: 17px;\n--wpforms-button-size-font-size: 17px;\n--wpforms-button-size-height: 41px;\n--wpforms-button-size-padding-h: 15px;\n--wpforms-button-size-margin-top: 10px;\n\n\t\t\t}\n\t\t\t<\/style><div class=\"wpforms-container wpforms-container-full wpf-center-button wpforms-render-modern\" id=\"wpforms-140\"><form id=\"wpforms-form-140\" class=\"wpforms-validate wpforms-form wpforms-ajax-form\" data-formid=\"140\" method=\"post\" enctype=\"multipart\/form-data\" action=\"\/lv\/wp-json\/wp\/v2\/pages\/1543\" data-token=\"54638cba0d96852b59146470837f94cd\" data-token-time=\"1777384707\"><noscript class=\"wpforms-error-noscript\">Please enable JavaScript in your browser to complete this form.<\/noscript><div class=\"wpforms-hidden\" id=\"wpforms-error-noscript\">Please enable JavaScript in your browser to complete this form.<\/div><div class=\"wpforms-field-container\"><div id=\"wpforms-140-field_1-container\" class=\"wpforms-field wpforms-field-name wpforms-one-half wpforms-first\" data-field-id=\"1\"><label class=\"wpforms-field-label\" for=\"wpforms-140-field_1\">Pilns nosaukums <span class=\"wpforms-required-label\" aria-hidden=\"true\">*<\/span><\/label><input type=\"text\" id=\"wpforms-140-field_1\" class=\"wpforms-field-large wpforms-field-required\" name=\"wpforms[fields][1]\" aria-errormessage=\"wpforms-140-field_1-error\" required><\/div><div id=\"wpforms-140-field_2-container\" class=\"wpforms-field wpforms-field-text wpforms-one-half\" data-field-id=\"2\"><label class=\"wpforms-field-label\" for=\"wpforms-140-field_2\">Iest\u0101des nosaukums <span class=\"wpforms-required-label\" aria-hidden=\"true\">*<\/span><\/label><input type=\"text\" id=\"wpforms-140-field_2\" class=\"wpforms-field-large wpforms-field-required\" name=\"wpforms[fields][2]\" aria-errormessage=\"wpforms-140-field_2-error\" required><\/div><div id=\"wpforms-140-field_5-container\" class=\"wpforms-field wpforms-field-text wpforms-one-half wpforms-first\" data-field-id=\"5\"><label class=\"wpforms-field-label\" for=\"wpforms-140-field_5\">T\u0101lru\u0146a numurs <span class=\"wpforms-required-label\" aria-hidden=\"true\">*<\/span><\/label><input type=\"text\" id=\"wpforms-140-field_5\" class=\"wpforms-field-large wpforms-field-required\" name=\"wpforms[fields][5]\" aria-errormessage=\"wpforms-140-field_5-error\" required><\/div><div id=\"wpforms-140-field_4-container\" class=\"wpforms-field wpforms-field-email wpforms-one-half\" data-field-id=\"4\"><label class=\"wpforms-field-label\" for=\"wpforms-140-field_4\">E-pasta adrese <span class=\"wpforms-required-label\" aria-hidden=\"true\">*<\/span><\/label><input type=\"email\" id=\"wpforms-140-field_4\" class=\"wpforms-field-large wpforms-field-required\" name=\"wpforms[fields][4]\" spellcheck=\"false\" aria-errormessage=\"wpforms-140-field_4-error\" required><\/div><div id=\"wpforms-140-field_6-container\" class=\"wpforms-field wpforms-field-email wpforms-one-half wpforms-first\" data-field-id=\"6\"><label class=\"wpforms-field-label\" for=\"wpforms-140-field_6\">Pils\u0113ta <span class=\"wpforms-required-label\" aria-hidden=\"true\">*<\/span><\/label><input type=\"email\" id=\"wpforms-140-field_6\" class=\"wpforms-field-large wpforms-field-required\" name=\"wpforms[fields][6]\" spellcheck=\"false\" aria-errormessage=\"wpforms-140-field_6-error\" required><\/div><div id=\"wpforms-140-field_7-container\" class=\"wpforms-field wpforms-field-email wpforms-one-half\" data-field-id=\"7\"><label class=\"wpforms-field-label\" for=\"wpforms-140-field_7\">Valsts <span class=\"wpforms-required-label\" aria-hidden=\"true\">*<\/span><\/label><input type=\"email\" id=\"wpforms-140-field_7\" class=\"wpforms-field-large wpforms-field-required\" name=\"wpforms[fields][7]\" spellcheck=\"false\" aria-errormessage=\"wpforms-140-field_7-error\" required><\/div><div id=\"wpforms-140-field_8-container\" class=\"wpforms-field wpforms-field-select wpforms-one-half wpforms-first wpforms-field-select-style-classic\" data-field-id=\"8\"><label class=\"wpforms-field-label\" for=\"wpforms-140-field_8\">Sp\u0113les l\u012bmenis <span class=\"wpforms-required-label\" aria-hidden=\"true\">*<\/span><\/label><select id=\"wpforms-140-field_8\" class=\"wpforms-field-large wpforms-field-required\" name=\"wpforms[fields][8]\" required=\"required\"><option value=\"NCAA I noda\u013ca\" >NCAA I noda\u013ca<\/option><option value=\"NCAA II noda\u013ca\" >NCAA II noda\u013ca<\/option><option value=\"NCAA III noda\u013ca\" >NCAA III noda\u013ca<\/option><option value=\"NAIA\" >NAIA<\/option><option value=\"USCAA\" >USCAA<\/option><option value=\"NCCAA\" >NCCAA<\/option><option value=\"ACCA\" >ACCA<\/option><option value=\"NJCAA\" >NJCAA<\/option><option value=\"Citi\" >Citi<\/option><\/select><\/div><div id=\"wpforms-140-field_10-container\" class=\"wpforms-field wpforms-field-radio wpforms-one-half\" data-field-id=\"10\"><fieldset><legend class=\"wpforms-field-label\">Darbinieku pie\u0146em\u0161ana darb\u0101 <span class=\"wpforms-required-label\" aria-hidden=\"true\">*<\/span><\/legend><ul id=\"wpforms-140-field_10\" class=\"wpforms-field-required\"><li class=\"choice-2 depth-1\"><input type=\"radio\" id=\"wpforms-140-field_10_2\" name=\"wpforms[fields][10]\" value=\"V\u012brie\u0161u sportisti\" aria-errormessage=\"wpforms-140-field_10_2-error\" required ><label class=\"wpforms-field-label-inline\" for=\"wpforms-140-field_10_2\">V\u012brie\u0161u sportisti<\/label><\/li><li class=\"choice-3 depth-1\"><input type=\"radio\" id=\"wpforms-140-field_10_3\" name=\"wpforms[fields][10]\" value=\"Sievietes sportistes\" aria-errormessage=\"wpforms-140-field_10_3-error\" required ><label class=\"wpforms-field-label-inline\" for=\"wpforms-140-field_10_3\">Sievietes sportistes<\/label><\/li><\/ul><\/fieldset><\/div><div id=\"wpforms-140-field_11-container\" class=\"wpforms-field wpforms-field-textarea\" data-field-id=\"11\"><label class=\"wpforms-field-label\" for=\"wpforms-140-field_11\">Zi\u0146a<\/label><textarea id=\"wpforms-140-field_11\" class=\"wpforms-field-medium\" name=\"wpforms[fields][11]\" aria-errormessage=\"wpforms-140-field_11-error\" ><\/textarea><\/div><\/div><!-- .wpforms-field-container --><div class=\"wpforms-submit-container\" ><input type=\"hidden\" name=\"wpforms[id]\" value=\"140\"><input type=\"hidden\" name=\"page_title\" value=\"\"><input type=\"hidden\" name=\"page_url\" value=\"https:\/\/baltixsport.com\/lv\/wp-json\/wp\/v2\/pages\/1543\"><input type=\"hidden\" name=\"url_referer\" value=\"\"><button type=\"submit\" name=\"wpforms[submit]\" id=\"wpforms-submit-140\" class=\"wpforms-submit\" data-alt-text=\"Nos\u016btot...\" data-submit-text=\"Iesniegt\" aria-live=\"assertive\" value=\"wpforms-submit\">Iesniegt<\/button><img decoding=\"async\" src=\"https:\/\/baltixsport.com\/wp-content\/plugins\/wpforms\/assets\/images\/submit-spin.svg\" class=\"wpforms-submit-spinner\" style=\"display: none;\" width=\"26\" height=\"26\" alt=\"Loading\"><\/div><\/form><\/div>  <!-- .wpforms-container -->\t\t\t\t<\/div>\n\t\t\t\t<\/div>\n\t\t\t\t\t<\/div>\n\t\t\t\t<\/div>\n\t\t\t\t<\/div>\n\t\t","protected":false},"excerpt":{"rendered":"<p>Atblo\u0137\u0113jiet Baltijas valstis&#8230; Baltijas re\u0123ions: Bag\u0101ts ar sportiskiem talantiem, bet bie\u017ei viennetiek \u0146emts v\u0113r\u0101 person\u0101la atlases speci\u0101listu ac\u012bs \u201c\u0160\u012b re\u0123iona iedz\u012bvot\u0101ji vienk\u0101r\u0161i str\u0101d\u0101 &#8211; vi\u0146iem piem\u012bt neparasta darba \u0113tika\u201d Baltijas sportisti izaug ar discipl\u012bnu, iztur\u012bbu un dzi\u013cu alk\u0101m p\u0113c pan\u0101kumiem. Vi\u0146i nemekl\u0113 \u012bs\u0101kos ce\u013cus &#8211; vi\u0146i mekl\u0113 iesp\u0113jas. Un, kad vi\u0146iem t\u0101da rodas, vi\u0146i to [&hellip;]<\/p>\n","protected":false},"author":2,"featured_media":0,"parent":0,"menu_order":0,"comment_status":"closed","ping_status":"closed","template":"","meta":{"footnotes":""},"class_list":["post-1543","page","type-page","status-publish","hentry"],"yoast_head":"<!-- This site is optimized with the Yoast SEO plugin v27.4 - https:\/\/yoast.com\/product\/yoast-seo-wordpress\/ -->\n<title>Treneriem - BaltixSport<\/title>\n<meta name=\"robots\" content=\"index, follow, max-snippet:-1, max-image-preview:large, max-video-preview:-1\" \/>\n<link rel=\"canonical\" href=\"https:\/\/baltixsport.com\/lv\/treneriem\/\" \/>\n<meta property=\"og:locale\" content=\"lv_LV\" \/>\n<meta property=\"og:type\" content=\"article\" \/>\n<meta property=\"og:title\" content=\"Treneriem - BaltixSport\" \/>\n<meta property=\"og:description\" content=\"Atblo\u0137\u0113jiet Baltijas valstis&#8230; Baltijas re\u0123ions: Bag\u0101ts ar sportiskiem talantiem, bet bie\u017ei viennetiek \u0146emts v\u0113r\u0101 person\u0101la atlases speci\u0101listu ac\u012bs \u201c\u0160\u012b re\u0123iona iedz\u012bvot\u0101ji vienk\u0101r\u0161i str\u0101d\u0101 &#8211; vi\u0146iem piem\u012bt neparasta darba \u0113tika\u201d Baltijas sportisti izaug ar discipl\u012bnu, iztur\u012bbu un dzi\u013cu alk\u0101m p\u0113c pan\u0101kumiem. Vi\u0146i nemekl\u0113 \u012bs\u0101kos ce\u013cus &#8211; vi\u0146i mekl\u0113 iesp\u0113jas. Un, kad vi\u0146iem t\u0101da rodas, vi\u0146i to [&hellip;]\" \/>\n<meta property=\"og:url\" content=\"https:\/\/baltixsport.com\/lv\/treneriem\/\" \/>\n<meta property=\"og:site_name\" content=\"BaltixSport\" \/>\n<meta property=\"article:modified_time\" content=\"2025-06-06T12:18:10+00:00\" \/>\n<meta property=\"og:image\" content=\"https:\/\/baltixsport.com\/wp-content\/plugins\/wpforms\/assets\/images\/submit-spin.svg\" \/>\n<meta name=\"twitter:card\" content=\"summary_large_image\" \/>\n<meta name=\"twitter:label1\" content=\"Est. reading time\" \/>\n\t<meta name=\"twitter:data1\" content=\"1 minute\" \/>\n<script type=\"application\/ld+json\" class=\"yoast-schema-graph\">{\"@context\":\"https:\\\/\\\/schema.org\",\"@graph\":[{\"@type\":\"WebPage\",\"@id\":\"https:\\\/\\\/baltixsport.com\\\/lv\\\/treneriem\\\/\",\"url\":\"https:\\\/\\\/baltixsport.com\\\/lv\\\/treneriem\\\/\",\"name\":\"Treneriem - BaltixSport\",\"isPartOf\":{\"@id\":\"https:\\\/\\\/baltixsport.com\\\/lv\\\/#website\"},\"primaryImageOfPage\":{\"@id\":\"https:\\\/\\\/baltixsport.com\\\/lv\\\/treneriem\\\/#primaryimage\"},\"image\":{\"@id\":\"https:\\\/\\\/baltixsport.com\\\/lv\\\/treneriem\\\/#primaryimage\"},\"thumbnailUrl\":\"https:\\\/\\\/baltixsport.com\\\/wp-content\\\/plugins\\\/wpforms\\\/assets\\\/images\\\/submit-spin.svg\",\"datePublished\":\"2025-05-13T09:50:04+00:00\",\"dateModified\":\"2025-06-06T12:18:10+00:00\",\"breadcrumb\":{\"@id\":\"https:\\\/\\\/baltixsport.com\\\/lv\\\/treneriem\\\/#breadcrumb\"},\"inLanguage\":\"lv-LV\",\"potentialAction\":[{\"@type\":\"ReadAction\",\"target\":[\"https:\\\/\\\/baltixsport.com\\\/lv\\\/treneriem\\\/\"]}]},{\"@type\":\"ImageObject\",\"inLanguage\":\"lv-LV\",\"@id\":\"https:\\\/\\\/baltixsport.com\\\/lv\\\/treneriem\\\/#primaryimage\",\"url\":\"https:\\\/\\\/baltixsport.com\\\/wp-content\\\/plugins\\\/wpforms\\\/assets\\\/images\\\/submit-spin.svg\",\"contentUrl\":\"https:\\\/\\\/baltixsport.com\\\/wp-content\\\/plugins\\\/wpforms\\\/assets\\\/images\\\/submit-spin.svg\"},{\"@type\":\"BreadcrumbList\",\"@id\":\"https:\\\/\\\/baltixsport.com\\\/lv\\\/treneriem\\\/#breadcrumb\",\"itemListElement\":[{\"@type\":\"ListItem\",\"position\":1,\"name\":\"S\u0101kums\",\"item\":\"https:\\\/\\\/baltixsport.com\\\/lv\\\/sakums\\\/\"},{\"@type\":\"ListItem\",\"position\":2,\"name\":\"Treneriem\"}]},{\"@type\":\"WebSite\",\"@id\":\"https:\\\/\\\/baltixsport.com\\\/lv\\\/#website\",\"url\":\"https:\\\/\\\/baltixsport.com\\\/lv\\\/\",\"name\":\"BaltixSport\",\"description\":\"Baltijas valstu sportistu savieno\u0161ana ar ASV sporta stipendij\u0101m\",\"publisher\":{\"@id\":\"https:\\\/\\\/baltixsport.com\\\/lv\\\/#organization\"},\"potentialAction\":[{\"@type\":\"SearchAction\",\"target\":{\"@type\":\"EntryPoint\",\"urlTemplate\":\"https:\\\/\\\/baltixsport.com\\\/lv\\\/?s={search_term_string}\"},\"query-input\":{\"@type\":\"PropertyValueSpecification\",\"valueRequired\":true,\"valueName\":\"search_term_string\"}}],\"inLanguage\":\"lv-LV\"},{\"@type\":\"Organization\",\"@id\":\"https:\\\/\\\/baltixsport.com\\\/lv\\\/#organization\",\"name\":\"BaltixSport\",\"url\":\"https:\\\/\\\/baltixsport.com\\\/lv\\\/\",\"logo\":{\"@type\":\"ImageObject\",\"inLanguage\":\"lv-LV\",\"@id\":\"https:\\\/\\\/baltixsport.com\\\/lv\\\/#\\\/schema\\\/logo\\\/image\\\/\",\"url\":\"https:\\\/\\\/baltixsport.com\\\/wp-content\\\/uploads\\\/2025\\\/03\\\/BXS-Logos-12-w.png\",\"contentUrl\":\"https:\\\/\\\/baltixsport.com\\\/wp-content\\\/uploads\\\/2025\\\/03\\\/BXS-Logos-12-w.png\",\"width\":3782,\"height\":835,\"caption\":\"BaltixSport\"},\"image\":{\"@id\":\"https:\\\/\\\/baltixsport.com\\\/lv\\\/#\\\/schema\\\/logo\\\/image\\\/\"}}]}<\/script>\n<!-- \/ Yoast SEO plugin. -->","yoast_head_json":{"title":"Treneriem - BaltixSport","robots":{"index":"index","follow":"follow","max-snippet":"max-snippet:-1","max-image-preview":"max-image-preview:large","max-video-preview":"max-video-preview:-1"},"canonical":"https:\/\/baltixsport.com\/lv\/treneriem\/","og_locale":"lv_LV","og_type":"article","og_title":"Treneriem - BaltixSport","og_description":"Atblo\u0137\u0113jiet Baltijas valstis&#8230; Baltijas re\u0123ions: Bag\u0101ts ar sportiskiem talantiem, bet bie\u017ei viennetiek \u0146emts v\u0113r\u0101 person\u0101la atlases speci\u0101listu ac\u012bs \u201c\u0160\u012b re\u0123iona iedz\u012bvot\u0101ji vienk\u0101r\u0161i str\u0101d\u0101 &#8211; vi\u0146iem piem\u012bt neparasta darba \u0113tika\u201d Baltijas sportisti izaug ar discipl\u012bnu, iztur\u012bbu un dzi\u013cu alk\u0101m p\u0113c pan\u0101kumiem. Vi\u0146i nemekl\u0113 \u012bs\u0101kos ce\u013cus &#8211; vi\u0146i mekl\u0113 iesp\u0113jas. Un, kad vi\u0146iem t\u0101da rodas, vi\u0146i to [&hellip;]","og_url":"https:\/\/baltixsport.com\/lv\/treneriem\/","og_site_name":"BaltixSport","article_modified_time":"2025-06-06T12:18:10+00:00","og_image":[{"url":"https:\/\/baltixsport.com\/wp-content\/plugins\/wpforms\/assets\/images\/submit-spin.svg","type":"","width":"","height":""}],"twitter_card":"summary_large_image","twitter_misc":{"Est. reading time":"1 minute"},"schema":{"@context":"https:\/\/schema.org","@graph":[{"@type":"WebPage","@id":"https:\/\/baltixsport.com\/lv\/treneriem\/","url":"https:\/\/baltixsport.com\/lv\/treneriem\/","name":"Treneriem - BaltixSport","isPartOf":{"@id":"https:\/\/baltixsport.com\/lv\/#website"},"primaryImageOfPage":{"@id":"https:\/\/baltixsport.com\/lv\/treneriem\/#primaryimage"},"image":{"@id":"https:\/\/baltixsport.com\/lv\/treneriem\/#primaryimage"},"thumbnailUrl":"https:\/\/baltixsport.com\/wp-content\/plugins\/wpforms\/assets\/images\/submit-spin.svg","datePublished":"2025-05-13T09:50:04+00:00","dateModified":"2025-06-06T12:18:10+00:00","breadcrumb":{"@id":"https:\/\/baltixsport.com\/lv\/treneriem\/#breadcrumb"},"inLanguage":"lv-LV","potentialAction":[{"@type":"ReadAction","target":["https:\/\/baltixsport.com\/lv\/treneriem\/"]}]},{"@type":"ImageObject","inLanguage":"lv-LV","@id":"https:\/\/baltixsport.com\/lv\/treneriem\/#primaryimage","url":"https:\/\/baltixsport.com\/wp-content\/plugins\/wpforms\/assets\/images\/submit-spin.svg","contentUrl":"https:\/\/baltixsport.com\/wp-content\/plugins\/wpforms\/assets\/images\/submit-spin.svg"},{"@type":"BreadcrumbList","@id":"https:\/\/baltixsport.com\/lv\/treneriem\/#breadcrumb","itemListElement":[{"@type":"ListItem","position":1,"name":"S\u0101kums","item":"https:\/\/baltixsport.com\/lv\/sakums\/"},{"@type":"ListItem","position":2,"name":"Treneriem"}]},{"@type":"WebSite","@id":"https:\/\/baltixsport.com\/lv\/#website","url":"https:\/\/baltixsport.com\/lv\/","name":"BaltixSport","description":"Baltijas valstu sportistu savieno\u0161ana ar ASV sporta stipendij\u0101m","publisher":{"@id":"https:\/\/baltixsport.com\/lv\/#organization"},"potentialAction":[{"@type":"SearchAction","target":{"@type":"EntryPoint","urlTemplate":"https:\/\/baltixsport.com\/lv\/?s={search_term_string}"},"query-input":{"@type":"PropertyValueSpecification","valueRequired":true,"valueName":"search_term_string"}}],"inLanguage":"lv-LV"},{"@type":"Organization","@id":"https:\/\/baltixsport.com\/lv\/#organization","name":"BaltixSport","url":"https:\/\/baltixsport.com\/lv\/","logo":{"@type":"ImageObject","inLanguage":"lv-LV","@id":"https:\/\/baltixsport.com\/lv\/#\/schema\/logo\/image\/","url":"https:\/\/baltixsport.com\/wp-content\/uploads\/2025\/03\/BXS-Logos-12-w.png","contentUrl":"https:\/\/baltixsport.com\/wp-content\/uploads\/2025\/03\/BXS-Logos-12-w.png","width":3782,"height":835,"caption":"BaltixSport"},"image":{"@id":"https:\/\/baltixsport.com\/lv\/#\/schema\/logo\/image\/"}}]}},"_links":{"self":[{"href":"https:\/\/baltixsport.com\/lv\/wp-json\/wp\/v2\/pages\/1543","targetHints":{"allow":["GET"]}}],"collection":[{"href":"https:\/\/baltixsport.com\/lv\/wp-json\/wp\/v2\/pages"}],"about":[{"href":"https:\/\/baltixsport.com\/lv\/wp-json\/wp\/v2\/types\/page"}],"author":[{"embeddable":true,"href":"https:\/\/baltixsport.com\/lv\/wp-json\/wp\/v2\/users\/2"}],"replies":[{"embeddable":true,"href":"https:\/\/baltixsport.com\/lv\/wp-json\/wp\/v2\/comments?post=1543"}],"version-history":[{"count":5,"href":"https:\/\/baltixsport.com\/lv\/wp-json\/wp\/v2\/pages\/1543\/revisions"}],"predecessor-version":[{"id":1756,"href":"https:\/\/baltixsport.com\/lv\/wp-json\/wp\/v2\/pages\/1543\/revisions\/1756"}],"wp:attachment":[{"href":"https:\/\/baltixsport.com\/lv\/wp-json\/wp\/v2\/media?parent=1543"}],"curies":[{"name":"wp","href":"https:\/\/api.w.org\/{rel}","templated":true}]}}