{"id":1586,"date":"2025-05-23T09:32:15","date_gmt":"2025-05-23T09:32:15","guid":{"rendered":"https:\/\/baltixsport.com\/konfidencialitates-politika\/"},"modified":"2025-06-04T10:52:05","modified_gmt":"2025-06-04T10:52:05","slug":"konfidencialitates-politika","status":"publish","type":"page","link":"https:\/\/baltixsport.com\/lv\/konfidencialitates-politika\/","title":{"rendered":"Konfidencialit\u0101tes politika"},"content":{"rendered":"\t\t<div data-elementor-type=\"wp-page\" data-elementor-id=\"1586\" class=\"elementor elementor-1586 elementor-783\" data-elementor-post-type=\"page\">\n\t\t\t\t<div class=\"elementor-element elementor-element-cff9fc1 e-flex e-con-boxed e-con e-parent\" data-id=\"cff9fc1\" data-element_type=\"container\" data-e-type=\"container\">\n\t\t\t\t\t<div class=\"e-con-inner\">\n\t\t<div class=\"elementor-element elementor-element-f958590 e-flex e-con-boxed e-con e-child\" data-id=\"f958590\" data-element_type=\"container\" data-e-type=\"container\" data-settings=\"{&quot;background_background&quot;:&quot;classic&quot;}\">\n\t\t\t\t\t<div class=\"e-con-inner\">\n\t\t\t\t<div class=\"elementor-element elementor-element-0f492dc elementor-widget elementor-widget-heading\" data-id=\"0f492dc\" data-element_type=\"widget\" data-e-type=\"widget\" data-widget_type=\"heading.default\">\n\t\t\t\t<div class=\"elementor-widget-container\">\n\t\t\t\t\t<h2 class=\"elementor-heading-title elementor-size-default\">Konfidencialit\u0101tes politika<\/h2>\t\t\t\t<\/div>\n\t\t\t\t<\/div>\n\t\t\t\t\t<\/div>\n\t\t\t\t<\/div>\n\t\t<div class=\"elementor-element elementor-element-5a913d3 e-con-full e-flex e-con e-child\" data-id=\"5a913d3\" data-element_type=\"container\" data-e-type=\"container\">\n\t\t\t\t<div class=\"elementor-element elementor-element-95c7c53 elementor-widget elementor-widget-text-editor\" data-id=\"95c7c53\" data-element_type=\"widget\" data-e-type=\"widget\" data-widget_type=\"text-editor.default\">\n\t\t\t\t<div class=\"elementor-widget-container\">\n\t\t\t\t\t\t\t\t\t<p>P\u0113d\u0113jo reizi atjaunin\u0101ts: Maijs 23, 2025<\/p>\t\t\t\t\t\t\t\t<\/div>\n\t\t\t\t<\/div>\n\t\t\t\t<div class=\"elementor-element elementor-element-3661d1e elementor-widget elementor-widget-text-editor\" data-id=\"3661d1e\" data-element_type=\"widget\" data-e-type=\"widget\" data-widget_type=\"text-editor.default\">\n\t\t\t\t<div class=\"elementor-widget-container\">\n\t\t\t\t\t\t\t\t\t<p>\u0160aj\u0101 konfidencialit\u0101tes politik\u0101 ir aprakst\u012btas M\u016bsu politikas un proced\u016bras attiec\u012bb\u0101 uz J\u016bsu inform\u0101cijas v\u0101k\u0161anu, izmanto\u0161anu un izpau\u0161anu, kad J\u016bs izmantojat Pakalpojumu, un taj\u0101 J\u016bs varat uzzin\u0101t par sav\u0101m priv\u0101tuma ties\u012bb\u0101m un to, k\u0101 J\u016bs aizsarg\u0101 likums.<\/p><p>M\u0113s izmantojam J\u016bsu Personas datus, lai nodro\u0161in\u0101tu un uzlabotu Pakalpojumu. Izmantojot Pakalpojumu, J\u016bs piekr\u012btat inform\u0101cijas v\u0101k\u0161anai un izmanto\u0161anai saska\u0146\u0101 ar \u0161o konfidencialit\u0101tes politiku. <\/p>\t\t\t\t\t\t\t\t<\/div>\n\t\t\t\t<\/div>\n\t\t\t\t<div class=\"elementor-element elementor-element-2ed62f0 elementor-widget elementor-widget-heading\" data-id=\"2ed62f0\" data-element_type=\"widget\" data-e-type=\"widget\" data-widget_type=\"heading.default\">\n\t\t\t\t<div class=\"elementor-widget-container\">\n\t\t\t\t\t<h2 class=\"elementor-heading-title elementor-size-default\">Interpret\u0101cija un defin\u012bcijas<\/h2>\t\t\t\t<\/div>\n\t\t\t\t<\/div>\n\t\t\t\t<div class=\"elementor-element elementor-element-ff6b847 elementor-widget elementor-widget-text-editor\" data-id=\"ff6b847\" data-element_type=\"widget\" data-e-type=\"widget\" data-widget_type=\"text-editor.default\">\n\t\t\t\t<div class=\"elementor-widget-container\">\n\t\t\t\t\t\t\t\t\t<p>Interpret\u0101cija:<\/p>\t\t\t\t\t\t\t\t<\/div>\n\t\t\t\t<\/div>\n\t\t\t\t<div class=\"elementor-element elementor-element-3cb3fac elementor-widget elementor-widget-text-editor\" data-id=\"3cb3fac\" data-element_type=\"widget\" data-e-type=\"widget\" data-widget_type=\"text-editor.default\">\n\t\t\t\t<div class=\"elementor-widget-container\">\n\t\t\t\t\t\t\t\t\t<p>Ar lielaj\u0101m burtn\u012bc\u0101m rakst\u012bto terminu noz\u012bmes ir defin\u0113tas turpm\u0101k.<\/p>\t\t\t\t\t\t\t\t<\/div>\n\t\t\t\t<\/div>\n\t\t\t\t<div class=\"elementor-element elementor-element-9dc25ea elementor-widget elementor-widget-text-editor\" data-id=\"9dc25ea\" data-element_type=\"widget\" data-e-type=\"widget\" data-widget_type=\"text-editor.default\">\n\t\t\t\t<div class=\"elementor-widget-container\">\n\t\t\t\t\t\t\t\t\t<p>Defin\u012bcijas:<\/p>\t\t\t\t\t\t\t\t<\/div>\n\t\t\t\t<\/div>\n\t\t\t\t<div class=\"elementor-element elementor-element-1ea7967 elementor-widget elementor-widget-text-editor\" data-id=\"1ea7967\" data-element_type=\"widget\" data-e-type=\"widget\" data-widget_type=\"text-editor.default\">\n\t\t\t\t<div class=\"elementor-widget-container\">\n\t\t\t\t\t\t\t\t\t<ul><li aria-level=\"1\">Uz\u0146\u0113mums (\u201cM\u0113s\u201d, \u201cM\u0113s\u201d vai \u201cM\u016bsu\u201d): BaltixSport, Kap\u0173 g. 50 Vilkavi\u0161kis, 70121 Vilkavi\u0161kio r. sav., Lietuva.<\/li><li aria-level=\"1\">Valsts: Lietuva<\/li><li aria-level=\"1\">Ier\u012bce: Jebkura ier\u012bce, kas var piek\u013c\u016bt Pakalpojumam.<\/li><li aria-level=\"1\">Personas dati: Jebkura inform\u0101cija, kas attiecas uz identific\u0113tu vai identific\u0113jamu personu.<\/li><li aria-level=\"1\">Pakalpojums: T\u012bmek\u013ca vietne (www.baltixsport.com).<\/li><li aria-level=\"1\">Pakalpojumu sniedz\u0113js: Jebkura tre\u0161\u0101 persona, kas apstr\u0101d\u0101 datus Sabiedr\u012bbas v\u0101rd\u0101.<\/li><li aria-level=\"1\">Lieto\u0161anas dati: Dati, kas tiek autom\u0101tiski apkopoti pakalpojuma lieto\u0161anas laik\u0101.<\/li><li aria-level=\"1\">J\u016bs: Persona, kas izmanto Pakalpojumu, vai t\u0101s likum\u012bgais p\u0101rst\u0101vis.<\/li><\/ul>\t\t\t\t\t\t\t\t<\/div>\n\t\t\t\t<\/div>\n\t\t\t\t<\/div>\n\t\t\t\t<div class=\"elementor-element elementor-element-9a331ab elementor-widget elementor-widget-heading\" data-id=\"9a331ab\" data-element_type=\"widget\" data-e-type=\"widget\" data-widget_type=\"heading.default\">\n\t\t\t\t<div class=\"elementor-widget-container\">\n\t\t\t\t\t<h2 class=\"elementor-heading-title elementor-size-default\">Sav\u0101kto datu veidi<\/h2>\t\t\t\t<\/div>\n\t\t\t\t<\/div>\n\t\t\t\t<div class=\"elementor-element elementor-element-05c9c28 elementor-widget elementor-widget-text-editor\" data-id=\"05c9c28\" data-element_type=\"widget\" data-e-type=\"widget\" data-widget_type=\"text-editor.default\">\n\t\t\t\t<div class=\"elementor-widget-container\">\n\t\t\t\t\t\t\t\t\t<p>Personas dati, kurus m\u0113s varam v\u0101kt:<\/p>\t\t\t\t\t\t\t\t<\/div>\n\t\t\t\t<\/div>\n\t\t\t\t<div class=\"elementor-element elementor-element-990546e elementor-widget elementor-widget-text-editor\" data-id=\"990546e\" data-element_type=\"widget\" data-e-type=\"widget\" data-widget_type=\"text-editor.default\">\n\t\t\t\t<div class=\"elementor-widget-container\">\n\t\t\t\t\t\t\t\t\t<ul><li aria-level=\"1\">Nosaukums<\/li><li aria-level=\"1\">E-pasts<\/li><li aria-level=\"1\">T\u0101lru\u0146a numurs<\/li><li aria-level=\"1\">Adrese<\/li><li aria-level=\"1\">Video vai multivides saturs, kas iesniegts, izmantojot veidlapas<\/li><\/ul>\t\t\t\t\t\t\t\t<\/div>\n\t\t\t\t<\/div>\n\t\t\t\t<div class=\"elementor-element elementor-element-b1046d3 elementor-widget elementor-widget-text-editor\" data-id=\"b1046d3\" data-element_type=\"widget\" data-e-type=\"widget\" data-widget_type=\"text-editor.default\">\n\t\t\t\t<div class=\"elementor-widget-container\">\n\t\t\t\t\t\t\t\t\t<p>M\u0113s ne\u013caujam izveidot kontu. Visi sav\u0101ktie dati ir paredz\u0113ti sazi\u0146ai vai pakalpojumu snieg\u0161anai. <\/p><p><strong>Lieto\u0161anas dati &#8211;<\/strong> ietver p\u0101rl\u016bkprogrammas veidu, apmekl\u0113t\u0101s lapas, IP adresi un laika z\u012bmogus.<\/p><p><strong>Izseko\u0161anas tehnolo\u0123ijas un s\u012bkfaili &#8211;<\/strong> m\u0113s izmantojam s\u012bkfailus un l\u012bdz\u012bgas tehnolo\u0123ijas funkcionalit\u0101tes, anal\u012btikas un lietot\u0101ja pieredzes uzlabo\u0161anai. J\u016bs varat atteikties no s\u012bkdatn\u0113m, izmantojot p\u0101rl\u016bkprogrammas iestat\u012bjumus. <\/p>\t\t\t\t\t\t\t\t<\/div>\n\t\t\t\t<\/div>\n\t\t\t\t<div class=\"elementor-element elementor-element-03d4e12 elementor-widget elementor-widget-text-editor\" data-id=\"03d4e12\" data-element_type=\"widget\" data-e-type=\"widget\" data-widget_type=\"text-editor.default\">\n\t\t\t\t<div class=\"elementor-widget-container\">\n\t\t\t\t\t\t\t\t\t<p>Personas datu izmanto\u0161ana:<\/p>\t\t\t\t\t\t\t\t<\/div>\n\t\t\t\t<\/div>\n\t\t\t\t<div class=\"elementor-element elementor-element-60f5eca elementor-widget elementor-widget-text-editor\" data-id=\"60f5eca\" data-element_type=\"widget\" data-e-type=\"widget\" data-widget_type=\"text-editor.default\">\n\t\t\t\t<div class=\"elementor-widget-container\">\n\t\t\t\t\t\t\t\t\t<p>M\u0113s izmantojam Personas datus, lai<\/p><ul><li aria-level=\"1\">Sniegt un uzlabot pakalpojumu<\/li><li aria-level=\"1\">Sazi\u0146a ar jums<\/li><li aria-level=\"1\">Apstr\u0101d\u0101t maks\u0101jumus<\/li><li aria-level=\"1\">nov\u0113rt\u0113t iesniegto saturu (piem\u0113ram, videoklipus).<\/li><li aria-level=\"1\">Izpild\u012bt juridisk\u0101s saist\u012bbas<\/li><\/ul>\t\t\t\t\t\t\t\t<\/div>\n\t\t\t\t<\/div>\n\t\t\t\t<div class=\"elementor-element elementor-element-147d6d6 elementor-widget elementor-widget-text-editor\" data-id=\"147d6d6\" data-element_type=\"widget\" data-e-type=\"widget\" data-widget_type=\"text-editor.default\">\n\t\t\t\t<div class=\"elementor-widget-container\">\n\t\t\t\t\t\t\t\t\t<p>M\u0113s nepied\u0101v\u0101jam abon\u0113\u0161anas pl\u0101nus vai periodiskus pakalpojumus.<\/p><p><strong>B\u0113rnu priv\u0101tums &#8211;<\/strong> m\u016bsu Pakalpojums ir paredz\u0113ts lietot\u0101jiem vecum\u0101 no 15 gadiem. Lietot\u0101jiem, kas jaun\u0101ki par 18 gadiem, ir nepiecie\u0161ama vec\u0101ku vai aizbild\u0146u piekri\u0161ana. M\u0113s apzin\u0101ti nev\u0101cam datus no b\u0113rniem, kas jaun\u0101ki par 13 gadiem. Ja uzskat\u0101t, ka j\u016bsu b\u0113rns ir sniedzis mums datus bez piekri\u0161anas, sazinieties ar mums.   <\/p><p><strong>Datu glab\u0101\u0161ana &#8211;<\/strong> Personas dati un iesniegtais saturs (piem\u0113ram, videoklipi) tiek glab\u0101ti ne ilg\u0101k k\u0101 12 m\u0113ne\u0161us, ja vien likums neparedz cit\u0101di vai J\u016bs to nepiepras\u0101t.<\/p><p><strong>Datu p\u0101rs\u016bt\u012b\u0161ana &#8211;<\/strong> J\u016bsu inform\u0101cija var tikt apstr\u0101d\u0101ta \u0101rpus J\u016bsu valsts. Ja dati tiek p\u0101rs\u016bt\u012bti starptautiski (piem\u0113ram, starp ES un ASV), M\u0113s nodro\u0161in\u0101m, ka tiek piem\u0113roti atbilsto\u0161i dro\u0161\u012bbas pas\u0101kumi saska\u0146\u0101 ar GDPR. <\/p>\t\t\t\t\t\t\t\t<\/div>\n\t\t\t\t<\/div>\n\t\t\t\t<div class=\"elementor-element elementor-element-15b0402 elementor-widget elementor-widget-heading\" data-id=\"15b0402\" data-element_type=\"widget\" data-e-type=\"widget\" data-widget_type=\"heading.default\">\n\t\t\t\t<div class=\"elementor-widget-container\">\n\t\t\t\t\t<h2 class=\"elementor-heading-title elementor-size-default\">J\u016bsu ties\u012bbas<\/h2>\t\t\t\t<\/div>\n\t\t\t\t<\/div>\n\t\t\t\t<div class=\"elementor-element elementor-element-f467729 elementor-widget elementor-widget-text-editor\" data-id=\"f467729\" data-element_type=\"widget\" data-e-type=\"widget\" data-widget_type=\"text-editor.default\">\n\t\t\t\t<div class=\"elementor-widget-container\">\n\t\t\t\t\t\t\t\t\t<p>Ja esat ES iedz\u012bvot\u0101js, jums ir ties\u012bbas:<\/p>\t\t\t\t\t\t\t\t<\/div>\n\t\t\t\t<\/div>\n\t\t\t\t<div class=\"elementor-element elementor-element-c6f2d52 elementor-widget elementor-widget-text-editor\" data-id=\"c6f2d52\" data-element_type=\"widget\" data-e-type=\"widget\" data-widget_type=\"text-editor.default\">\n\t\t\t\t<div class=\"elementor-widget-container\">\n\t\t\t\t\t\t\t\t\t<ul><li aria-level=\"1\">Piek\u013cuve<\/li><li aria-level=\"1\">Labot<\/li><li aria-level=\"1\">Dz\u0113st<\/li><li aria-level=\"1\">Ierobe\u017eot apstr\u0101di<\/li><li aria-level=\"1\">Datu p\u0101rnesam\u012bba<\/li><li aria-level=\"1\">Iebildumi pret apstr\u0101di<\/li><\/ul>\t\t\t\t\t\t\t\t<\/div>\n\t\t\t\t<\/div>\n\t\t\t\t<div class=\"elementor-element elementor-element-4fcb561 elementor-widget elementor-widget-text-editor\" data-id=\"4fcb561\" data-element_type=\"widget\" data-e-type=\"widget\" data-widget_type=\"text-editor.default\">\n\t\t\t\t<div class=\"elementor-widget-container\">\n\t\t\t\t\t\t\t\t\t<p>Sazinieties ar mums, lai izmantotu savas ties\u012bbas.<\/p><p><strong>Dro\u0161\u012bba &#8211;<\/strong> M\u0113s cen\u0161amies aizsarg\u0101t j\u016bsu Personas datus, ta\u010du nevaram garant\u0113t piln\u012bgu dro\u0161\u012bbu.<\/p><p><strong>Saites uz cit\u0101m vietn\u0113m &#8211;<\/strong> M\u0113s neesam atbild\u012bgi par tre\u0161o pu\u0161u viet\u0146u saturu vai konfidencialit\u0101tes praksi, kas saist\u012bta ar m\u016bsu vietni.<\/p><p><strong>Izmai\u0146as \u0161aj\u0101 konfidencialit\u0101tes politik\u0101 &#8211;<\/strong> m\u0113s varam atjaunin\u0101t \u0161o konfidencialit\u0101tes politiku. Izmai\u0146as st\u0101jas sp\u0113k\u0101 to public\u0113\u0161anas br\u012bd\u012b. M\u0113s inform\u0113sim lietot\u0101jus, izmantojot e-pastu vai pazi\u0146ojumu m\u016bsu t\u012bmek\u013ca vietn\u0113.  <\/p>\t\t\t\t\t\t\t\t<\/div>\n\t\t\t\t<\/div>\n\t\t\t\t<div class=\"elementor-element elementor-element-9e3dff9 elementor-widget elementor-widget-text-editor\" data-id=\"9e3dff9\" data-element_type=\"widget\" data-e-type=\"widget\" data-widget_type=\"text-editor.default\">\n\t\t\t\t<div class=\"elementor-widget-container\">\n\t\t\t\t\t\t\t\t\t<p>Sazinieties ar mums:<\/p>\t\t\t\t\t\t\t\t<\/div>\n\t\t\t\t<\/div>\n\t\t\t\t<div class=\"elementor-element elementor-element-6c64e12 elementor-widget elementor-widget-text-editor\" data-id=\"6c64e12\" data-element_type=\"widget\" data-e-type=\"widget\" data-widget_type=\"text-editor.default\">\n\t\t\t\t<div class=\"elementor-widget-container\">\n\t\t\t\t\t\t\t\t\t<p>becca@baltixsport.com<\/p>\t\t\t\t\t\t\t\t<\/div>\n\t\t\t\t<\/div>\n\t\t\t\t\t<\/div>\n\t\t\t\t<\/div>\n\t\t\t\t<\/div>\n\t\t","protected":false},"excerpt":{"rendered":"<p>Konfidencialit\u0101tes politika P\u0113d\u0113jo reizi atjaunin\u0101ts: Maijs 23, 2025 \u0160aj\u0101 konfidencialit\u0101tes politik\u0101 ir aprakst\u012btas M\u016bsu politikas un proced\u016bras attiec\u012bb\u0101 uz J\u016bsu inform\u0101cijas v\u0101k\u0161anu, izmanto\u0161anu un izpau\u0161anu, kad J\u016bs izmantojat Pakalpojumu, un taj\u0101 J\u016bs varat uzzin\u0101t par sav\u0101m priv\u0101tuma ties\u012bb\u0101m un to, k\u0101 J\u016bs aizsarg\u0101 likums. M\u0113s izmantojam J\u016bsu Personas datus, lai nodro\u0161in\u0101tu un uzlabotu Pakalpojumu. Izmantojot [&hellip;]<\/p>\n","protected":false},"author":2,"featured_media":0,"parent":0,"menu_order":0,"comment_status":"closed","ping_status":"closed","template":"elementor_header_footer","meta":{"footnotes":""},"class_list":["post-1586","page","type-page","status-publish","hentry"],"yoast_head":"<!-- This site is optimized with the Yoast SEO plugin v27.4 - https:\/\/yoast.com\/product\/yoast-seo-wordpress\/ -->\n<title>Konfidencialit\u0101tes politika - BaltixSport<\/title>\n<meta name=\"robots\" content=\"index, follow, max-snippet:-1, max-image-preview:large, max-video-preview:-1\" \/>\n<link rel=\"canonical\" href=\"https:\/\/baltixsport.com\/lv\/konfidencialitates-politika\/\" \/>\n<meta property=\"og:locale\" content=\"lv_LV\" \/>\n<meta property=\"og:type\" content=\"article\" \/>\n<meta property=\"og:title\" content=\"Konfidencialit\u0101tes politika - BaltixSport\" \/>\n<meta property=\"og:description\" content=\"Konfidencialit\u0101tes politika P\u0113d\u0113jo reizi atjaunin\u0101ts: Maijs 23, 2025 \u0160aj\u0101 konfidencialit\u0101tes politik\u0101 ir aprakst\u012btas M\u016bsu politikas un proced\u016bras attiec\u012bb\u0101 uz J\u016bsu inform\u0101cijas v\u0101k\u0161anu, izmanto\u0161anu un izpau\u0161anu, kad J\u016bs izmantojat Pakalpojumu, un taj\u0101 J\u016bs varat uzzin\u0101t par sav\u0101m priv\u0101tuma ties\u012bb\u0101m un to, k\u0101 J\u016bs aizsarg\u0101 likums. M\u0113s izmantojam J\u016bsu Personas datus, lai nodro\u0161in\u0101tu un uzlabotu Pakalpojumu. Izmantojot [&hellip;]\" \/>\n<meta property=\"og:url\" content=\"https:\/\/baltixsport.com\/lv\/konfidencialitates-politika\/\" \/>\n<meta property=\"og:site_name\" content=\"BaltixSport\" \/>\n<meta property=\"article:modified_time\" content=\"2025-06-04T10:52:05+00:00\" \/>\n<meta name=\"twitter:card\" content=\"summary_large_image\" \/>\n<meta name=\"twitter:label1\" content=\"Est. reading time\" \/>\n\t<meta name=\"twitter:data1\" content=\"3 minutes\" \/>\n<script type=\"application\/ld+json\" class=\"yoast-schema-graph\">{\"@context\":\"https:\\\/\\\/schema.org\",\"@graph\":[{\"@type\":\"WebPage\",\"@id\":\"https:\\\/\\\/baltixsport.com\\\/lv\\\/konfidencialitates-politika\\\/\",\"url\":\"https:\\\/\\\/baltixsport.com\\\/lv\\\/konfidencialitates-politika\\\/\",\"name\":\"Konfidencialit\u0101tes politika - BaltixSport\",\"isPartOf\":{\"@id\":\"https:\\\/\\\/baltixsport.com\\\/lv\\\/#website\"},\"datePublished\":\"2025-05-23T09:32:15+00:00\",\"dateModified\":\"2025-06-04T10:52:05+00:00\",\"breadcrumb\":{\"@id\":\"https:\\\/\\\/baltixsport.com\\\/lv\\\/konfidencialitates-politika\\\/#breadcrumb\"},\"inLanguage\":\"lv-LV\",\"potentialAction\":[{\"@type\":\"ReadAction\",\"target\":[\"https:\\\/\\\/baltixsport.com\\\/lv\\\/konfidencialitates-politika\\\/\"]}]},{\"@type\":\"BreadcrumbList\",\"@id\":\"https:\\\/\\\/baltixsport.com\\\/lv\\\/konfidencialitates-politika\\\/#breadcrumb\",\"itemListElement\":[{\"@type\":\"ListItem\",\"position\":1,\"name\":\"S\u0101kums\",\"item\":\"https:\\\/\\\/baltixsport.com\\\/lv\\\/sakums\\\/\"},{\"@type\":\"ListItem\",\"position\":2,\"name\":\"Konfidencialit\u0101tes politika\"}]},{\"@type\":\"WebSite\",\"@id\":\"https:\\\/\\\/baltixsport.com\\\/lv\\\/#website\",\"url\":\"https:\\\/\\\/baltixsport.com\\\/lv\\\/\",\"name\":\"BaltixSport\",\"description\":\"Baltijas valstu sportistu savieno\u0161ana ar ASV sporta stipendij\u0101m\",\"publisher\":{\"@id\":\"https:\\\/\\\/baltixsport.com\\\/lv\\\/#organization\"},\"potentialAction\":[{\"@type\":\"SearchAction\",\"target\":{\"@type\":\"EntryPoint\",\"urlTemplate\":\"https:\\\/\\\/baltixsport.com\\\/lv\\\/?s={search_term_string}\"},\"query-input\":{\"@type\":\"PropertyValueSpecification\",\"valueRequired\":true,\"valueName\":\"search_term_string\"}}],\"inLanguage\":\"lv-LV\"},{\"@type\":\"Organization\",\"@id\":\"https:\\\/\\\/baltixsport.com\\\/lv\\\/#organization\",\"name\":\"BaltixSport\",\"url\":\"https:\\\/\\\/baltixsport.com\\\/lv\\\/\",\"logo\":{\"@type\":\"ImageObject\",\"inLanguage\":\"lv-LV\",\"@id\":\"https:\\\/\\\/baltixsport.com\\\/lv\\\/#\\\/schema\\\/logo\\\/image\\\/\",\"url\":\"https:\\\/\\\/baltixsport.com\\\/wp-content\\\/uploads\\\/2025\\\/03\\\/BXS-Logos-12-w.png\",\"contentUrl\":\"https:\\\/\\\/baltixsport.com\\\/wp-content\\\/uploads\\\/2025\\\/03\\\/BXS-Logos-12-w.png\",\"width\":3782,\"height\":835,\"caption\":\"BaltixSport\"},\"image\":{\"@id\":\"https:\\\/\\\/baltixsport.com\\\/lv\\\/#\\\/schema\\\/logo\\\/image\\\/\"}}]}<\/script>\n<!-- \/ Yoast SEO plugin. -->","yoast_head_json":{"title":"Konfidencialit\u0101tes politika - BaltixSport","robots":{"index":"index","follow":"follow","max-snippet":"max-snippet:-1","max-image-preview":"max-image-preview:large","max-video-preview":"max-video-preview:-1"},"canonical":"https:\/\/baltixsport.com\/lv\/konfidencialitates-politika\/","og_locale":"lv_LV","og_type":"article","og_title":"Konfidencialit\u0101tes politika - BaltixSport","og_description":"Konfidencialit\u0101tes politika P\u0113d\u0113jo reizi atjaunin\u0101ts: Maijs 23, 2025 \u0160aj\u0101 konfidencialit\u0101tes politik\u0101 ir aprakst\u012btas M\u016bsu politikas un proced\u016bras attiec\u012bb\u0101 uz J\u016bsu inform\u0101cijas v\u0101k\u0161anu, izmanto\u0161anu un izpau\u0161anu, kad J\u016bs izmantojat Pakalpojumu, un taj\u0101 J\u016bs varat uzzin\u0101t par sav\u0101m priv\u0101tuma ties\u012bb\u0101m un to, k\u0101 J\u016bs aizsarg\u0101 likums. M\u0113s izmantojam J\u016bsu Personas datus, lai nodro\u0161in\u0101tu un uzlabotu Pakalpojumu. Izmantojot [&hellip;]","og_url":"https:\/\/baltixsport.com\/lv\/konfidencialitates-politika\/","og_site_name":"BaltixSport","article_modified_time":"2025-06-04T10:52:05+00:00","twitter_card":"summary_large_image","twitter_misc":{"Est. reading time":"3 minutes"},"schema":{"@context":"https:\/\/schema.org","@graph":[{"@type":"WebPage","@id":"https:\/\/baltixsport.com\/lv\/konfidencialitates-politika\/","url":"https:\/\/baltixsport.com\/lv\/konfidencialitates-politika\/","name":"Konfidencialit\u0101tes politika - BaltixSport","isPartOf":{"@id":"https:\/\/baltixsport.com\/lv\/#website"},"datePublished":"2025-05-23T09:32:15+00:00","dateModified":"2025-06-04T10:52:05+00:00","breadcrumb":{"@id":"https:\/\/baltixsport.com\/lv\/konfidencialitates-politika\/#breadcrumb"},"inLanguage":"lv-LV","potentialAction":[{"@type":"ReadAction","target":["https:\/\/baltixsport.com\/lv\/konfidencialitates-politika\/"]}]},{"@type":"BreadcrumbList","@id":"https:\/\/baltixsport.com\/lv\/konfidencialitates-politika\/#breadcrumb","itemListElement":[{"@type":"ListItem","position":1,"name":"S\u0101kums","item":"https:\/\/baltixsport.com\/lv\/sakums\/"},{"@type":"ListItem","position":2,"name":"Konfidencialit\u0101tes politika"}]},{"@type":"WebSite","@id":"https:\/\/baltixsport.com\/lv\/#website","url":"https:\/\/baltixsport.com\/lv\/","name":"BaltixSport","description":"Baltijas valstu sportistu savieno\u0161ana ar ASV sporta stipendij\u0101m","publisher":{"@id":"https:\/\/baltixsport.com\/lv\/#organization"},"potentialAction":[{"@type":"SearchAction","target":{"@type":"EntryPoint","urlTemplate":"https:\/\/baltixsport.com\/lv\/?s={search_term_string}"},"query-input":{"@type":"PropertyValueSpecification","valueRequired":true,"valueName":"search_term_string"}}],"inLanguage":"lv-LV"},{"@type":"Organization","@id":"https:\/\/baltixsport.com\/lv\/#organization","name":"BaltixSport","url":"https:\/\/baltixsport.com\/lv\/","logo":{"@type":"ImageObject","inLanguage":"lv-LV","@id":"https:\/\/baltixsport.com\/lv\/#\/schema\/logo\/image\/","url":"https:\/\/baltixsport.com\/wp-content\/uploads\/2025\/03\/BXS-Logos-12-w.png","contentUrl":"https:\/\/baltixsport.com\/wp-content\/uploads\/2025\/03\/BXS-Logos-12-w.png","width":3782,"height":835,"caption":"BaltixSport"},"image":{"@id":"https:\/\/baltixsport.com\/lv\/#\/schema\/logo\/image\/"}}]}},"_links":{"self":[{"href":"https:\/\/baltixsport.com\/lv\/wp-json\/wp\/v2\/pages\/1586","targetHints":{"allow":["GET"]}}],"collection":[{"href":"https:\/\/baltixsport.com\/lv\/wp-json\/wp\/v2\/pages"}],"about":[{"href":"https:\/\/baltixsport.com\/lv\/wp-json\/wp\/v2\/types\/page"}],"author":[{"embeddable":true,"href":"https:\/\/baltixsport.com\/lv\/wp-json\/wp\/v2\/users\/2"}],"replies":[{"embeddable":true,"href":"https:\/\/baltixsport.com\/lv\/wp-json\/wp\/v2\/comments?post=1586"}],"version-history":[{"count":1,"href":"https:\/\/baltixsport.com\/lv\/wp-json\/wp\/v2\/pages\/1586\/revisions"}],"predecessor-version":[{"id":1588,"href":"https:\/\/baltixsport.com\/lv\/wp-json\/wp\/v2\/pages\/1586\/revisions\/1588"}],"wp:attachment":[{"href":"https:\/\/baltixsport.com\/lv\/wp-json\/wp\/v2\/media?parent=1586"}],"curies":[{"name":"wp","href":"https:\/\/api.w.org\/{rel}","templated":true}]}}